{"id":1660,"date":"2015-11-28T00:03:47","date_gmt":"2015-11-27T23:03:47","guid":{"rendered":"http:\/\/www.trading-ideen.de\/wordpress\/?page_id=1660"},"modified":"2018-12-14T23:01:15","modified_gmt":"2018-12-14T22:01:15","slug":"volumen-preis-signale","status":"publish","type":"page","link":"https:\/\/www.trading-ideen.de\/wordpress\/volumen-preis-signale\/","title":{"rendered":"Volumen-Preis-Signale f\u00fcr Indizes"},"content":{"rendered":"<h3>Candlesticks mit Volumen kombiniert<\/h3>\n<p>Hier finden Sie exklusive Charts, die eine Verkn\u00fcpfung der Candlestick-Analyse mit dem Handelsvolumen bieten. Daraus entstehen Volumen-Preis-Signale. Unter- und oberhalb der Candlesticks sind automatisch erstellte Symbole mit Zahlen. Jedes Symbol ist ein Richtungsimpuls mit einer Trefferquote zwischen 53 und 60%. Die Zahl innerhalb des Symbols zeigt die Dauer des Impulses an. Wenn Sie zum Beispiel einen gr\u00fcnen Punkt mit einer 3 sehen, dann wird der Kurs wahrscheinlich in 3 Wochen h\u00f6her stehen.<\/p>\n<p><a href=\"https:\/\/www.trading-ideen.de\/wordpress\/wp-content\/uploads\/2015\/11\/VPA-Symbole-1.jpg\" rel=\"attachment wp-att-2196\"><img loading=\"lazy\" decoding=\"async\" class=\"alignnone wp-image-2196 size-full\" src=\"https:\/\/www.trading-ideen.de\/wordpress\/wp-content\/uploads\/2015\/11\/VPA-Symbole-1.jpg\" alt=\"VPA-Symbole\" width=\"575\" height=\"483\" srcset=\"https:\/\/www.trading-ideen.de\/wordpress\/wp-content\/uploads\/2015\/11\/VPA-Symbole-1.jpg 575w, https:\/\/www.trading-ideen.de\/wordpress\/wp-content\/uploads\/2015\/11\/VPA-Symbole-1-300x252.jpg 300w\" sizes=\"auto, (max-width: 575px) 100vw, 575px\" \/><\/a><\/p>\n<h3>Multi-Indikator RSI-OBV<\/h3>\n<p>Unter jedem Chart sehen Sie einen einfachen Stochastic-Indikator mit schneller Einstellung. Im Indikator gibt es Farbschattierungen, die Divergenzen oder Konvergenzen zwischen Kurs und Volumen andeuten.<br \/>\nIm Allgemeinen kommen Divergenzen (hellgr\u00fcn= bullish und hellorange=bearish) sehr fr\u00fchzeitig. Innerhalb der Konvergenzen (gr\u00fcn= bullish und orange=bearish) laufen Kurs und Volumen in Einigkeit. Es ist die Reife Bewegung eines Marktes. Am Ende der Konvergenz entsteht sehr oft ein gutes Umkehrsignal. Die Dreiecke im Indikator zeigen konkrete Einstiegssignale.<\/p>\n<p>&nbsp;<\/p>\n<p>&nbsp;<\/p>\n<h2>W\u00e4hlen Sie Ihren gew\u00fcnschten Chart mit Volumen-Preis-Analyse aus:<\/h2>\n<h3>DAX<\/h3>\n<p><a href=\"http:\/\/www.trading-ideen.de\/download\/VPA-DAX.png\"><img loading=\"lazy\" decoding=\"async\" class=\"alignnone size-medium wp-image-2867\" src=\"http:\/\/www.trading-ideen.de\/download\/VPA-DAX.png\" alt=\"indus-daily-23-05-16\" width=\"300\" height=\"214\"><\/a><\/p>\n<h3>TecDAX<\/h3>\n<p><a href=\"http:\/\/www.trading-ideen.de\/download\/VPA-TecDAX.png\"><img loading=\"lazy\" decoding=\"async\" class=\"alignnone size-medium wp-image-2867\" src=\"http:\/\/www.trading-ideen.de\/download\/VPA-TecDAX.png\" alt=\"indus-daily-23-05-16\" width=\"300\" height=\"214\"><\/a><\/p>\n<h3>S&amp;P 500<\/h3>\n<p><a href=\"http:\/\/www.trading-ideen.de\/download\/VPA-SP.png\"><img loading=\"lazy\" decoding=\"async\" class=\"alignnone size-medium wp-image-2867\" src=\"http:\/\/www.trading-ideen.de\/download\/VPA-SP.png\" alt=\"indus-daily-23-05-16\" width=\"300\" height=\"214\"><\/a><\/p>\n<h3>Nasdaq 100<\/h3>\n<p><a href=\"http:\/\/www.trading-ideen.de\/download\/VPA-NDX.png\"><img loading=\"lazy\" decoding=\"async\" class=\"alignnone size-medium wp-image-2867\" src=\"http:\/\/www.trading-ideen.de\/download\/VPA-NDX.png\" alt=\"indus-daily-23-05-16\" width=\"300\" height=\"214\"><\/a><\/p>\n<h3>Gold-ETF (GLD)<\/h3>\n<p><a href=\"http:\/\/www.trading-ideen.de\/download\/VPA-GLD.png\"><img loading=\"lazy\" decoding=\"async\" class=\"alignnone size-medium wp-image-2867\" src=\"http:\/\/www.trading-ideen.de\/download\/VPA-GLD.png\" alt=\"indus-daily-23-05-16\" width=\"300\" height=\"214\"><\/a><\/p>\n<h3>\u00d6l-ETF (USO)<\/h3>\n<p><a href=\"http:\/\/www.trading-ideen.de\/download\/VPA-USO.png\"><img loading=\"lazy\" decoding=\"async\" class=\"alignnone size-medium wp-image-2867\" src=\"http:\/\/www.trading-ideen.de\/download\/VPA-USO.png\" alt=\"indus-daily-23-05-16\" width=\"300\" height=\"214\"><\/a><br \/>\n<!-- BEGINN des zanox-affiliate HTML-Code --><br \/>\n<!-- ( Der HTML-Code darf im Sinne der einwandfreien Funktionalit\u00e4t nicht ver\u00e4ndert werden! ) --><br \/>\n<a href=\"http:\/\/ad.zanox.com\/ppc\/?40888352C1568077016T\"><img loading=\"lazy\" decoding=\"async\" src=\"http:\/\/ad.zanox.com\/ppv\/?40888352C1568077016\" alt=\"Allgemein2 Hund_468x60\" width=\"468\" height=\"60\" align=\"bottom\" border=\"0\" hspace=\"1\"><\/a><br \/>\n<!-- ENDE des zanox-affiliate HTML-Code --><\/p>\n<h3>Interpretation der Volumen-Preis-Signale<\/h3>\n<p>Ein gutes Signal f\u00fcgt sich in den Marktrhythmus ein. Ideal ist es, wenn ein Signal mit der aktuellen Trendrichtung kombiniert wird. Ebenso ist das Verhalten an Widerst\u00e4nden und Unterst\u00fctzungen interessant. Kursgrenzen k\u00f6nnen leichter mit einem Volumen-Preis-Signal durchdrungen werden.<\/p>\n<p>Manchmal gibt es zwei entgegengesetzte Impulse gleichzeitig. Die ist m\u00f6glich, weil einzelne Candlesticks und auch gr\u00f6\u00dfere Candlestick-Formationen mit mehr als einer Candlestick ausgewertet werden. So k\u00f6nnte es zum Beispiel sein, dass eine bearishe Candlestick in einem bullishen Muster eingebunden ist.<\/p>\n<p>Die Wochen-Charts zeigen auf einzigartige Weise, wie stark Bullen und B\u00e4ren sind. Dadurch sind R\u00fcckschl\u00fcsse auf das zuk\u00fcnftige Verhalten m\u00f6glich. Am unteren Rand jedes Charts befindet sich ein Trend-Band auf Basis des MACD-Indikators. Dadurch hat man gleichzeitig die kurzfristige Trendbewegung im Blick.<\/p>\n<p><span style=\"background-color: #efefef;\"><br \/>\n<strong>Risikohinweis:<\/strong><br \/>\nAls Trader oder Anleger sollten Sie sich der B\u00f6rsenrisiken immer bewusst sein. Vorgestellte Handelssysteme sind keine Aufforderung zur direkten Umsetzung. Alle Ratgeberbeitr\u00e4ge oder Charts dienen nur zur informellen Anregung, und ber\u00fccksichtigen keine individuelle Anlagesituation. Trotz sorgf\u00e4ltiger Recherche kann keine Richtigkeit der Beitr\u00e4ge garantiert werden. Die Tipps und Vorschl\u00e4ge k\u00f6nnen keine individuelle Anlageberatung durch Ihren Anlageberater oder Verm\u00f6gensberater ersetzen.<\/span><\/p>\n","protected":false},"excerpt":{"rendered":"<div class=\"mh-excerpt\"><p>Candlesticks mit Volumen kombiniert Hier finden Sie exklusive Charts, die eine Verkn\u00fcpfung der Candlestick-Analyse mit dem Handelsvolumen bieten. Daraus entstehen Volumen-Preis-Signale. Unter- und oberhalb der Candlesticks sind automatisch erstellte Symbole mit Zahlen. Jedes Symbol ist <a class=\"mh-excerpt-more\" href=\"https:\/\/www.trading-ideen.de\/wordpress\/volumen-preis-signale\/\" title=\"Volumen-Preis-Signale f\u00fcr Indizes\">[&#8230;]<\/a><\/p>\n<\/div>","protected":false},"author":1,"featured_media":2196,"parent":0,"menu_order":0,"comment_status":"open","ping_status":"open","template":"","meta":{"footnotes":""},"class_list":["post-1660","page","type-page","status-publish","has-post-thumbnail"],"yoast_head":"<!-- This site is optimized with the Yoast SEO plugin v27.2 - https:\/\/yoast.com\/product\/yoast-seo-wordpress\/ -->\n<title>Volumen-Preis-Signale f\u00fcr Indizes - Trading-Ideen.de<\/title>\n<meta name=\"description\" content=\"Volumen-Preis-Analyse wichtiger Aktienindizes. Jedes Signal ist ein Richtungsimpuls mit guter Trefferquote. + Exklusive Candlevolume-Signale. + Verkn\u00fcpfung der traditionellen Candlestick-Technik mit dem Handelsvolumen.\" \/>\n<meta name=\"robots\" content=\"index, follow, max-snippet:-1, max-image-preview:large, max-video-preview:-1\" \/>\n<link rel=\"canonical\" href=\"https:\/\/www.trading-ideen.de\/wordpress\/volumen-preis-signale\/\" \/>\n<meta name=\"twitter:label1\" content=\"Gesch\u00e4tzte Lesezeit\" \/>\n\t<meta name=\"twitter:data1\" content=\"2\u00a0Minuten\" \/>\n<script type=\"application\/ld+json\" class=\"yoast-schema-graph\">{\"@context\":\"https:\/\/schema.org\",\"@graph\":[{\"@type\":\"WebPage\",\"@id\":\"https:\/\/www.trading-ideen.de\/wordpress\/volumen-preis-signale\/\",\"url\":\"https:\/\/www.trading-ideen.de\/wordpress\/volumen-preis-signale\/\",\"name\":\"Volumen-Preis-Signale f\u00fcr Indizes - Trading-Ideen.de\",\"isPartOf\":{\"@id\":\"https:\/\/www.trading-ideen.de\/wordpress\/#website\"},\"primaryImageOfPage\":{\"@id\":\"https:\/\/www.trading-ideen.de\/wordpress\/volumen-preis-signale\/#primaryimage\"},\"image\":{\"@id\":\"https:\/\/www.trading-ideen.de\/wordpress\/volumen-preis-signale\/#primaryimage\"},\"thumbnailUrl\":\"https:\/\/www.trading-ideen.de\/wordpress\/wp-content\/uploads\/2015\/11\/VPA-Symbole-1.jpg\",\"datePublished\":\"2015-11-27T23:03:47+00:00\",\"dateModified\":\"2018-12-14T22:01:15+00:00\",\"description\":\"Volumen-Preis-Analyse wichtiger Aktienindizes. Jedes Signal ist ein Richtungsimpuls mit guter Trefferquote. + Exklusive Candlevolume-Signale. + Verkn\u00fcpfung der traditionellen Candlestick-Technik mit dem Handelsvolumen.\",\"breadcrumb\":{\"@id\":\"https:\/\/www.trading-ideen.de\/wordpress\/volumen-preis-signale\/#breadcrumb\"},\"inLanguage\":\"de\",\"potentialAction\":[{\"@type\":\"ReadAction\",\"target\":[\"https:\/\/www.trading-ideen.de\/wordpress\/volumen-preis-signale\/\"]}]},{\"@type\":\"ImageObject\",\"inLanguage\":\"de\",\"@id\":\"https:\/\/www.trading-ideen.de\/wordpress\/volumen-preis-signale\/#primaryimage\",\"url\":\"https:\/\/www.trading-ideen.de\/wordpress\/wp-content\/uploads\/2015\/11\/VPA-Symbole-1.jpg\",\"contentUrl\":\"https:\/\/www.trading-ideen.de\/wordpress\/wp-content\/uploads\/2015\/11\/VPA-Symbole-1.jpg\",\"width\":575,\"height\":483},{\"@type\":\"BreadcrumbList\",\"@id\":\"https:\/\/www.trading-ideen.de\/wordpress\/volumen-preis-signale\/#breadcrumb\",\"itemListElement\":[{\"@type\":\"ListItem\",\"position\":1,\"name\":\"Home\",\"item\":\"https:\/\/www.trading-ideen.de\/wordpress\/\"},{\"@type\":\"ListItem\",\"position\":2,\"name\":\"Volumen-Preis-Signale f\u00fcr Indizes\"}]},{\"@type\":\"WebSite\",\"@id\":\"https:\/\/www.trading-ideen.de\/wordpress\/#website\",\"url\":\"https:\/\/www.trading-ideen.de\/wordpress\/\",\"name\":\"Trading-Ideen.de\",\"description\":\"Tipps und Gedanken zur B\u00f6rse\",\"potentialAction\":[{\"@type\":\"SearchAction\",\"target\":{\"@type\":\"EntryPoint\",\"urlTemplate\":\"https:\/\/www.trading-ideen.de\/wordpress\/?s={search_term_string}\"},\"query-input\":{\"@type\":\"PropertyValueSpecification\",\"valueRequired\":true,\"valueName\":\"search_term_string\"}}],\"inLanguage\":\"de\"}]}<\/script>\n<!-- \/ Yoast SEO plugin. -->","yoast_head_json":{"title":"Volumen-Preis-Signale f\u00fcr Indizes - Trading-Ideen.de","description":"Volumen-Preis-Analyse wichtiger Aktienindizes. Jedes Signal ist ein Richtungsimpuls mit guter Trefferquote. + Exklusive Candlevolume-Signale. + Verkn\u00fcpfung der traditionellen Candlestick-Technik mit dem Handelsvolumen.","robots":{"index":"index","follow":"follow","max-snippet":"max-snippet:-1","max-image-preview":"max-image-preview:large","max-video-preview":"max-video-preview:-1"},"canonical":"https:\/\/www.trading-ideen.de\/wordpress\/volumen-preis-signale\/","twitter_misc":{"Gesch\u00e4tzte Lesezeit":"2\u00a0Minuten"},"schema":{"@context":"https:\/\/schema.org","@graph":[{"@type":"WebPage","@id":"https:\/\/www.trading-ideen.de\/wordpress\/volumen-preis-signale\/","url":"https:\/\/www.trading-ideen.de\/wordpress\/volumen-preis-signale\/","name":"Volumen-Preis-Signale f\u00fcr Indizes - Trading-Ideen.de","isPartOf":{"@id":"https:\/\/www.trading-ideen.de\/wordpress\/#website"},"primaryImageOfPage":{"@id":"https:\/\/www.trading-ideen.de\/wordpress\/volumen-preis-signale\/#primaryimage"},"image":{"@id":"https:\/\/www.trading-ideen.de\/wordpress\/volumen-preis-signale\/#primaryimage"},"thumbnailUrl":"https:\/\/www.trading-ideen.de\/wordpress\/wp-content\/uploads\/2015\/11\/VPA-Symbole-1.jpg","datePublished":"2015-11-27T23:03:47+00:00","dateModified":"2018-12-14T22:01:15+00:00","description":"Volumen-Preis-Analyse wichtiger Aktienindizes. Jedes Signal ist ein Richtungsimpuls mit guter Trefferquote. + Exklusive Candlevolume-Signale. + Verkn\u00fcpfung der traditionellen Candlestick-Technik mit dem Handelsvolumen.","breadcrumb":{"@id":"https:\/\/www.trading-ideen.de\/wordpress\/volumen-preis-signale\/#breadcrumb"},"inLanguage":"de","potentialAction":[{"@type":"ReadAction","target":["https:\/\/www.trading-ideen.de\/wordpress\/volumen-preis-signale\/"]}]},{"@type":"ImageObject","inLanguage":"de","@id":"https:\/\/www.trading-ideen.de\/wordpress\/volumen-preis-signale\/#primaryimage","url":"https:\/\/www.trading-ideen.de\/wordpress\/wp-content\/uploads\/2015\/11\/VPA-Symbole-1.jpg","contentUrl":"https:\/\/www.trading-ideen.de\/wordpress\/wp-content\/uploads\/2015\/11\/VPA-Symbole-1.jpg","width":575,"height":483},{"@type":"BreadcrumbList","@id":"https:\/\/www.trading-ideen.de\/wordpress\/volumen-preis-signale\/#breadcrumb","itemListElement":[{"@type":"ListItem","position":1,"name":"Home","item":"https:\/\/www.trading-ideen.de\/wordpress\/"},{"@type":"ListItem","position":2,"name":"Volumen-Preis-Signale f\u00fcr Indizes"}]},{"@type":"WebSite","@id":"https:\/\/www.trading-ideen.de\/wordpress\/#website","url":"https:\/\/www.trading-ideen.de\/wordpress\/","name":"Trading-Ideen.de","description":"Tipps und Gedanken zur B\u00f6rse","potentialAction":[{"@type":"SearchAction","target":{"@type":"EntryPoint","urlTemplate":"https:\/\/www.trading-ideen.de\/wordpress\/?s={search_term_string}"},"query-input":{"@type":"PropertyValueSpecification","valueRequired":true,"valueName":"search_term_string"}}],"inLanguage":"de"}]}},"_links":{"self":[{"href":"https:\/\/www.trading-ideen.de\/wordpress\/wp-json\/wp\/v2\/pages\/1660","targetHints":{"allow":["GET"]}}],"collection":[{"href":"https:\/\/www.trading-ideen.de\/wordpress\/wp-json\/wp\/v2\/pages"}],"about":[{"href":"https:\/\/www.trading-ideen.de\/wordpress\/wp-json\/wp\/v2\/types\/page"}],"author":[{"embeddable":true,"href":"https:\/\/www.trading-ideen.de\/wordpress\/wp-json\/wp\/v2\/users\/1"}],"replies":[{"embeddable":true,"href":"https:\/\/www.trading-ideen.de\/wordpress\/wp-json\/wp\/v2\/comments?post=1660"}],"version-history":[{"count":33,"href":"https:\/\/www.trading-ideen.de\/wordpress\/wp-json\/wp\/v2\/pages\/1660\/revisions"}],"predecessor-version":[{"id":8469,"href":"https:\/\/www.trading-ideen.de\/wordpress\/wp-json\/wp\/v2\/pages\/1660\/revisions\/8469"}],"wp:featuredmedia":[{"embeddable":true,"href":"https:\/\/www.trading-ideen.de\/wordpress\/wp-json\/wp\/v2\/media\/2196"}],"wp:attachment":[{"href":"https:\/\/www.trading-ideen.de\/wordpress\/wp-json\/wp\/v2\/media?parent=1660"}],"curies":[{"name":"wp","href":"https:\/\/api.w.org\/{rel}","templated":true}]}}