{"id":209,"date":"2015-06-23T10:13:37","date_gmt":"2015-06-23T08:13:37","guid":{"rendered":"http:\/\/www.trading-ideen.de\/wordpress\/?page_id=209"},"modified":"2024-01-29T15:08:13","modified_gmt":"2024-01-29T14:08:13","slug":"kurse-und-infos","status":"publish","type":"page","link":"https:\/\/www.trading-ideen.de\/wordpress\/kurse-und-infos\/","title":{"rendered":"Wirtschaftstermine"},"content":{"rendered":"<h2><strong>Die Termin-Liste f\u00fcr die wichtigsten Wirtschaftsmeldungen mit Prognose.<\/strong><\/h2>\n<p>Die Wochentage lassen sich nach unten scrollen.<br \/>\n<iframe loading=\"lazy\" src=\"https:\/\/sslecal2.investing.com?columns=exc_flags,exc_currency,exc_importance,exc_actual,exc_forecast,exc_previous&amp;features=datepicker,timezone&amp;countries=25,32,37,17,72,22,39,14,48,10,35,6,43,21,38,12,36,26,110,5,4&amp;calType=week&amp;timeZone=16&amp;lang=8\" width=\"650\" height=\"1000\" frameborder=\"0\" marginwidth=\"0\" marginheight=\"0\"><\/iframe><\/p>\n<div class=\"poweredBy\" style=\"font-family: Arial, Helvetica, sans-serif;\"><span style=\"font-size: 11px; color: #333333; text-decoration: none;\">Der Wirtschaftskalender wird Ihnen von <a class=\"underline_link\" style=\"font-size: 11px; color: #06529d; font-weight: bold;\" href=\"https:\/\/de.investing.com\/\" target=\"_blank\" rel=\"nofollow noopener\">Investing.com Deutschland<\/a>, dem f\u00fchrenden Finanzportal, zur Verf\u00fcgung gestellt.<\/span><\/div>\n","protected":false},"excerpt":{"rendered":"<div class=\"mh-excerpt\"><p>Die Termin-Liste f\u00fcr die wichtigsten Wirtschaftsmeldungen mit Prognose. Die Wochentage lassen sich nach unten scrollen. Der Wirtschaftskalender wird Ihnen von Investing.com Deutschland, dem f\u00fchrenden Finanzportal, zur Verf\u00fcgung gestellt.<\/p>\n<\/div>","protected":false},"author":1,"featured_media":0,"parent":0,"menu_order":0,"comment_status":"open","ping_status":"closed","template":"","meta":{"footnotes":""},"class_list":["post-209","page","type-page","status-publish"],"yoast_head":"<!-- This site is optimized with the Yoast SEO plugin v27.4 - https:\/\/yoast.com\/product\/yoast-seo-wordpress\/ -->\n<title>Wirtschaftstermine - Trading-Ideen.de<\/title>\n<meta name=\"description\" content=\"Termine f\u00fcr Wirtschaftsmeldungen uns Kurse f\u00fcr Indizes , W\u00e4hrungen und Rohstoffe.\" \/>\n<meta name=\"robots\" content=\"index, follow, max-snippet:-1, max-image-preview:large, max-video-preview:-1\" \/>\n<link rel=\"canonical\" href=\"https:\/\/www.trading-ideen.de\/wordpress\/kurse-und-infos\/\" \/>\n<meta name=\"twitter:label1\" content=\"Gesch\u00e4tzte Lesezeit\" \/>\n\t<meta name=\"twitter:data1\" content=\"1\u00a0Minute\" \/>\n<script type=\"application\/ld+json\" class=\"yoast-schema-graph\">{\"@context\":\"https:\\\/\\\/schema.org\",\"@graph\":[{\"@type\":\"WebPage\",\"@id\":\"https:\\\/\\\/www.trading-ideen.de\\\/wordpress\\\/kurse-und-infos\\\/\",\"url\":\"https:\\\/\\\/www.trading-ideen.de\\\/wordpress\\\/kurse-und-infos\\\/\",\"name\":\"Wirtschaftstermine - Trading-Ideen.de\",\"isPartOf\":{\"@id\":\"https:\\\/\\\/www.trading-ideen.de\\\/wordpress\\\/#website\"},\"datePublished\":\"2015-06-23T08:13:37+00:00\",\"dateModified\":\"2024-01-29T14:08:13+00:00\",\"description\":\"Termine f\u00fcr Wirtschaftsmeldungen uns Kurse f\u00fcr Indizes , W\u00e4hrungen und Rohstoffe.\",\"breadcrumb\":{\"@id\":\"https:\\\/\\\/www.trading-ideen.de\\\/wordpress\\\/kurse-und-infos\\\/#breadcrumb\"},\"inLanguage\":\"de\",\"potentialAction\":[{\"@type\":\"ReadAction\",\"target\":[\"https:\\\/\\\/www.trading-ideen.de\\\/wordpress\\\/kurse-und-infos\\\/\"]}]},{\"@type\":\"BreadcrumbList\",\"@id\":\"https:\\\/\\\/www.trading-ideen.de\\\/wordpress\\\/kurse-und-infos\\\/#breadcrumb\",\"itemListElement\":[{\"@type\":\"ListItem\",\"position\":1,\"name\":\"Home\",\"item\":\"https:\\\/\\\/www.trading-ideen.de\\\/wordpress\\\/\"},{\"@type\":\"ListItem\",\"position\":2,\"name\":\"Wirtschaftstermine\"}]},{\"@type\":\"WebSite\",\"@id\":\"https:\\\/\\\/www.trading-ideen.de\\\/wordpress\\\/#website\",\"url\":\"https:\\\/\\\/www.trading-ideen.de\\\/wordpress\\\/\",\"name\":\"Trading-Ideen.de\",\"description\":\"Tipps und Gedanken zur B\u00f6rse\",\"potentialAction\":[{\"@type\":\"SearchAction\",\"target\":{\"@type\":\"EntryPoint\",\"urlTemplate\":\"https:\\\/\\\/www.trading-ideen.de\\\/wordpress\\\/?s={search_term_string}\"},\"query-input\":{\"@type\":\"PropertyValueSpecification\",\"valueRequired\":true,\"valueName\":\"search_term_string\"}}],\"inLanguage\":\"de\"}]}<\/script>\n<!-- \/ Yoast SEO plugin. -->","yoast_head_json":{"title":"Wirtschaftstermine - Trading-Ideen.de","description":"Termine f\u00fcr Wirtschaftsmeldungen uns Kurse f\u00fcr Indizes , W\u00e4hrungen und Rohstoffe.","robots":{"index":"index","follow":"follow","max-snippet":"max-snippet:-1","max-image-preview":"max-image-preview:large","max-video-preview":"max-video-preview:-1"},"canonical":"https:\/\/www.trading-ideen.de\/wordpress\/kurse-und-infos\/","twitter_misc":{"Gesch\u00e4tzte Lesezeit":"1\u00a0Minute"},"schema":{"@context":"https:\/\/schema.org","@graph":[{"@type":"WebPage","@id":"https:\/\/www.trading-ideen.de\/wordpress\/kurse-und-infos\/","url":"https:\/\/www.trading-ideen.de\/wordpress\/kurse-und-infos\/","name":"Wirtschaftstermine - Trading-Ideen.de","isPartOf":{"@id":"https:\/\/www.trading-ideen.de\/wordpress\/#website"},"datePublished":"2015-06-23T08:13:37+00:00","dateModified":"2024-01-29T14:08:13+00:00","description":"Termine f\u00fcr Wirtschaftsmeldungen uns Kurse f\u00fcr Indizes , W\u00e4hrungen und Rohstoffe.","breadcrumb":{"@id":"https:\/\/www.trading-ideen.de\/wordpress\/kurse-und-infos\/#breadcrumb"},"inLanguage":"de","potentialAction":[{"@type":"ReadAction","target":["https:\/\/www.trading-ideen.de\/wordpress\/kurse-und-infos\/"]}]},{"@type":"BreadcrumbList","@id":"https:\/\/www.trading-ideen.de\/wordpress\/kurse-und-infos\/#breadcrumb","itemListElement":[{"@type":"ListItem","position":1,"name":"Home","item":"https:\/\/www.trading-ideen.de\/wordpress\/"},{"@type":"ListItem","position":2,"name":"Wirtschaftstermine"}]},{"@type":"WebSite","@id":"https:\/\/www.trading-ideen.de\/wordpress\/#website","url":"https:\/\/www.trading-ideen.de\/wordpress\/","name":"Trading-Ideen.de","description":"Tipps und Gedanken zur B\u00f6rse","potentialAction":[{"@type":"SearchAction","target":{"@type":"EntryPoint","urlTemplate":"https:\/\/www.trading-ideen.de\/wordpress\/?s={search_term_string}"},"query-input":{"@type":"PropertyValueSpecification","valueRequired":true,"valueName":"search_term_string"}}],"inLanguage":"de"}]}},"_links":{"self":[{"href":"https:\/\/www.trading-ideen.de\/wordpress\/wp-json\/wp\/v2\/pages\/209","targetHints":{"allow":["GET"]}}],"collection":[{"href":"https:\/\/www.trading-ideen.de\/wordpress\/wp-json\/wp\/v2\/pages"}],"about":[{"href":"https:\/\/www.trading-ideen.de\/wordpress\/wp-json\/wp\/v2\/types\/page"}],"author":[{"embeddable":true,"href":"https:\/\/www.trading-ideen.de\/wordpress\/wp-json\/wp\/v2\/users\/1"}],"replies":[{"embeddable":true,"href":"https:\/\/www.trading-ideen.de\/wordpress\/wp-json\/wp\/v2\/comments?post=209"}],"version-history":[{"count":27,"href":"https:\/\/www.trading-ideen.de\/wordpress\/wp-json\/wp\/v2\/pages\/209\/revisions"}],"predecessor-version":[{"id":11643,"href":"https:\/\/www.trading-ideen.de\/wordpress\/wp-json\/wp\/v2\/pages\/209\/revisions\/11643"}],"wp:attachment":[{"href":"https:\/\/www.trading-ideen.de\/wordpress\/wp-json\/wp\/v2\/media?parent=209"}],"curies":[{"name":"wp","href":"https:\/\/api.w.org\/{rel}","templated":true}]}}