{"id":2354,"date":"2016-03-04T13:14:38","date_gmt":"2016-03-04T12:14:38","guid":{"rendered":"http:\/\/www.trading-ideen.de\/wordpress\/?page_id=2354"},"modified":"2016-03-09T08:39:53","modified_gmt":"2016-03-09T07:39:53","slug":"michael-vaupel","status":"publish","type":"page","link":"https:\/\/www.trading-ideen.de\/wordpress\/ueber-uns\/michael-vaupel\/","title":{"rendered":"Michael Vaupel"},"content":{"rendered":"<p>Michael Vaupel, diplomierter Volkswirt und Historiker (M.A.), Vollblut-B\u00f6rsianer. Nach dem Studium Volontariat und Leitender Redakteur und Analyst diverser B\u00f6rsenbriefe (Emerging Markets, Internet, Derivate, Rohstoffe). Er ist gefragter Interview- und Chatpartner (N24, CortalConsors). Ethisch korrektes Investieren ist ihm wichtig. Sein Schwerpunkt liegt auf der volkswirtschaftlichen Analyse bestimmter M\u00e4rkte und der Darstellung der Umsetzungsm\u00f6glichkeiten der gewonnenen Erkenntnisse. Er kauft deshalb &#8222;M\u00e4rkte&#8220; &#8211; z.B. mit Zertifikaten -, weniger Einzeltitel.<\/p>\n<p>Michael Vaupel: &#8222;Gewinn um jeden Preis verachte ich. Nat\u00fcrlich m\u00f6chte ich Gewinner-Investments und profitable Trades empfehlen. Doch keineswegs solche, welche die Umwelt oder die Gemeinschaft sch\u00e4digen.&#8220;<\/p>\n<p><a href=\"https:\/\/www.trading-ideen.de\/wordpress\/wp-content\/uploads\/2016\/03\/Vaupel-MV-Schwarzwei\u00df.jpg\" rel=\"attachment wp-att-2357\"><img loading=\"lazy\" decoding=\"async\" class=\"alignnone size-medium wp-image-2357\" src=\"https:\/\/www.trading-ideen.de\/wordpress\/wp-content\/uploads\/2016\/03\/Vaupel-MV-Schwarzwei\u00df-200x300.jpg\" alt=\"Vaupel-MV Schwarzwei\u00df\" width=\"200\" height=\"300\" srcset=\"https:\/\/www.trading-ideen.de\/wordpress\/wp-content\/uploads\/2016\/03\/Vaupel-MV-Schwarzwei\u00df-200x300.jpg 200w, https:\/\/www.trading-ideen.de\/wordpress\/wp-content\/uploads\/2016\/03\/Vaupel-MV-Schwarzwei\u00df-768x1154.jpg 768w, https:\/\/www.trading-ideen.de\/wordpress\/wp-content\/uploads\/2016\/03\/Vaupel-MV-Schwarzwei\u00df-682x1024.jpg 682w\" sizes=\"auto, (max-width: 200px) 100vw, 200px\" \/><\/a><\/p>\n<p>Ich wei\u00df, wovon ich spreche. So habe ich wegen Rohstoff-Explorern in Sambia und Malawi vor Ort recherchiert. Bewusstes Ignorieren ohnehin laxer Umweltschutzvorgaben, Inkaufnahme der Vergiftung von Kindern durch Zufluss giftigen Kl\u00e4rschlamms in B\u00e4che, aus denen Trinkwasser geholt wird &#8211; wer so vorgeht, mit dessen Aktien m\u00f6chte ich nicht traden.<\/p>\n<p>Vor einigen Jahren erzielte ich gute Gewinne mit Trades auf einen steigenden Maispreis. Interessanterweise kam ich dazu mit einem Missionar in Malawi ins Gespr\u00e4ch, welcher mir einen Leserbrief schrieb. Ob mir bewusst sei, dass Maisbrei in weiten Teilen Afrikas ein Grundnahrungsmittel sei &#8211; durch massive &#8222;Long&#8220;-Spekulationen k\u00f6nnte sich der Preis vor Ort durchaus erh\u00f6hen. Seitdem ist f\u00fcr mich klar: Keine Spekulation mit Grundnahrungsmitteln.<\/p>\n<p>\u00dcbrigens bin ich sehr froh, auf meinen Reisen mit Hilfe einiger Leser konkret helfen zu k\u00f6nnen. Wir spendeten einen Teil unserer Gewinne f\u00fcr nachhaltige Hilfe vor Ort. Ausschlie\u00dflich &#8222;Hilfe zur Selbsthilfe&#8220;, sprich eine Anschubfinanzierung f\u00fcr einige Pumpen, mit denen Gem\u00fcseg\u00e4rten bew\u00e4ssert werden k\u00f6nnen. So kann die Trockenzeit \u00fcberbr\u00fcckt werden und mit den Ertr\u00e4gen kann weiter expandiert werden. Begrenztes Projekt, 100% vor Ort angekommen, so mag ich das. Durch die Investition von einigen Tausend Euro konnte die Nahrungsmittelversorgung einiger D\u00f6rfer sichergestellt werden.<\/p>\n<p>Fairness, Respekt und der gewiefte Blick f\u00fcr clevere Investment-Chancen &#8211; das l\u00e4sst sich meiner Ansicht nach sehr wohl vereinen. Ich w\u00fcrde mich sehr freuen, wenn wir diese Idee gemeinsam vertreten werden.<\/p>\n<p>Seine Internetseite ist:<\/p>\n<p>\t<a href=\"http:\/\/www.ethische-rendite.de\">www.ethische-rendite.de<\/a><\/p>\n<p>&nbsp;<\/p>\n","protected":false},"excerpt":{"rendered":"<div class=\"mh-excerpt\"><p>Michael Vaupel, diplomierter Volkswirt und Historiker (M.A.), Vollblut-B\u00f6rsianer. Nach dem Studium Volontariat und Leitender Redakteur und Analyst diverser B\u00f6rsenbriefe (Emerging Markets, Internet, Derivate, Rohstoffe). Er ist gefragter Interview- und Chatpartner (N24, CortalConsors). Ethisch korrektes Investieren <a class=\"mh-excerpt-more\" href=\"https:\/\/www.trading-ideen.de\/wordpress\/ueber-uns\/michael-vaupel\/\" title=\"Michael Vaupel\">[&#8230;]<\/a><\/p>\n<\/div>","protected":false},"author":1,"featured_media":0,"parent":4,"menu_order":0,"comment_status":"closed","ping_status":"closed","template":"","meta":{"footnotes":""},"class_list":["post-2354","page","type-page","status-publish"],"yoast_head":"<!-- This site is optimized with the Yoast SEO plugin v27.4 - https:\/\/yoast.com\/product\/yoast-seo-wordpress\/ -->\n<title>Michael Vaupel - Trading-Ideen.de<\/title>\n<meta name=\"robots\" content=\"index, follow, max-snippet:-1, max-image-preview:large, max-video-preview:-1\" \/>\n<link rel=\"canonical\" href=\"https:\/\/www.trading-ideen.de\/wordpress\/ueber-uns\/michael-vaupel\/\" \/>\n<meta name=\"twitter:label1\" content=\"Gesch\u00e4tzte Lesezeit\" \/>\n\t<meta name=\"twitter:data1\" content=\"2\u00a0Minuten\" \/>\n<script type=\"application\/ld+json\" class=\"yoast-schema-graph\">{\"@context\":\"https:\\\/\\\/schema.org\",\"@graph\":[{\"@type\":\"WebPage\",\"@id\":\"https:\\\/\\\/www.trading-ideen.de\\\/wordpress\\\/ueber-uns\\\/michael-vaupel\\\/\",\"url\":\"https:\\\/\\\/www.trading-ideen.de\\\/wordpress\\\/ueber-uns\\\/michael-vaupel\\\/\",\"name\":\"Michael Vaupel - Trading-Ideen.de\",\"isPartOf\":{\"@id\":\"https:\\\/\\\/www.trading-ideen.de\\\/wordpress\\\/#website\"},\"datePublished\":\"2016-03-04T12:14:38+00:00\",\"dateModified\":\"2016-03-09T07:39:53+00:00\",\"breadcrumb\":{\"@id\":\"https:\\\/\\\/www.trading-ideen.de\\\/wordpress\\\/ueber-uns\\\/michael-vaupel\\\/#breadcrumb\"},\"inLanguage\":\"de\",\"potentialAction\":[{\"@type\":\"ReadAction\",\"target\":[\"https:\\\/\\\/www.trading-ideen.de\\\/wordpress\\\/ueber-uns\\\/michael-vaupel\\\/\"]}]},{\"@type\":\"BreadcrumbList\",\"@id\":\"https:\\\/\\\/www.trading-ideen.de\\\/wordpress\\\/ueber-uns\\\/michael-vaupel\\\/#breadcrumb\",\"itemListElement\":[{\"@type\":\"ListItem\",\"position\":1,\"name\":\"Home\",\"item\":\"https:\\\/\\\/www.trading-ideen.de\\\/wordpress\\\/\"},{\"@type\":\"ListItem\",\"position\":2,\"name\":\"\u00dcber Uns\",\"item\":\"https:\\\/\\\/www.trading-ideen.de\\\/wordpress\\\/ueber-uns\\\/\"},{\"@type\":\"ListItem\",\"position\":3,\"name\":\"Michael Vaupel\"}]},{\"@type\":\"WebSite\",\"@id\":\"https:\\\/\\\/www.trading-ideen.de\\\/wordpress\\\/#website\",\"url\":\"https:\\\/\\\/www.trading-ideen.de\\\/wordpress\\\/\",\"name\":\"Trading-Ideen.de\",\"description\":\"Tipps und Gedanken zur B\u00f6rse\",\"potentialAction\":[{\"@type\":\"SearchAction\",\"target\":{\"@type\":\"EntryPoint\",\"urlTemplate\":\"https:\\\/\\\/www.trading-ideen.de\\\/wordpress\\\/?s={search_term_string}\"},\"query-input\":{\"@type\":\"PropertyValueSpecification\",\"valueRequired\":true,\"valueName\":\"search_term_string\"}}],\"inLanguage\":\"de\"}]}<\/script>\n<!-- \/ Yoast SEO plugin. -->","yoast_head_json":{"title":"Michael Vaupel - Trading-Ideen.de","robots":{"index":"index","follow":"follow","max-snippet":"max-snippet:-1","max-image-preview":"max-image-preview:large","max-video-preview":"max-video-preview:-1"},"canonical":"https:\/\/www.trading-ideen.de\/wordpress\/ueber-uns\/michael-vaupel\/","twitter_misc":{"Gesch\u00e4tzte Lesezeit":"2\u00a0Minuten"},"schema":{"@context":"https:\/\/schema.org","@graph":[{"@type":"WebPage","@id":"https:\/\/www.trading-ideen.de\/wordpress\/ueber-uns\/michael-vaupel\/","url":"https:\/\/www.trading-ideen.de\/wordpress\/ueber-uns\/michael-vaupel\/","name":"Michael Vaupel - Trading-Ideen.de","isPartOf":{"@id":"https:\/\/www.trading-ideen.de\/wordpress\/#website"},"datePublished":"2016-03-04T12:14:38+00:00","dateModified":"2016-03-09T07:39:53+00:00","breadcrumb":{"@id":"https:\/\/www.trading-ideen.de\/wordpress\/ueber-uns\/michael-vaupel\/#breadcrumb"},"inLanguage":"de","potentialAction":[{"@type":"ReadAction","target":["https:\/\/www.trading-ideen.de\/wordpress\/ueber-uns\/michael-vaupel\/"]}]},{"@type":"BreadcrumbList","@id":"https:\/\/www.trading-ideen.de\/wordpress\/ueber-uns\/michael-vaupel\/#breadcrumb","itemListElement":[{"@type":"ListItem","position":1,"name":"Home","item":"https:\/\/www.trading-ideen.de\/wordpress\/"},{"@type":"ListItem","position":2,"name":"\u00dcber Uns","item":"https:\/\/www.trading-ideen.de\/wordpress\/ueber-uns\/"},{"@type":"ListItem","position":3,"name":"Michael Vaupel"}]},{"@type":"WebSite","@id":"https:\/\/www.trading-ideen.de\/wordpress\/#website","url":"https:\/\/www.trading-ideen.de\/wordpress\/","name":"Trading-Ideen.de","description":"Tipps und Gedanken zur B\u00f6rse","potentialAction":[{"@type":"SearchAction","target":{"@type":"EntryPoint","urlTemplate":"https:\/\/www.trading-ideen.de\/wordpress\/?s={search_term_string}"},"query-input":{"@type":"PropertyValueSpecification","valueRequired":true,"valueName":"search_term_string"}}],"inLanguage":"de"}]}},"_links":{"self":[{"href":"https:\/\/www.trading-ideen.de\/wordpress\/wp-json\/wp\/v2\/pages\/2354","targetHints":{"allow":["GET"]}}],"collection":[{"href":"https:\/\/www.trading-ideen.de\/wordpress\/wp-json\/wp\/v2\/pages"}],"about":[{"href":"https:\/\/www.trading-ideen.de\/wordpress\/wp-json\/wp\/v2\/types\/page"}],"author":[{"embeddable":true,"href":"https:\/\/www.trading-ideen.de\/wordpress\/wp-json\/wp\/v2\/users\/1"}],"replies":[{"embeddable":true,"href":"https:\/\/www.trading-ideen.de\/wordpress\/wp-json\/wp\/v2\/comments?post=2354"}],"version-history":[{"count":3,"href":"https:\/\/www.trading-ideen.de\/wordpress\/wp-json\/wp\/v2\/pages\/2354\/revisions"}],"predecessor-version":[{"id":2403,"href":"https:\/\/www.trading-ideen.de\/wordpress\/wp-json\/wp\/v2\/pages\/2354\/revisions\/2403"}],"up":[{"embeddable":true,"href":"https:\/\/www.trading-ideen.de\/wordpress\/wp-json\/wp\/v2\/pages\/4"}],"wp:attachment":[{"href":"https:\/\/www.trading-ideen.de\/wordpress\/wp-json\/wp\/v2\/media?parent=2354"}],"curies":[{"name":"wp","href":"https:\/\/api.w.org\/{rel}","templated":true}]}}