{"id":2877,"date":"2016-05-27T11:58:31","date_gmt":"2016-05-27T09:58:31","guid":{"rendered":"http:\/\/www.trading-ideen.de\/wordpress\/?page_id=2877"},"modified":"2016-11-25T16:55:48","modified_gmt":"2016-11-25T15:55:48","slug":"seminare","status":"publish","type":"page","link":"https:\/\/www.trading-ideen.de\/wordpress\/seminare\/","title":{"rendered":"Seminare"},"content":{"rendered":"<h2><strong>Crash-Kurs f\u00fcr Trading-Anf\u00e4nger mit Till Kleinlein und Christian Lukas<\/strong><\/h2>\n<p>Trader zu sein, ist ein Traumberuf. Der Start an der B\u00f6rse ist relativ einfach, doch die Realit\u00e4t holt die meisten Trader schnell ein. Die Gewinne k\u00f6nnen die Verluste nicht decken. Damit Sie eine realistische Chance im &#8222;Haifischbecken&#8220; der B\u00f6rse haben, sollten Sie unseren Crash-Kurs f\u00fcr Daytrader besuchen. Wir zeigen Ihnen die richtigen Tricks, und bieten Ihnen Tipps zum kurzfristigen B\u00f6rsenhandel. Teil des Seminars sind zwei profitable Handelssysteme, mit denen Sie sofort Geld verdienen k\u00f6nnen. Sie bekommen das gesamte R\u00fcstzeug, ums sich einen sch\u00f6nen Nebenverdienst oder sogar einen Lebensunterhalt zu verdienen.<\/p>\n<p><strong>Zielgruppe: <\/strong><\/p>\n<p>Zuk\u00fcnftige Trader, die auf Basis des kurzfristigen Tradings Geld verdienen m\u00f6chten. \u00a0Erforderliche Vorbildung: Gering<\/p>\n<p>&nbsp;<\/p>\n<p>In n\u00e4chsten Wochen sind keine Seminare geplant. Sobald neue Termine anstehen, werden wir Sie informieren.<\/p>\n<p><strong>Anfragen unter info@trading-ideen.de<\/strong><\/p>\n<p>&nbsp;<\/p>\n<h3>Kursinhalt:<\/h3>\n<p><strong>1. Die Eigenschaften der Top-Trader<\/strong><\/p>\n<p>1.1 Pers\u00f6nliche Voraussetzungen &#8211; Sind Sie der geborene Trader?<\/p>\n<p>1.2 Warum ist Traden lebensbereichernd?<\/p>\n<p><strong>2. Technische Voraussetzungen f\u00fcr das Trading<\/strong><br \/>\n2.1 Welche Hard- und Software ist sinnvoll?<br \/>\n2.2 Handelsgeb\u00fchren und Handelskosten<br \/>\n2.3 Die Wahl des richtigen Brokers<br \/>\n2.4 H\u00f6he des erforderlichen Trading-Kapitals<\/p>\n<p><strong>3. Technische Analyse f\u00fcr kurzfristiges Trading<\/strong><br \/>\n3.1 Ideale Chart-Typen f\u00fcr das Trading<br \/>\n3.2 Wie man am besten Trends erkennt<br \/>\n3.3 Gute und schlechte Indikatoren<br \/>\n3.4 Markttypen kombiniert aus Trend + Volatilit\u00e4t<br \/>\n3.5 Widerst\u00e4nde und Unterst\u00fctzungen finden<\/p>\n<p><strong>4. Chart- und Candlestick-Formationen f\u00fcr das Trading<\/strong><br \/>\n4.1 Die wichtigsten Chart-Formationen<br \/>\n4.2 Die wichtigsten Candlestick-Formationen<\/p>\n<p><strong>5. Handelsans\u00e4tze und Strategien<\/strong><br \/>\n5.1 System-Trader oder diskretion\u00e4r<br \/>\n5.2 Welche M\u00e4rkte sollte man als Trader handeln?<br \/>\n5.3 Schnelles Geld mit \u00dcberkauft- und \u00dcberverkauft-Situationen<br \/>\n5.4 Hohe Gewinne im Trendhandel<br \/>\n5.5 Umgang mit Wirtschaftsmeldungen<\/p>\n<p><strong>6. Geld- und Risiko-Management<\/strong><br \/>\n6.1 Bedeutsamkeit der Verluste<br \/>\n6.2 Die optimale Positionsgr\u00f6\u00dfe<br \/>\n6.3 Chance-\/ Risikoprofil<br \/>\n6.4 S\u00fcnden des Tradings (Wut, Gier, Langeweile, Spielsucht)<br \/>\n6.5 Sinn eines Trading-Tagebuchs<\/p>\n<p><strong>7. Psychologie beim Trading<\/strong><br \/>\n7.1 Die Gegner, denen wir uns stellen m\u00fcssen<br \/>\n7.2 Was muss akzeptiert werden?<br \/>\n7.3 Kurse und Psychologie<br \/>\n7.4 Stressvermeidung und Stressverarbeitung<\/p>\n<p><strong>8. Fehlervermeidung \/ Trading-Tagebuch<\/strong><br \/>\n8.1 Was muss hinein, was nicht<br \/>\n8.2 Die optimale Integration in den Tagesablauf<br \/>\n8.3 Wie f\u00fchrt man ein Trading-Tagebuch<br \/>\n8.4 Effektive Analysearbeit, positive Ergebnisse<br \/>\n8.5 Tipps &#8211; Verbesserungs- und Erweiterungsm\u00f6glichkeiten<\/p>\n<p><strong>9. Zwei profitable Handelssysteme zum \u201eMitnehmen\u201c<\/strong><br \/>\n9.1 Handelsstrategie f\u00fcr Trends<br \/>\n9.2 Handelsstrategie f\u00fcr Seitw\u00e4rtsphasen<\/p>\n<p><strong>10. Praxis des Tradings<\/strong><\/p>\n<p>&nbsp;<\/p>\n<p><strong><em>Weitere Infos:<\/em><\/strong><br \/>\n<strong><em>Mit unserem Crash-Kurs f\u00fcr Daytrader stehen wir auch als externer Dienstleister zur Verf\u00fcgung. Broker, Banken oder sonstige Finanzdienstleister k\u00f6nnen uns gerne buchen. Honorare sind Verhandlungssache. \u00a0Anfragen unter: info@trading-ideen.de<\/em><\/strong><\/p>\n","protected":false},"excerpt":{"rendered":"<div class=\"mh-excerpt\"><p>Crash-Kurs f\u00fcr Trading-Anf\u00e4nger mit Till Kleinlein und Christian Lukas Trader zu sein, ist ein Traumberuf. Der Start an der B\u00f6rse ist relativ einfach, doch die Realit\u00e4t holt die meisten Trader schnell ein. Die Gewinne k\u00f6nnen <a class=\"mh-excerpt-more\" href=\"https:\/\/www.trading-ideen.de\/wordpress\/seminare\/\" title=\"Seminare\">[&#8230;]<\/a><\/p>\n<\/div>","protected":false},"author":1,"featured_media":0,"parent":0,"menu_order":0,"comment_status":"open","ping_status":"open","template":"","meta":{"footnotes":""},"class_list":["post-2877","page","type-page","status-publish"],"yoast_head":"<!-- This site is optimized with the Yoast SEO plugin v27.4 - https:\/\/yoast.com\/product\/yoast-seo-wordpress\/ -->\n<title>Seminare - Trading-Ideen.de<\/title>\n<meta name=\"robots\" content=\"index, follow, max-snippet:-1, max-image-preview:large, max-video-preview:-1\" \/>\n<link rel=\"canonical\" href=\"https:\/\/www.trading-ideen.de\/wordpress\/seminare\/\" \/>\n<meta name=\"twitter:label1\" content=\"Gesch\u00e4tzte Lesezeit\" \/>\n\t<meta name=\"twitter:data1\" content=\"2\u00a0Minuten\" \/>\n<script type=\"application\/ld+json\" class=\"yoast-schema-graph\">{\"@context\":\"https:\\\/\\\/schema.org\",\"@graph\":[{\"@type\":\"WebPage\",\"@id\":\"https:\\\/\\\/www.trading-ideen.de\\\/wordpress\\\/seminare\\\/\",\"url\":\"https:\\\/\\\/www.trading-ideen.de\\\/wordpress\\\/seminare\\\/\",\"name\":\"Seminare - Trading-Ideen.de\",\"isPartOf\":{\"@id\":\"https:\\\/\\\/www.trading-ideen.de\\\/wordpress\\\/#website\"},\"datePublished\":\"2016-05-27T09:58:31+00:00\",\"dateModified\":\"2016-11-25T15:55:48+00:00\",\"breadcrumb\":{\"@id\":\"https:\\\/\\\/www.trading-ideen.de\\\/wordpress\\\/seminare\\\/#breadcrumb\"},\"inLanguage\":\"de\",\"potentialAction\":[{\"@type\":\"ReadAction\",\"target\":[\"https:\\\/\\\/www.trading-ideen.de\\\/wordpress\\\/seminare\\\/\"]}]},{\"@type\":\"BreadcrumbList\",\"@id\":\"https:\\\/\\\/www.trading-ideen.de\\\/wordpress\\\/seminare\\\/#breadcrumb\",\"itemListElement\":[{\"@type\":\"ListItem\",\"position\":1,\"name\":\"Home\",\"item\":\"https:\\\/\\\/www.trading-ideen.de\\\/wordpress\\\/\"},{\"@type\":\"ListItem\",\"position\":2,\"name\":\"Seminare\"}]},{\"@type\":\"WebSite\",\"@id\":\"https:\\\/\\\/www.trading-ideen.de\\\/wordpress\\\/#website\",\"url\":\"https:\\\/\\\/www.trading-ideen.de\\\/wordpress\\\/\",\"name\":\"Trading-Ideen.de\",\"description\":\"Tipps und Gedanken zur B\u00f6rse\",\"potentialAction\":[{\"@type\":\"SearchAction\",\"target\":{\"@type\":\"EntryPoint\",\"urlTemplate\":\"https:\\\/\\\/www.trading-ideen.de\\\/wordpress\\\/?s={search_term_string}\"},\"query-input\":{\"@type\":\"PropertyValueSpecification\",\"valueRequired\":true,\"valueName\":\"search_term_string\"}}],\"inLanguage\":\"de\"}]}<\/script>\n<!-- \/ Yoast SEO plugin. -->","yoast_head_json":{"title":"Seminare - Trading-Ideen.de","robots":{"index":"index","follow":"follow","max-snippet":"max-snippet:-1","max-image-preview":"max-image-preview:large","max-video-preview":"max-video-preview:-1"},"canonical":"https:\/\/www.trading-ideen.de\/wordpress\/seminare\/","twitter_misc":{"Gesch\u00e4tzte Lesezeit":"2\u00a0Minuten"},"schema":{"@context":"https:\/\/schema.org","@graph":[{"@type":"WebPage","@id":"https:\/\/www.trading-ideen.de\/wordpress\/seminare\/","url":"https:\/\/www.trading-ideen.de\/wordpress\/seminare\/","name":"Seminare - Trading-Ideen.de","isPartOf":{"@id":"https:\/\/www.trading-ideen.de\/wordpress\/#website"},"datePublished":"2016-05-27T09:58:31+00:00","dateModified":"2016-11-25T15:55:48+00:00","breadcrumb":{"@id":"https:\/\/www.trading-ideen.de\/wordpress\/seminare\/#breadcrumb"},"inLanguage":"de","potentialAction":[{"@type":"ReadAction","target":["https:\/\/www.trading-ideen.de\/wordpress\/seminare\/"]}]},{"@type":"BreadcrumbList","@id":"https:\/\/www.trading-ideen.de\/wordpress\/seminare\/#breadcrumb","itemListElement":[{"@type":"ListItem","position":1,"name":"Home","item":"https:\/\/www.trading-ideen.de\/wordpress\/"},{"@type":"ListItem","position":2,"name":"Seminare"}]},{"@type":"WebSite","@id":"https:\/\/www.trading-ideen.de\/wordpress\/#website","url":"https:\/\/www.trading-ideen.de\/wordpress\/","name":"Trading-Ideen.de","description":"Tipps und Gedanken zur B\u00f6rse","potentialAction":[{"@type":"SearchAction","target":{"@type":"EntryPoint","urlTemplate":"https:\/\/www.trading-ideen.de\/wordpress\/?s={search_term_string}"},"query-input":{"@type":"PropertyValueSpecification","valueRequired":true,"valueName":"search_term_string"}}],"inLanguage":"de"}]}},"_links":{"self":[{"href":"https:\/\/www.trading-ideen.de\/wordpress\/wp-json\/wp\/v2\/pages\/2877","targetHints":{"allow":["GET"]}}],"collection":[{"href":"https:\/\/www.trading-ideen.de\/wordpress\/wp-json\/wp\/v2\/pages"}],"about":[{"href":"https:\/\/www.trading-ideen.de\/wordpress\/wp-json\/wp\/v2\/types\/page"}],"author":[{"embeddable":true,"href":"https:\/\/www.trading-ideen.de\/wordpress\/wp-json\/wp\/v2\/users\/1"}],"replies":[{"embeddable":true,"href":"https:\/\/www.trading-ideen.de\/wordpress\/wp-json\/wp\/v2\/comments?post=2877"}],"version-history":[{"count":40,"href":"https:\/\/www.trading-ideen.de\/wordpress\/wp-json\/wp\/v2\/pages\/2877\/revisions"}],"predecessor-version":[{"id":3241,"href":"https:\/\/www.trading-ideen.de\/wordpress\/wp-json\/wp\/v2\/pages\/2877\/revisions\/3241"}],"wp:attachment":[{"href":"https:\/\/www.trading-ideen.de\/wordpress\/wp-json\/wp\/v2\/media?parent=2877"}],"curies":[{"name":"wp","href":"https:\/\/api.w.org\/{rel}","templated":true}]}}