{"id":3641,"date":"2016-08-22T22:17:12","date_gmt":"2016-08-22T20:17:12","guid":{"rendered":"http:\/\/www.trading-ideen.de\/wordpress\/?page_id=3641"},"modified":"2018-01-09T00:04:48","modified_gmt":"2018-01-08T23:04:48","slug":"der-broker-tipp","status":"publish","type":"page","link":"https:\/\/www.trading-ideen.de\/wordpress\/der-broker-tipp\/","title":{"rendered":"Broker-Tipp"},"content":{"rendered":"<h2><strong>So w\u00e4hlen Sie einen Broker aus<\/strong><\/h2>\n<p>Es gibt eine Vielzahl an Brokern. Die Frage nach dem besten Broker ist eigentlich nicht fair, denn jeder Broker hat seine Vorteile und Nachteile. Achten Sie deshalb auf Ihre pers\u00f6nlichen Priorit\u00e4ten.<\/p>\n<h3><strong>Einige wichtige Fragen sollten Sie sich stellen:<\/strong><\/h3>\n<ul>\n<li><em>Wie sieht mein pers\u00f6nlicher Handelsstil aus?<br \/>\n<\/em>Wenn der Trader eine hohe Handelsfrequenz hat, dann ben\u00f6tigt er niedrige Brokergeb\u00fchren.<\/li>\n<li><em>Welche M\u00e4rkte sind f\u00fcr mich interessant?<br \/>\n<\/em>Der Broker muss mein Handelsgebiet voll abdecken.<br \/>\n(Aktien, W\u00e4hrungen, Futures, CFDs, Optionen, Anleihen, Rohstoffe, Fonds, Derivate)<\/li>\n<li><em>Welche Sicherheit gibt es f\u00fcr mein Kapital?<br \/>\n<\/em>Die meisten Broker sind international aufgestellt. Die Sicherheitsanforderungen richten sich nach dem Stammsitz des Brokers.<\/li>\n<li><em>Wie schnell ist der Broker bei meiner Orderausf\u00fchrung?<\/em><br \/>\nInsbesondere beim Daytrading m\u00fcssen die Ordereingabe und die Orderausf\u00fchrung schnell sein.<\/li>\n<li><em>Wenn technische Probleme entstehen, gibt es einen Helpdesk des<\/em> Brokers?<br \/>\nProbleme gibt es von Zeit zu Zeit bei jedem Broker. Sch\u00f6n, wenn es dann eine M\u00f6glichkeit zum direkten Broker-Kontakt gibt.<\/li>\n<li><em>Mit welcher Handelsplattform arbeitet der Broker?<br \/>\n<\/em>Viele Broker haben eigene Handelsplattformen zur Ordereingabe entwickelt. In der Regel gibt es passend dazu eine Anbindung mit Chart-Software. Am h\u00e4ufigsten werden MetaTrader 4 und 5 eingesetzt. Aber auch andere L\u00f6sungen sind gut. Daher sollte die Wahl des Brokers auch abh\u00e4ngig vom Software-Angebot sein.<\/li>\n<\/ul>\n<h3><strong>Es gibt zwei verschiedene Broker-Typen:<\/strong><\/h3>\n<ol>\n<li>Dealing Desk Broker (Market Maker)<\/li>\n<li>Non-Dealing Desk Broker<\/li>\n<\/ol>\n<p>Der <strong>Dealing Desk Broker<\/strong> ist ein Markt Maker und stellt Ihnen die Kurse. Er geht alle Gesch\u00e4fte auf eigenes Risiko ein, und wirkt als Gegenspieler des Traders. \u00dcblicherweise sichern Market Maker ihre Positionen ab, so dass sie weitgehend marktneutral sind. Der Aufwand muss bezahlt werden, und das \u00e4u\u00dfert sich oft in einer gr\u00f6\u00dferen Spanne zwischen An- und Verkaufskurs.<\/p>\n<p>Der <strong>Non-Dealing Desk Broker<\/strong> ist kein Market Maker, weil er die Orders des Traders weiterreicht. Er hat nur die Funktion des technischen Abwicklers. Weil er mit dem praktischen Handel keine Arbeit hat, \u00fcbernimmt er oft die Betreuung des Traders. Der Non-Dealing Desk Broker ist praktisch ein Animateur des Traders. Sein Verdienst entsteht durch eine kleine Kommission auf Basis des Handelsumsatzes. Einige Non-Dealing Desk Broker werben oft mit besonders niedrigen Spreads. An anderer Stelle werden dann gerne einmal Geb\u00fchren erh\u00f6ht.<\/p>\n<p>&nbsp;<\/p>\n<p><img loading=\"lazy\" decoding=\"async\" src=\"https:\/\/ad.doubleclick.net\/ddm\/ad\/N474001.2770403TRADING-IDEEN\/B11398154.151670662;sz=300x250;ord=[timestamp];dc_lat=;dc_rdid=;tag_for_child_directed_treatment=?\" alt=\"Advertisement\" width=\"300\" height=\"250\" border=\"0\" \/><\/p>\n","protected":false},"excerpt":{"rendered":"<div class=\"mh-excerpt\"><p>So w\u00e4hlen Sie einen Broker aus Es gibt eine Vielzahl an Brokern. Die Frage nach dem besten Broker ist eigentlich nicht fair, denn jeder Broker hat seine Vorteile und Nachteile. Achten Sie deshalb auf Ihre <a class=\"mh-excerpt-more\" href=\"https:\/\/www.trading-ideen.de\/wordpress\/der-broker-tipp\/\" title=\"Broker-Tipp\">[&#8230;]<\/a><\/p>\n<\/div>","protected":false},"author":1,"featured_media":0,"parent":0,"menu_order":0,"comment_status":"open","ping_status":"open","template":"","meta":{"footnotes":""},"class_list":["post-3641","page","type-page","status-publish"],"yoast_head":"<!-- This site is optimized with the Yoast SEO plugin v27.2 - https:\/\/yoast.com\/product\/yoast-seo-wordpress\/ -->\n<title>Broker-Tipp - Trading-Ideen.de<\/title>\n<meta name=\"description\" content=\"Unser Broker-Tipp ist GKFX. Der Broker bietet das beste Preis-Leistungs-Verh\u00e4ltnis. + Einlagensicherheit + viele Handelsinstrumente bei W\u00e4hrungen und CFDs\" \/>\n<meta name=\"robots\" content=\"index, follow, max-snippet:-1, max-image-preview:large, max-video-preview:-1\" \/>\n<link rel=\"canonical\" href=\"https:\/\/www.trading-ideen.de\/wordpress\/der-broker-tipp\/\" \/>\n<meta name=\"twitter:label1\" content=\"Gesch\u00e4tzte Lesezeit\" \/>\n\t<meta name=\"twitter:data1\" content=\"2\u00a0Minuten\" \/>\n<script type=\"application\/ld+json\" class=\"yoast-schema-graph\">{\"@context\":\"https:\/\/schema.org\",\"@graph\":[{\"@type\":\"WebPage\",\"@id\":\"https:\/\/www.trading-ideen.de\/wordpress\/der-broker-tipp\/\",\"url\":\"https:\/\/www.trading-ideen.de\/wordpress\/der-broker-tipp\/\",\"name\":\"Broker-Tipp - Trading-Ideen.de\",\"isPartOf\":{\"@id\":\"https:\/\/www.trading-ideen.de\/wordpress\/#website\"},\"primaryImageOfPage\":{\"@id\":\"https:\/\/www.trading-ideen.de\/wordpress\/der-broker-tipp\/#primaryimage\"},\"image\":{\"@id\":\"https:\/\/www.trading-ideen.de\/wordpress\/der-broker-tipp\/#primaryimage\"},\"thumbnailUrl\":\"https:\/\/ad.doubleclick.net\/ddm\/ad\/N474001.2770403TRADING-IDEEN\/B11398154.151670662;sz=300x250;ord=[timestamp];dc_lat=;dc_rdid=;tag_for_child_directed_treatment=?\",\"datePublished\":\"2016-08-22T20:17:12+00:00\",\"dateModified\":\"2018-01-08T23:04:48+00:00\",\"description\":\"Unser Broker-Tipp ist GKFX. Der Broker bietet das beste Preis-Leistungs-Verh\u00e4ltnis. + Einlagensicherheit + viele Handelsinstrumente bei W\u00e4hrungen und CFDs\",\"breadcrumb\":{\"@id\":\"https:\/\/www.trading-ideen.de\/wordpress\/der-broker-tipp\/#breadcrumb\"},\"inLanguage\":\"de\",\"potentialAction\":[{\"@type\":\"ReadAction\",\"target\":[\"https:\/\/www.trading-ideen.de\/wordpress\/der-broker-tipp\/\"]}]},{\"@type\":\"ImageObject\",\"inLanguage\":\"de\",\"@id\":\"https:\/\/www.trading-ideen.de\/wordpress\/der-broker-tipp\/#primaryimage\",\"url\":\"https:\/\/ad.doubleclick.net\/ddm\/ad\/N474001.2770403TRADING-IDEEN\/B11398154.151670662;sz=300x250;ord=[timestamp];dc_lat=;dc_rdid=;tag_for_child_directed_treatment=?\",\"contentUrl\":\"https:\/\/ad.doubleclick.net\/ddm\/ad\/N474001.2770403TRADING-IDEEN\/B11398154.151670662;sz=300x250;ord=[timestamp];dc_lat=;dc_rdid=;tag_for_child_directed_treatment=?\"},{\"@type\":\"BreadcrumbList\",\"@id\":\"https:\/\/www.trading-ideen.de\/wordpress\/der-broker-tipp\/#breadcrumb\",\"itemListElement\":[{\"@type\":\"ListItem\",\"position\":1,\"name\":\"Home\",\"item\":\"https:\/\/www.trading-ideen.de\/wordpress\/\"},{\"@type\":\"ListItem\",\"position\":2,\"name\":\"Broker-Tipp\"}]},{\"@type\":\"WebSite\",\"@id\":\"https:\/\/www.trading-ideen.de\/wordpress\/#website\",\"url\":\"https:\/\/www.trading-ideen.de\/wordpress\/\",\"name\":\"Trading-Ideen.de\",\"description\":\"Tipps und Gedanken zur B\u00f6rse\",\"potentialAction\":[{\"@type\":\"SearchAction\",\"target\":{\"@type\":\"EntryPoint\",\"urlTemplate\":\"https:\/\/www.trading-ideen.de\/wordpress\/?s={search_term_string}\"},\"query-input\":{\"@type\":\"PropertyValueSpecification\",\"valueRequired\":true,\"valueName\":\"search_term_string\"}}],\"inLanguage\":\"de\"}]}<\/script>\n<!-- \/ Yoast SEO plugin. -->","yoast_head_json":{"title":"Broker-Tipp - Trading-Ideen.de","description":"Unser Broker-Tipp ist GKFX. Der Broker bietet das beste Preis-Leistungs-Verh\u00e4ltnis. + Einlagensicherheit + viele Handelsinstrumente bei W\u00e4hrungen und CFDs","robots":{"index":"index","follow":"follow","max-snippet":"max-snippet:-1","max-image-preview":"max-image-preview:large","max-video-preview":"max-video-preview:-1"},"canonical":"https:\/\/www.trading-ideen.de\/wordpress\/der-broker-tipp\/","twitter_misc":{"Gesch\u00e4tzte Lesezeit":"2\u00a0Minuten"},"schema":{"@context":"https:\/\/schema.org","@graph":[{"@type":"WebPage","@id":"https:\/\/www.trading-ideen.de\/wordpress\/der-broker-tipp\/","url":"https:\/\/www.trading-ideen.de\/wordpress\/der-broker-tipp\/","name":"Broker-Tipp - Trading-Ideen.de","isPartOf":{"@id":"https:\/\/www.trading-ideen.de\/wordpress\/#website"},"primaryImageOfPage":{"@id":"https:\/\/www.trading-ideen.de\/wordpress\/der-broker-tipp\/#primaryimage"},"image":{"@id":"https:\/\/www.trading-ideen.de\/wordpress\/der-broker-tipp\/#primaryimage"},"thumbnailUrl":"https:\/\/ad.doubleclick.net\/ddm\/ad\/N474001.2770403TRADING-IDEEN\/B11398154.151670662;sz=300x250;ord=[timestamp];dc_lat=;dc_rdid=;tag_for_child_directed_treatment=?","datePublished":"2016-08-22T20:17:12+00:00","dateModified":"2018-01-08T23:04:48+00:00","description":"Unser Broker-Tipp ist GKFX. Der Broker bietet das beste Preis-Leistungs-Verh\u00e4ltnis. + Einlagensicherheit + viele Handelsinstrumente bei W\u00e4hrungen und CFDs","breadcrumb":{"@id":"https:\/\/www.trading-ideen.de\/wordpress\/der-broker-tipp\/#breadcrumb"},"inLanguage":"de","potentialAction":[{"@type":"ReadAction","target":["https:\/\/www.trading-ideen.de\/wordpress\/der-broker-tipp\/"]}]},{"@type":"ImageObject","inLanguage":"de","@id":"https:\/\/www.trading-ideen.de\/wordpress\/der-broker-tipp\/#primaryimage","url":"https:\/\/ad.doubleclick.net\/ddm\/ad\/N474001.2770403TRADING-IDEEN\/B11398154.151670662;sz=300x250;ord=[timestamp];dc_lat=;dc_rdid=;tag_for_child_directed_treatment=?","contentUrl":"https:\/\/ad.doubleclick.net\/ddm\/ad\/N474001.2770403TRADING-IDEEN\/B11398154.151670662;sz=300x250;ord=[timestamp];dc_lat=;dc_rdid=;tag_for_child_directed_treatment=?"},{"@type":"BreadcrumbList","@id":"https:\/\/www.trading-ideen.de\/wordpress\/der-broker-tipp\/#breadcrumb","itemListElement":[{"@type":"ListItem","position":1,"name":"Home","item":"https:\/\/www.trading-ideen.de\/wordpress\/"},{"@type":"ListItem","position":2,"name":"Broker-Tipp"}]},{"@type":"WebSite","@id":"https:\/\/www.trading-ideen.de\/wordpress\/#website","url":"https:\/\/www.trading-ideen.de\/wordpress\/","name":"Trading-Ideen.de","description":"Tipps und Gedanken zur B\u00f6rse","potentialAction":[{"@type":"SearchAction","target":{"@type":"EntryPoint","urlTemplate":"https:\/\/www.trading-ideen.de\/wordpress\/?s={search_term_string}"},"query-input":{"@type":"PropertyValueSpecification","valueRequired":true,"valueName":"search_term_string"}}],"inLanguage":"de"}]}},"_links":{"self":[{"href":"https:\/\/www.trading-ideen.de\/wordpress\/wp-json\/wp\/v2\/pages\/3641","targetHints":{"allow":["GET"]}}],"collection":[{"href":"https:\/\/www.trading-ideen.de\/wordpress\/wp-json\/wp\/v2\/pages"}],"about":[{"href":"https:\/\/www.trading-ideen.de\/wordpress\/wp-json\/wp\/v2\/types\/page"}],"author":[{"embeddable":true,"href":"https:\/\/www.trading-ideen.de\/wordpress\/wp-json\/wp\/v2\/users\/1"}],"replies":[{"embeddable":true,"href":"https:\/\/www.trading-ideen.de\/wordpress\/wp-json\/wp\/v2\/comments?post=3641"}],"version-history":[{"count":26,"href":"https:\/\/www.trading-ideen.de\/wordpress\/wp-json\/wp\/v2\/pages\/3641\/revisions"}],"predecessor-version":[{"id":7178,"href":"https:\/\/www.trading-ideen.de\/wordpress\/wp-json\/wp\/v2\/pages\/3641\/revisions\/7178"}],"wp:attachment":[{"href":"https:\/\/www.trading-ideen.de\/wordpress\/wp-json\/wp\/v2\/media?parent=3641"}],"curies":[{"name":"wp","href":"https:\/\/api.w.org\/{rel}","templated":true}]}}