{"id":4,"date":"2015-06-15T18:46:58","date_gmt":"2015-06-15T16:46:58","guid":{"rendered":"http:\/\/www.trading-ideen.de\/wordpress\/?page_id=4"},"modified":"2020-09-29T17:34:16","modified_gmt":"2020-09-29T15:34:16","slug":"ueber-uns","status":"publish","type":"page","link":"https:\/\/www.trading-ideen.de\/wordpress\/ueber-uns\/","title":{"rendered":"\u00dcber Uns"},"content":{"rendered":"<p><strong>Trading-Ideen.de ist ein Projekt von\u00a0Christian Lukas<\/strong><\/p>\n<p><a href=\"https:\/\/www.trading-ideen.de\/wordpress\/rechtliches\/\">Impressum<\/a><\/p>\n<p>Liebe Leserinnen und liebe Leser,<\/p>\n<p>Trading-Ideen.de ist eine Webseite f\u00fcr alle B\u00f6rseninteressierte. Die Seite existiert seit 2015 und war urspr\u00fcnglich einmal ein Gemeinschaftsprojekt unter Trader-Kollegen.<\/p>\n<p>Die meisten Beitr\u00e4ge betreffen den kurzfristigen B\u00f6rsenhandel und deshalb steht die Technische Analyse von Kursverl\u00e4ufen im Fokus. Gehandelt werden in erster Linie Aktien, B\u00f6rsenindizes und Rohstoffe.<\/p>\n<p>Einen gro\u00dfen Bereich nimmt sicherlich das B\u00f6rsen Know-how ein. Auf der Webseite befinden sich viele Artikel zur B\u00f6rsenanalyse. Zur Schnellsuche empfehlen wir das Suchfeld im oberen Bereich der rechten Spalte der Webseite. Ansonsten empfehlen wir euch den Klick auf die obere Registerkarte &#8222;Knowhow&#8220;.<\/p>\n<p>Auf Trading-Ideen.de gibt es ausschlie\u00dflich Texte und Beitr\u00e4ge, die von Praktikern verfasst werden. Qualit\u00e4t ist uns wichtig.<\/p>\n<p><em>Viel Spa\u00df w\u00fcnscht Ihnen<\/em><\/p>\n<p>Christian Lukas<\/p>\n<figure id=\"attachment_10082\" aria-describedby=\"caption-attachment-10082\" style=\"width: 257px\" class=\"wp-caption aligncenter\"><a href=\"https:\/\/www.trading-ideen.de\/wordpress\/wp-content\/uploads\/2020\/09\/CL-Web-scaled.jpg\"><img loading=\"lazy\" decoding=\"async\" class=\" wp-image-10082\" src=\"https:\/\/www.trading-ideen.de\/wordpress\/wp-content\/uploads\/2020\/09\/CL-Web-scaled.jpg\" alt=\"\" width=\"257\" height=\"360\" srcset=\"https:\/\/www.trading-ideen.de\/wordpress\/wp-content\/uploads\/2020\/09\/CL-Web-scaled.jpg 1828w, https:\/\/www.trading-ideen.de\/wordpress\/wp-content\/uploads\/2020\/09\/CL-Web-428x600.jpg 428w, https:\/\/www.trading-ideen.de\/wordpress\/wp-content\/uploads\/2020\/09\/CL-Web-1462x2048.jpg 1462w\" sizes=\"auto, (max-width: 257px) 100vw, 257px\" \/><\/a><figcaption id=\"caption-attachment-10082\" class=\"wp-caption-text\">5 : 7 Hochformat<\/figcaption><\/figure>\n<p><strong>Wer mehr wissen m\u00f6chte. Hier gibt es ein paar Kurzportraits:<\/strong><\/p>\n<p><a href=\"https:\/\/www.trading-ideen.de\/wordpress\/ueber-uns\/christian-lukas\/\" target=\"_blank\" rel=\"noopener noreferrer\">Christian Lukas<\/a><\/p>\n<p><a href=\"https:\/\/www.trading-ideen.de\/wordpress\/ueber-uns\/marko-klingner\/\" target=\"_blank\" rel=\"noopener noreferrer\">Marko Klingner<\/a><\/p>\n<p>&nbsp;<\/p>\n","protected":false},"excerpt":{"rendered":"<div class=\"mh-excerpt\"><p>Trading-Ideen.de ist ein Projekt von\u00a0Christian Lukas Impressum Liebe Leserinnen und liebe Leser, Trading-Ideen.de ist eine Webseite f\u00fcr alle B\u00f6rseninteressierte. Die Seite existiert seit 2015 und war urspr\u00fcnglich einmal ein Gemeinschaftsprojekt unter Trader-Kollegen. Die meisten Beitr\u00e4ge <a class=\"mh-excerpt-more\" href=\"https:\/\/www.trading-ideen.de\/wordpress\/ueber-uns\/\" title=\"\u00dcber Uns\">[&#8230;]<\/a><\/p>\n<\/div>","protected":false},"author":1,"featured_media":0,"parent":0,"menu_order":1,"comment_status":"open","ping_status":"open","template":"","meta":{"footnotes":""},"class_list":["post-4","page","type-page","status-publish"],"yoast_head":"<!-- This site is optimized with the Yoast SEO plugin v27.4 - https:\/\/yoast.com\/product\/yoast-seo-wordpress\/ -->\n<title>\u00dcber Uns - Trading-Ideen.de<\/title>\n<meta name=\"description\" content=\"Die Macher des Gemeinschaftsprojektes: Trading-Ideen.de\" \/>\n<meta name=\"robots\" content=\"index, follow, max-snippet:-1, max-image-preview:large, max-video-preview:-1\" \/>\n<link rel=\"canonical\" href=\"https:\/\/www.trading-ideen.de\/wordpress\/ueber-uns\/\" \/>\n<meta name=\"twitter:label1\" content=\"Gesch\u00e4tzte Lesezeit\" \/>\n\t<meta name=\"twitter:data1\" content=\"1\u00a0Minute\" \/>\n<script type=\"application\/ld+json\" class=\"yoast-schema-graph\">{\"@context\":\"https:\\\/\\\/schema.org\",\"@graph\":[{\"@type\":\"WebPage\",\"@id\":\"https:\\\/\\\/www.trading-ideen.de\\\/wordpress\\\/ueber-uns\\\/\",\"url\":\"https:\\\/\\\/www.trading-ideen.de\\\/wordpress\\\/ueber-uns\\\/\",\"name\":\"\u00dcber Uns - Trading-Ideen.de\",\"isPartOf\":{\"@id\":\"https:\\\/\\\/www.trading-ideen.de\\\/wordpress\\\/#website\"},\"primaryImageOfPage\":{\"@id\":\"https:\\\/\\\/www.trading-ideen.de\\\/wordpress\\\/ueber-uns\\\/#primaryimage\"},\"image\":{\"@id\":\"https:\\\/\\\/www.trading-ideen.de\\\/wordpress\\\/ueber-uns\\\/#primaryimage\"},\"thumbnailUrl\":\"http:\\\/\\\/www.trading-ideen.de\\\/wordpress\\\/wp-content\\\/uploads\\\/2020\\\/09\\\/CL-Web-scaled.jpg\",\"datePublished\":\"2015-06-15T16:46:58+00:00\",\"dateModified\":\"2020-09-29T15:34:16+00:00\",\"description\":\"Die Macher des Gemeinschaftsprojektes: Trading-Ideen.de\",\"breadcrumb\":{\"@id\":\"https:\\\/\\\/www.trading-ideen.de\\\/wordpress\\\/ueber-uns\\\/#breadcrumb\"},\"inLanguage\":\"de\",\"potentialAction\":[{\"@type\":\"ReadAction\",\"target\":[\"https:\\\/\\\/www.trading-ideen.de\\\/wordpress\\\/ueber-uns\\\/\"]}]},{\"@type\":\"ImageObject\",\"inLanguage\":\"de\",\"@id\":\"https:\\\/\\\/www.trading-ideen.de\\\/wordpress\\\/ueber-uns\\\/#primaryimage\",\"url\":\"http:\\\/\\\/www.trading-ideen.de\\\/wordpress\\\/wp-content\\\/uploads\\\/2020\\\/09\\\/CL-Web-scaled.jpg\",\"contentUrl\":\"http:\\\/\\\/www.trading-ideen.de\\\/wordpress\\\/wp-content\\\/uploads\\\/2020\\\/09\\\/CL-Web-scaled.jpg\"},{\"@type\":\"BreadcrumbList\",\"@id\":\"https:\\\/\\\/www.trading-ideen.de\\\/wordpress\\\/ueber-uns\\\/#breadcrumb\",\"itemListElement\":[{\"@type\":\"ListItem\",\"position\":1,\"name\":\"Home\",\"item\":\"https:\\\/\\\/www.trading-ideen.de\\\/wordpress\\\/\"},{\"@type\":\"ListItem\",\"position\":2,\"name\":\"\u00dcber Uns\"}]},{\"@type\":\"WebSite\",\"@id\":\"https:\\\/\\\/www.trading-ideen.de\\\/wordpress\\\/#website\",\"url\":\"https:\\\/\\\/www.trading-ideen.de\\\/wordpress\\\/\",\"name\":\"Trading-Ideen.de\",\"description\":\"Tipps und Gedanken zur B\u00f6rse\",\"potentialAction\":[{\"@type\":\"SearchAction\",\"target\":{\"@type\":\"EntryPoint\",\"urlTemplate\":\"https:\\\/\\\/www.trading-ideen.de\\\/wordpress\\\/?s={search_term_string}\"},\"query-input\":{\"@type\":\"PropertyValueSpecification\",\"valueRequired\":true,\"valueName\":\"search_term_string\"}}],\"inLanguage\":\"de\"}]}<\/script>\n<!-- \/ Yoast SEO plugin. -->","yoast_head_json":{"title":"\u00dcber Uns - Trading-Ideen.de","description":"Die Macher des Gemeinschaftsprojektes: Trading-Ideen.de","robots":{"index":"index","follow":"follow","max-snippet":"max-snippet:-1","max-image-preview":"max-image-preview:large","max-video-preview":"max-video-preview:-1"},"canonical":"https:\/\/www.trading-ideen.de\/wordpress\/ueber-uns\/","twitter_misc":{"Gesch\u00e4tzte Lesezeit":"1\u00a0Minute"},"schema":{"@context":"https:\/\/schema.org","@graph":[{"@type":"WebPage","@id":"https:\/\/www.trading-ideen.de\/wordpress\/ueber-uns\/","url":"https:\/\/www.trading-ideen.de\/wordpress\/ueber-uns\/","name":"\u00dcber Uns - Trading-Ideen.de","isPartOf":{"@id":"https:\/\/www.trading-ideen.de\/wordpress\/#website"},"primaryImageOfPage":{"@id":"https:\/\/www.trading-ideen.de\/wordpress\/ueber-uns\/#primaryimage"},"image":{"@id":"https:\/\/www.trading-ideen.de\/wordpress\/ueber-uns\/#primaryimage"},"thumbnailUrl":"http:\/\/www.trading-ideen.de\/wordpress\/wp-content\/uploads\/2020\/09\/CL-Web-scaled.jpg","datePublished":"2015-06-15T16:46:58+00:00","dateModified":"2020-09-29T15:34:16+00:00","description":"Die Macher des Gemeinschaftsprojektes: Trading-Ideen.de","breadcrumb":{"@id":"https:\/\/www.trading-ideen.de\/wordpress\/ueber-uns\/#breadcrumb"},"inLanguage":"de","potentialAction":[{"@type":"ReadAction","target":["https:\/\/www.trading-ideen.de\/wordpress\/ueber-uns\/"]}]},{"@type":"ImageObject","inLanguage":"de","@id":"https:\/\/www.trading-ideen.de\/wordpress\/ueber-uns\/#primaryimage","url":"http:\/\/www.trading-ideen.de\/wordpress\/wp-content\/uploads\/2020\/09\/CL-Web-scaled.jpg","contentUrl":"http:\/\/www.trading-ideen.de\/wordpress\/wp-content\/uploads\/2020\/09\/CL-Web-scaled.jpg"},{"@type":"BreadcrumbList","@id":"https:\/\/www.trading-ideen.de\/wordpress\/ueber-uns\/#breadcrumb","itemListElement":[{"@type":"ListItem","position":1,"name":"Home","item":"https:\/\/www.trading-ideen.de\/wordpress\/"},{"@type":"ListItem","position":2,"name":"\u00dcber Uns"}]},{"@type":"WebSite","@id":"https:\/\/www.trading-ideen.de\/wordpress\/#website","url":"https:\/\/www.trading-ideen.de\/wordpress\/","name":"Trading-Ideen.de","description":"Tipps und Gedanken zur B\u00f6rse","potentialAction":[{"@type":"SearchAction","target":{"@type":"EntryPoint","urlTemplate":"https:\/\/www.trading-ideen.de\/wordpress\/?s={search_term_string}"},"query-input":{"@type":"PropertyValueSpecification","valueRequired":true,"valueName":"search_term_string"}}],"inLanguage":"de"}]}},"_links":{"self":[{"href":"https:\/\/www.trading-ideen.de\/wordpress\/wp-json\/wp\/v2\/pages\/4","targetHints":{"allow":["GET"]}}],"collection":[{"href":"https:\/\/www.trading-ideen.de\/wordpress\/wp-json\/wp\/v2\/pages"}],"about":[{"href":"https:\/\/www.trading-ideen.de\/wordpress\/wp-json\/wp\/v2\/types\/page"}],"author":[{"embeddable":true,"href":"https:\/\/www.trading-ideen.de\/wordpress\/wp-json\/wp\/v2\/users\/1"}],"replies":[{"embeddable":true,"href":"https:\/\/www.trading-ideen.de\/wordpress\/wp-json\/wp\/v2\/comments?post=4"}],"version-history":[{"count":60,"href":"https:\/\/www.trading-ideen.de\/wordpress\/wp-json\/wp\/v2\/pages\/4\/revisions"}],"predecessor-version":[{"id":10084,"href":"https:\/\/www.trading-ideen.de\/wordpress\/wp-json\/wp\/v2\/pages\/4\/revisions\/10084"}],"wp:attachment":[{"href":"https:\/\/www.trading-ideen.de\/wordpress\/wp-json\/wp\/v2\/media?parent=4"}],"curies":[{"name":"wp","href":"https:\/\/api.w.org\/{rel}","templated":true}]}}