{"id":4089,"date":"2016-10-24T17:49:34","date_gmt":"2016-10-24T15:49:34","guid":{"rendered":"http:\/\/www.trading-ideen.de\/wordpress\/?page_id=4089"},"modified":"2016-12-21T14:33:03","modified_gmt":"2016-12-21T13:33:03","slug":"statistik-trader","status":"publish","type":"page","link":"https:\/\/www.trading-ideen.de\/wordpress\/statistik-trader\/","title":{"rendered":"Statistik-Trader"},"content":{"rendered":"<p>Das Handelssystem \u201eStatistik-Trader\u201c ist eine Mischung aus der \u201eMarkttechnik\u201c in Verbindung mit statistischen Analysen. Beim erfolgreichen B\u00f6rsenhandel geht es immer darum, einen Wettbewerbsvorteil herauszuarbeiten. Mathematisch gesehen, dreht es sich immer um einen statistischen Vorteil.<\/p>\n<h3>Kennzahlen des Statistik-Trader-Systems<\/h3>\n<p>Innerhalb des Statistik-Trader-Systems nimmt das Risk- und Money-Management einen gro\u00dfen Bereich ein. Jeder Mensch hat ein individuelles Risikogef\u00fchl. Dennoch ist es Wichtigkeit, dass man sich der mathematischen Fehlbarkeit bewusst ist. Auch eine Top-Strategie mit einer Trefferquote von 95% liegt, wenn man lange genug handelt, mehrmals hintereinander falsch. Solche Drawdown-Phasen m\u00fcssen mit optimiertem Risk- und Money-Management so klein wie m\u00f6glich gehalten werden.<\/p>\n<p>Unser Statistik-Trader-System hat eine Trefferquote von 65%. Beim DAX-Handel generiert das System im Durchschnitt einen Gewinn von 22 DAX-Punkten und einen Verlust von 15 DAX-Punkten je Trade. Das ergibt ein Chance Risiko-Verh\u00e4ltnis von 1,47. Teilt man die Summe der Gewinne durch die Summe der Verluste ergibt das einen Profitfaktor von 2,73. Wer sich ein wenig mit Handelssystemen auskennt, der wei\u00df, dass der \u201eStatistik-Trader\u201c erstklassige Kennzahlen erzielt.<\/p>\n<p><a href=\"https:\/\/www.trading-ideen.de\/wordpress\/wp-content\/uploads\/2016\/10\/Equity.png\"><img loading=\"lazy\" decoding=\"async\" class=\"alignnone wp-image-4105 size-full\" src=\"https:\/\/www.trading-ideen.de\/wordpress\/wp-content\/uploads\/2016\/10\/Equity.png\" alt=\"equity\" width=\"600\" height=\"335\" srcset=\"https:\/\/www.trading-ideen.de\/wordpress\/wp-content\/uploads\/2016\/10\/Equity.png 600w, https:\/\/www.trading-ideen.de\/wordpress\/wp-content\/uploads\/2016\/10\/Equity-300x168.png 300w\" sizes=\"auto, (max-width: 600px) 100vw, 600px\" \/><\/a><\/p>\n<p>Bild: Kapitalkurve des &#8222;Statistik-Trader&#8220; bei 2% Kapitaleinsatz von 2% je Trade. Ausgewertet wurden mehr als 500 Trades in einem Zeitraum von 2 Jahren.<\/p>\n<p><span style=\"font-family: 'Arial','sans-serif'; color: #333333;\">Das Handelssystem kann auf verschiedene M\u00e4rkte angewandt werden. Wir bevorzugen den DAX, Dow Jones Industrial, S&amp;P 500, EUR\/USD, Gold und WTI-\u00d6l.<\/span><span style=\"font-family: 'Arial','sans-serif'; color: #333333;\">Mit Hilfe der unterschiedlichen M\u00e4rkte sorgen wir sowohl f\u00fcr eine gute Risikostreuung (Diversifikation), als auch f\u00fcr eine angenehme Handelsh\u00e4ufigkeit.<\/span><\/p>\n<p><!-- BEGINN des zanox-affiliate HTML-Code --><br \/>\n<!-- ( Der HTML-Code darf im Sinne der einwandfreien Funktionalit\u00e4t nicht ver\u00e4ndert werden! ) --><br \/>\n<a href=\"http:\/\/ad.zanox.com\/ppc\/?40838761C455928545T\"><img loading=\"lazy\" decoding=\"async\" src=\"http:\/\/ad.zanox.com\/ppv\/?40838761C455928545\" align=\"bottom\" width=\"468\" height=\"60\" border=\"0\" hspace=\"1\" alt=\"AGILA Haustierversicherung\"><\/a><br \/>\n<!-- ENDE des zanox-affiliate HTML-Code --><\/p>\n","protected":false},"excerpt":{"rendered":"<div class=\"mh-excerpt\"><p>Das Handelssystem \u201eStatistik-Trader\u201c ist eine Mischung aus der \u201eMarkttechnik\u201c in Verbindung mit statistischen Analysen. Beim erfolgreichen B\u00f6rsenhandel geht es immer darum, einen Wettbewerbsvorteil herauszuarbeiten. Mathematisch gesehen, dreht es sich immer um einen statistischen Vorteil. Kennzahlen <a class=\"mh-excerpt-more\" href=\"https:\/\/www.trading-ideen.de\/wordpress\/statistik-trader\/\" title=\"Statistik-Trader\">[&#8230;]<\/a><\/p>\n<\/div>","protected":false},"author":1,"featured_media":4100,"parent":0,"menu_order":0,"comment_status":"open","ping_status":"open","template":"","meta":{"footnotes":""},"class_list":["post-4089","page","type-page","status-publish","has-post-thumbnail"],"yoast_head":"<!-- This site is optimized with the Yoast SEO plugin v27.4 - https:\/\/yoast.com\/product\/yoast-seo-wordpress\/ -->\n<title>Statistik-Trader - Trading-Ideen.de<\/title>\n<meta name=\"description\" content=\"Der Statistik-Trader ist das Top-Handelssystem auf www.Trading-Ideen.de. B\u00f6rsengewinne werden mit Hilfe eines Wettbewerbsvorteils erzielt.\" \/>\n<meta name=\"robots\" content=\"index, follow, max-snippet:-1, max-image-preview:large, max-video-preview:-1\" \/>\n<link rel=\"canonical\" href=\"https:\/\/www.trading-ideen.de\/wordpress\/statistik-trader\/\" \/>\n<meta name=\"twitter:label1\" content=\"Gesch\u00e4tzte Lesezeit\" \/>\n\t<meta name=\"twitter:data1\" content=\"1\u00a0Minute\" \/>\n<script type=\"application\/ld+json\" class=\"yoast-schema-graph\">{\"@context\":\"https:\\\/\\\/schema.org\",\"@graph\":[{\"@type\":\"WebPage\",\"@id\":\"https:\\\/\\\/www.trading-ideen.de\\\/wordpress\\\/statistik-trader\\\/\",\"url\":\"https:\\\/\\\/www.trading-ideen.de\\\/wordpress\\\/statistik-trader\\\/\",\"name\":\"Statistik-Trader - Trading-Ideen.de\",\"isPartOf\":{\"@id\":\"https:\\\/\\\/www.trading-ideen.de\\\/wordpress\\\/#website\"},\"primaryImageOfPage\":{\"@id\":\"https:\\\/\\\/www.trading-ideen.de\\\/wordpress\\\/statistik-trader\\\/#primaryimage\"},\"image\":{\"@id\":\"https:\\\/\\\/www.trading-ideen.de\\\/wordpress\\\/statistik-trader\\\/#primaryimage\"},\"thumbnailUrl\":\"https:\\\/\\\/www.trading-ideen.de\\\/wordpress\\\/wp-content\\\/uploads\\\/2016\\\/10\\\/Beitrag-Statistik-Trader.png\",\"datePublished\":\"2016-10-24T15:49:34+00:00\",\"dateModified\":\"2016-12-21T13:33:03+00:00\",\"description\":\"Der Statistik-Trader ist das Top-Handelssystem auf www.Trading-Ideen.de. B\u00f6rsengewinne werden mit Hilfe eines Wettbewerbsvorteils erzielt.\",\"breadcrumb\":{\"@id\":\"https:\\\/\\\/www.trading-ideen.de\\\/wordpress\\\/statistik-trader\\\/#breadcrumb\"},\"inLanguage\":\"de\",\"potentialAction\":[{\"@type\":\"ReadAction\",\"target\":[\"https:\\\/\\\/www.trading-ideen.de\\\/wordpress\\\/statistik-trader\\\/\"]}]},{\"@type\":\"ImageObject\",\"inLanguage\":\"de\",\"@id\":\"https:\\\/\\\/www.trading-ideen.de\\\/wordpress\\\/statistik-trader\\\/#primaryimage\",\"url\":\"https:\\\/\\\/www.trading-ideen.de\\\/wordpress\\\/wp-content\\\/uploads\\\/2016\\\/10\\\/Beitrag-Statistik-Trader.png\",\"contentUrl\":\"https:\\\/\\\/www.trading-ideen.de\\\/wordpress\\\/wp-content\\\/uploads\\\/2016\\\/10\\\/Beitrag-Statistik-Trader.png\",\"width\":332,\"height\":57,\"caption\":\"Statistik-Trader\"},{\"@type\":\"BreadcrumbList\",\"@id\":\"https:\\\/\\\/www.trading-ideen.de\\\/wordpress\\\/statistik-trader\\\/#breadcrumb\",\"itemListElement\":[{\"@type\":\"ListItem\",\"position\":1,\"name\":\"Home\",\"item\":\"https:\\\/\\\/www.trading-ideen.de\\\/wordpress\\\/\"},{\"@type\":\"ListItem\",\"position\":2,\"name\":\"Statistik-Trader\"}]},{\"@type\":\"WebSite\",\"@id\":\"https:\\\/\\\/www.trading-ideen.de\\\/wordpress\\\/#website\",\"url\":\"https:\\\/\\\/www.trading-ideen.de\\\/wordpress\\\/\",\"name\":\"Trading-Ideen.de\",\"description\":\"Tipps und Gedanken zur B\u00f6rse\",\"potentialAction\":[{\"@type\":\"SearchAction\",\"target\":{\"@type\":\"EntryPoint\",\"urlTemplate\":\"https:\\\/\\\/www.trading-ideen.de\\\/wordpress\\\/?s={search_term_string}\"},\"query-input\":{\"@type\":\"PropertyValueSpecification\",\"valueRequired\":true,\"valueName\":\"search_term_string\"}}],\"inLanguage\":\"de\"}]}<\/script>\n<!-- \/ Yoast SEO plugin. -->","yoast_head_json":{"title":"Statistik-Trader - Trading-Ideen.de","description":"Der Statistik-Trader ist das Top-Handelssystem auf www.Trading-Ideen.de. B\u00f6rsengewinne werden mit Hilfe eines Wettbewerbsvorteils erzielt.","robots":{"index":"index","follow":"follow","max-snippet":"max-snippet:-1","max-image-preview":"max-image-preview:large","max-video-preview":"max-video-preview:-1"},"canonical":"https:\/\/www.trading-ideen.de\/wordpress\/statistik-trader\/","twitter_misc":{"Gesch\u00e4tzte Lesezeit":"1\u00a0Minute"},"schema":{"@context":"https:\/\/schema.org","@graph":[{"@type":"WebPage","@id":"https:\/\/www.trading-ideen.de\/wordpress\/statistik-trader\/","url":"https:\/\/www.trading-ideen.de\/wordpress\/statistik-trader\/","name":"Statistik-Trader - Trading-Ideen.de","isPartOf":{"@id":"https:\/\/www.trading-ideen.de\/wordpress\/#website"},"primaryImageOfPage":{"@id":"https:\/\/www.trading-ideen.de\/wordpress\/statistik-trader\/#primaryimage"},"image":{"@id":"https:\/\/www.trading-ideen.de\/wordpress\/statistik-trader\/#primaryimage"},"thumbnailUrl":"https:\/\/www.trading-ideen.de\/wordpress\/wp-content\/uploads\/2016\/10\/Beitrag-Statistik-Trader.png","datePublished":"2016-10-24T15:49:34+00:00","dateModified":"2016-12-21T13:33:03+00:00","description":"Der Statistik-Trader ist das Top-Handelssystem auf www.Trading-Ideen.de. B\u00f6rsengewinne werden mit Hilfe eines Wettbewerbsvorteils erzielt.","breadcrumb":{"@id":"https:\/\/www.trading-ideen.de\/wordpress\/statistik-trader\/#breadcrumb"},"inLanguage":"de","potentialAction":[{"@type":"ReadAction","target":["https:\/\/www.trading-ideen.de\/wordpress\/statistik-trader\/"]}]},{"@type":"ImageObject","inLanguage":"de","@id":"https:\/\/www.trading-ideen.de\/wordpress\/statistik-trader\/#primaryimage","url":"https:\/\/www.trading-ideen.de\/wordpress\/wp-content\/uploads\/2016\/10\/Beitrag-Statistik-Trader.png","contentUrl":"https:\/\/www.trading-ideen.de\/wordpress\/wp-content\/uploads\/2016\/10\/Beitrag-Statistik-Trader.png","width":332,"height":57,"caption":"Statistik-Trader"},{"@type":"BreadcrumbList","@id":"https:\/\/www.trading-ideen.de\/wordpress\/statistik-trader\/#breadcrumb","itemListElement":[{"@type":"ListItem","position":1,"name":"Home","item":"https:\/\/www.trading-ideen.de\/wordpress\/"},{"@type":"ListItem","position":2,"name":"Statistik-Trader"}]},{"@type":"WebSite","@id":"https:\/\/www.trading-ideen.de\/wordpress\/#website","url":"https:\/\/www.trading-ideen.de\/wordpress\/","name":"Trading-Ideen.de","description":"Tipps und Gedanken zur B\u00f6rse","potentialAction":[{"@type":"SearchAction","target":{"@type":"EntryPoint","urlTemplate":"https:\/\/www.trading-ideen.de\/wordpress\/?s={search_term_string}"},"query-input":{"@type":"PropertyValueSpecification","valueRequired":true,"valueName":"search_term_string"}}],"inLanguage":"de"}]}},"_links":{"self":[{"href":"https:\/\/www.trading-ideen.de\/wordpress\/wp-json\/wp\/v2\/pages\/4089","targetHints":{"allow":["GET"]}}],"collection":[{"href":"https:\/\/www.trading-ideen.de\/wordpress\/wp-json\/wp\/v2\/pages"}],"about":[{"href":"https:\/\/www.trading-ideen.de\/wordpress\/wp-json\/wp\/v2\/types\/page"}],"author":[{"embeddable":true,"href":"https:\/\/www.trading-ideen.de\/wordpress\/wp-json\/wp\/v2\/users\/1"}],"replies":[{"embeddable":true,"href":"https:\/\/www.trading-ideen.de\/wordpress\/wp-json\/wp\/v2\/comments?post=4089"}],"version-history":[{"count":6,"href":"https:\/\/www.trading-ideen.de\/wordpress\/wp-json\/wp\/v2\/pages\/4089\/revisions"}],"predecessor-version":[{"id":4605,"href":"https:\/\/www.trading-ideen.de\/wordpress\/wp-json\/wp\/v2\/pages\/4089\/revisions\/4605"}],"wp:featuredmedia":[{"embeddable":true,"href":"https:\/\/www.trading-ideen.de\/wordpress\/wp-json\/wp\/v2\/media\/4100"}],"wp:attachment":[{"href":"https:\/\/www.trading-ideen.de\/wordpress\/wp-json\/wp\/v2\/media?parent=4089"}],"curies":[{"name":"wp","href":"https:\/\/api.w.org\/{rel}","templated":true}]}}