{"id":529,"date":"2015-07-23T16:07:04","date_gmt":"2015-07-23T14:07:04","guid":{"rendered":"http:\/\/www.trading-ideen.de\/wordpress\/?page_id=529"},"modified":"2019-08-27T19:09:40","modified_gmt":"2019-08-27T17:09:40","slug":"christian-lukas","status":"publish","type":"page","link":"https:\/\/www.trading-ideen.de\/wordpress\/ueber-uns\/christian-lukas\/","title":{"rendered":"Christian Lukas"},"content":{"rendered":"<p>Guten Tag, mein Name ist <strong>Christian Lukas<\/strong> und man darf mich durchaus als b\u00f6rsenbesessenen Menschen bezeichnen. Ich habe Maschinenbau und Betriebswirtschaft studiert und w\u00e4hlte urspr\u00fcnglich die fundamentale B\u00f6rsenanalyse, um gute Aktien zu identifizieren. Als Ingenieur bin ich jedoch irgendwann zur technischen Analyse \u00fcbergegangen. Gleichzeitig wurde mein Anlagehorizont mit der Zeit immer k\u00fcrzer und das f\u00fchrte mich zum kurzfristigen Trading mit Derivaten.<\/p>\n<p>Mein Interview im Magazin &#8222;TRADERS&#8220; von 2013 zum download.<br \/>\n&#8222;<a title=\"TRADERS-Interview\" href=\"http:\/\/www.trading-ideen.de\/download\/Traders-Interview-TI.pdf\">Das Volumen ist mein Schl\u00fcssel zum Trading<\/a>&#8220;<\/p>\n<figure id=\"attachment_603\" aria-describedby=\"caption-attachment-603\" style=\"width: 300px\" class=\"wp-caption alignnone\"><a href=\"https:\/\/www.trading-ideen.de\/wordpress\/wp-content\/uploads\/2015\/07\/Luki_im_B\u00fcro.jpg\"><img loading=\"lazy\" decoding=\"async\" class=\"size-medium wp-image-603\" src=\"https:\/\/www.trading-ideen.de\/wordpress\/wp-content\/uploads\/2015\/07\/Luki_im_B\u00fcro-300x214.jpg\" alt=\"OLYMPUS DIGITAL CAMERA\" width=\"300\" height=\"214\" srcset=\"https:\/\/www.trading-ideen.de\/wordpress\/wp-content\/uploads\/2015\/07\/Luki_im_B\u00fcro-300x214.jpg 300w, https:\/\/www.trading-ideen.de\/wordpress\/wp-content\/uploads\/2015\/07\/Luki_im_B\u00fcro-1024x730.jpg 1024w\" sizes=\"auto, (max-width: 300px) 100vw, 300px\" \/><\/a><figcaption id=\"caption-attachment-603\" class=\"wp-caption-text\">im B\u00fcro<\/figcaption><\/figure>\n<p><strong>Mein B\u00f6rsenstart<br \/>\n<\/strong>1996 kaufte ich meine erste Aktie, den Maschinenbauer Deutz. Ganz im Sinne der klassischen Betriebswirtschaftslehre habe ich die Aktie unter die Lupe genommen. Welche Strategie verfolgt das Unternehmen? Wie sieht das Potenzial f\u00fcr die Zukunft aus? Welche betriebswirtschaftlichen Kennzahlen sprechen f\u00fcr das Unternehmen? Also die ganzen typischen Fragestellungen, die man als Investor stellen sollte. Was urspr\u00fcnglich als langfristige Investition gedacht war, verkaufte ich schon nach 3 Monaten wieder. Das brachte mir \u201ebahnbrechende\u201c 150 DM Gewinn. Also nichts Besonderes, aber ich hatte mir den B\u00f6rsenvirus eingefangen.<\/p>\n<p><strong>Warum die Technische Analyse?<\/strong><strong><br \/>\n<\/strong>Nach einer \u201eInkubationszeit\u201c von zwei Jahren besch\u00e4ftigte ich mich ab 1998 ausschlie\u00dflich mit der technischen Analyse. Als Unternehmer war mir schon von Anfang an klar, dass ein \u00dcberleben in den M\u00e4rkten nur \u00fcber Wettbewerbsvorteile m\u00f6glich ist. Ganz nach dem Motto: \u201eWenn zwei das gleiche machen, dann ist einer davon \u00fcberfl\u00fcssig\u201c. Deshalb ist es als Privatanleger praktisch unm\u00f6glich, mit der Fundamentalanalyse sich gegen\u00fcber Banken zu behaupten. Banken und andere Institutionelle haben einfach ganze andere M\u00f6glichkeiten, sich Informationen zu verschaffen.<\/p>\n<p><strong>Welche Methode ist gut?<br \/>\n<\/strong>Ich besch\u00e4ftigte mich zu Beginn meiner B\u00f6rsenkarriere mit so ziemlich allem, was die technische Analyse zu bieten hat. Irgendwann merkte ich: Nicht die Methode macht den Unterschied, sondern der Trader, der sie anwendet! Es ist der Trader, der sich die Wettbewerbsvorteile mit Hilfe seiner bevorzugten Methode erarbeitet. Ein schlechter Handwerker wird auch mit dem besten Werkzeug nicht viel besser. So ist es auch beim Trading. Um ein guter Trader zu sein, muss man seine Tools gut kennen und dann die mentale St\u00e4rke mitbringen, um sie konsequent anzuwenden. That\u00b4s all.<\/p>\n<p><strong>Die Spezialit\u00e4t<br \/>\n<\/strong>Mein Spezialgebiet ist die Volumen-Analyse. Es geht dabei um die Kombination von Kurs und Volumen. Der Kurs ist das Ergebnis, wie Marktteilnehmer eine Aktie bewerten. Dagegen zeigt mir das Handelsvolumen, was die Marktteilnehmer f\u00fchlen. Hohes Volumen ist immer ein Indiz f\u00fcr Angst oder Gier, w\u00e4hrend niedriges Volumen Interesselosigkeit andeutet. Nat\u00fcrlich bietet die Volumen-Analyse auch keine Gewinngarantie. Meine Handelssysteme zeigen jedoch, dass man mit ihr ein paar Prozente mehr herauskitzeln kann.<\/p>\n","protected":false},"excerpt":{"rendered":"<div class=\"mh-excerpt\"><p>Guten Tag, mein Name ist Christian Lukas und man darf mich durchaus als b\u00f6rsenbesessenen Menschen bezeichnen. Ich habe Maschinenbau und Betriebswirtschaft studiert und w\u00e4hlte urspr\u00fcnglich die fundamentale B\u00f6rsenanalyse, um gute Aktien zu identifizieren. Als Ingenieur <a class=\"mh-excerpt-more\" href=\"https:\/\/www.trading-ideen.de\/wordpress\/ueber-uns\/christian-lukas\/\" title=\"Christian Lukas\">[&#8230;]<\/a><\/p>\n<\/div>","protected":false},"author":4,"featured_media":0,"parent":4,"menu_order":0,"comment_status":"open","ping_status":"open","template":"","meta":{"footnotes":""},"class_list":["post-529","page","type-page","status-publish"],"yoast_head":"<!-- This site is optimized with the Yoast SEO plugin v27.4 - https:\/\/yoast.com\/product\/yoast-seo-wordpress\/ -->\n<title>Christian Lukas - Trading-Ideen.de<\/title>\n<meta name=\"robots\" content=\"index, follow, max-snippet:-1, max-image-preview:large, max-video-preview:-1\" \/>\n<link rel=\"canonical\" href=\"https:\/\/www.trading-ideen.de\/wordpress\/ueber-uns\/christian-lukas\/\" \/>\n<meta name=\"twitter:label1\" content=\"Gesch\u00e4tzte Lesezeit\" \/>\n\t<meta name=\"twitter:data1\" content=\"2\u00a0Minuten\" \/>\n<script type=\"application\/ld+json\" class=\"yoast-schema-graph\">{\"@context\":\"https:\\\/\\\/schema.org\",\"@graph\":[{\"@type\":\"WebPage\",\"@id\":\"https:\\\/\\\/www.trading-ideen.de\\\/wordpress\\\/ueber-uns\\\/christian-lukas\\\/\",\"url\":\"https:\\\/\\\/www.trading-ideen.de\\\/wordpress\\\/ueber-uns\\\/christian-lukas\\\/\",\"name\":\"Christian Lukas - Trading-Ideen.de\",\"isPartOf\":{\"@id\":\"https:\\\/\\\/www.trading-ideen.de\\\/wordpress\\\/#website\"},\"datePublished\":\"2015-07-23T14:07:04+00:00\",\"dateModified\":\"2019-08-27T17:09:40+00:00\",\"breadcrumb\":{\"@id\":\"https:\\\/\\\/www.trading-ideen.de\\\/wordpress\\\/ueber-uns\\\/christian-lukas\\\/#breadcrumb\"},\"inLanguage\":\"de\",\"potentialAction\":[{\"@type\":\"ReadAction\",\"target\":[\"https:\\\/\\\/www.trading-ideen.de\\\/wordpress\\\/ueber-uns\\\/christian-lukas\\\/\"]}]},{\"@type\":\"BreadcrumbList\",\"@id\":\"https:\\\/\\\/www.trading-ideen.de\\\/wordpress\\\/ueber-uns\\\/christian-lukas\\\/#breadcrumb\",\"itemListElement\":[{\"@type\":\"ListItem\",\"position\":1,\"name\":\"Home\",\"item\":\"https:\\\/\\\/www.trading-ideen.de\\\/wordpress\\\/\"},{\"@type\":\"ListItem\",\"position\":2,\"name\":\"\u00dcber Uns\",\"item\":\"https:\\\/\\\/www.trading-ideen.de\\\/wordpress\\\/ueber-uns\\\/\"},{\"@type\":\"ListItem\",\"position\":3,\"name\":\"Christian Lukas\"}]},{\"@type\":\"WebSite\",\"@id\":\"https:\\\/\\\/www.trading-ideen.de\\\/wordpress\\\/#website\",\"url\":\"https:\\\/\\\/www.trading-ideen.de\\\/wordpress\\\/\",\"name\":\"Trading-Ideen.de\",\"description\":\"Tipps und Gedanken zur B\u00f6rse\",\"potentialAction\":[{\"@type\":\"SearchAction\",\"target\":{\"@type\":\"EntryPoint\",\"urlTemplate\":\"https:\\\/\\\/www.trading-ideen.de\\\/wordpress\\\/?s={search_term_string}\"},\"query-input\":{\"@type\":\"PropertyValueSpecification\",\"valueRequired\":true,\"valueName\":\"search_term_string\"}}],\"inLanguage\":\"de\"}]}<\/script>\n<!-- \/ Yoast SEO plugin. -->","yoast_head_json":{"title":"Christian Lukas - Trading-Ideen.de","robots":{"index":"index","follow":"follow","max-snippet":"max-snippet:-1","max-image-preview":"max-image-preview:large","max-video-preview":"max-video-preview:-1"},"canonical":"https:\/\/www.trading-ideen.de\/wordpress\/ueber-uns\/christian-lukas\/","twitter_misc":{"Gesch\u00e4tzte Lesezeit":"2\u00a0Minuten"},"schema":{"@context":"https:\/\/schema.org","@graph":[{"@type":"WebPage","@id":"https:\/\/www.trading-ideen.de\/wordpress\/ueber-uns\/christian-lukas\/","url":"https:\/\/www.trading-ideen.de\/wordpress\/ueber-uns\/christian-lukas\/","name":"Christian Lukas - Trading-Ideen.de","isPartOf":{"@id":"https:\/\/www.trading-ideen.de\/wordpress\/#website"},"datePublished":"2015-07-23T14:07:04+00:00","dateModified":"2019-08-27T17:09:40+00:00","breadcrumb":{"@id":"https:\/\/www.trading-ideen.de\/wordpress\/ueber-uns\/christian-lukas\/#breadcrumb"},"inLanguage":"de","potentialAction":[{"@type":"ReadAction","target":["https:\/\/www.trading-ideen.de\/wordpress\/ueber-uns\/christian-lukas\/"]}]},{"@type":"BreadcrumbList","@id":"https:\/\/www.trading-ideen.de\/wordpress\/ueber-uns\/christian-lukas\/#breadcrumb","itemListElement":[{"@type":"ListItem","position":1,"name":"Home","item":"https:\/\/www.trading-ideen.de\/wordpress\/"},{"@type":"ListItem","position":2,"name":"\u00dcber Uns","item":"https:\/\/www.trading-ideen.de\/wordpress\/ueber-uns\/"},{"@type":"ListItem","position":3,"name":"Christian Lukas"}]},{"@type":"WebSite","@id":"https:\/\/www.trading-ideen.de\/wordpress\/#website","url":"https:\/\/www.trading-ideen.de\/wordpress\/","name":"Trading-Ideen.de","description":"Tipps und Gedanken zur B\u00f6rse","potentialAction":[{"@type":"SearchAction","target":{"@type":"EntryPoint","urlTemplate":"https:\/\/www.trading-ideen.de\/wordpress\/?s={search_term_string}"},"query-input":{"@type":"PropertyValueSpecification","valueRequired":true,"valueName":"search_term_string"}}],"inLanguage":"de"}]}},"_links":{"self":[{"href":"https:\/\/www.trading-ideen.de\/wordpress\/wp-json\/wp\/v2\/pages\/529","targetHints":{"allow":["GET"]}}],"collection":[{"href":"https:\/\/www.trading-ideen.de\/wordpress\/wp-json\/wp\/v2\/pages"}],"about":[{"href":"https:\/\/www.trading-ideen.de\/wordpress\/wp-json\/wp\/v2\/types\/page"}],"author":[{"embeddable":true,"href":"https:\/\/www.trading-ideen.de\/wordpress\/wp-json\/wp\/v2\/users\/4"}],"replies":[{"embeddable":true,"href":"https:\/\/www.trading-ideen.de\/wordpress\/wp-json\/wp\/v2\/comments?post=529"}],"version-history":[{"count":15,"href":"https:\/\/www.trading-ideen.de\/wordpress\/wp-json\/wp\/v2\/pages\/529\/revisions"}],"predecessor-version":[{"id":9217,"href":"https:\/\/www.trading-ideen.de\/wordpress\/wp-json\/wp\/v2\/pages\/529\/revisions\/9217"}],"up":[{"embeddable":true,"href":"https:\/\/www.trading-ideen.de\/wordpress\/wp-json\/wp\/v2\/pages\/4"}],"wp:attachment":[{"href":"https:\/\/www.trading-ideen.de\/wordpress\/wp-json\/wp\/v2\/media?parent=529"}],"curies":[{"name":"wp","href":"https:\/\/api.w.org\/{rel}","templated":true}]}}