{"id":5332,"date":"2017-03-10T23:46:05","date_gmt":"2017-03-10T22:46:05","guid":{"rendered":"http:\/\/www.trading-ideen.de\/wordpress\/?page_id=5332"},"modified":"2020-02-28T09:43:57","modified_gmt":"2020-02-28T08:43:57","slug":"saisonale-charts","status":"publish","type":"page","link":"https:\/\/www.trading-ideen.de\/wordpress\/saisonale-charts\/","title":{"rendered":"Saisonale Charts"},"content":{"rendered":"<h2>Kurzfristige saisonale Charts<\/h2>\n<p>Hier finden Sie Charts mit saisonalen Kursverlauf \u00fcber 10 Jahre. Das Besondere ist die kurzfristige Zeiteinstellung. \u00dcblicherweise werden f\u00fcr Seasonal-Charts Kurshistorien \u00fcber mehrere Jahrzehnte verwendet. Dabei wird der Fehler vernachl\u00e4ssigt, dass sich M\u00e4rkte, Unternehmen und Indizes erheblich ver\u00e4ndern.\u00a0Saisonale Charts sollten nur dann Kursreihen \u00fcber mehrere Jahrzehnte enthalten, wenn es um homogene Handelswerte geht\u00a0(z.B. Rohstoffe).<\/p>\n<p>Saisonale Charts sind Instrumente des Trendhandels. Handelswerte mit zyklischen Charakter weisen zu bestimmten Jahreszeiten \u00e4hnliche Kursverl\u00e4ufe auf. Deshalb gibt es zum Beispiel beim DAX oftmals eine Rallye im Fr\u00fchjahr.<\/p>\n<p>&nbsp;<\/p>\n<h3>DAX<\/h3>\n<p><a href=\"http:\/\/www.trading-ideen.de\/download\/DAX-saisonal10J.png\"><img loading=\"lazy\" decoding=\"async\" class=\"alignnone size-medium wp-image-2867\" src=\"http:\/\/www.trading-ideen.de\/download\/DAX-saisonal10J.png\" alt=\"DAX-saisonal10J.png\" width=\"600\" height=\"400\" \/><\/a><\/p>\n<h3>Dow Jones Industrial<\/h3>\n<p><a href=\"http:\/\/www.trading-ideen.de\/download\/DowJones-saisonal10J.png\"><img loading=\"lazy\" decoding=\"async\" class=\"alignnone size-medium wp-image-2867\" src=\"http:\/\/www.trading-ideen.de\/download\/DowJones-saisonal10J.png\" alt=\"DowJones-saisonal10J.png\" width=\"600\" height=\"400\" \/><\/a><\/p>\n<h3>S&amp;P 500<\/h3>\n<p><a href=\"http:\/\/www.trading-ideen.de\/download\/S&amp;P500-saisonal10J.png\"><img loading=\"lazy\" decoding=\"async\" class=\"alignnone size-medium wp-image-2867\" src=\"http:\/\/www.trading-ideen.de\/download\/S&amp;P500-saisonal10J.png\" alt=\"S&amp;P500-saisonal10J.png\" width=\"600\" height=\"400\" \/><\/a><\/p>\n<h3>Nasdaq 100<\/h3>\n<p><a href=\"http:\/\/www.trading-ideen.de\/download\/Nasdaq100-saisonal10J.png\"><img loading=\"lazy\" decoding=\"async\" class=\"alignnone size-medium wp-image-2867\" src=\"http:\/\/www.trading-ideen.de\/download\/Nasdaq100-saisonal10J.png\" alt=\"Nasdaq100-saisonal10J.png\" width=\"600\" height=\"400\" \/><\/a><\/p>\n<h3>US Bonds (Staatsanleihen und Aktienanleihen)<\/h3>\n<p><a href=\"http:\/\/www.trading-ideen.de\/download\/US-Bonds-ETF-AGG-saisonal10J.png\"><img loading=\"lazy\" decoding=\"async\" class=\"alignnone size-medium wp-image-2867\" src=\"http:\/\/www.trading-ideen.de\/download\/US-Bonds-ETF-AGG-saisonal10J.png\" alt=\"US-Bonds-ETF-AGG-saisonal10J.png\" width=\"600\" height=\"400\" \/><\/a><\/p>\n<h3>PHLX-Semiconductor<\/h3>\n<p><a href=\"http:\/\/www.trading-ideen.de\/download\/PHLX-Semiconductor-saisonal10J.png\"><img loading=\"lazy\" decoding=\"async\" class=\"alignnone size-medium wp-image-2867\" src=\"http:\/\/www.trading-ideen.de\/download\/PHLX-Semiconductor-saisonal10J.png\" alt=\"PHLX-Semiconductor-saisonal10J.png\" width=\"600\" height=\"400\" \/><\/a><\/p>\n<h3>NIKKEI Japan<\/h3>\n<p><a href=\"http:\/\/www.trading-ideen.de\/download\/Nikkei-saisonal10J.png\"><img loading=\"lazy\" decoding=\"async\" class=\"alignnone size-medium wp-image-2867\" src=\"http:\/\/www.trading-ideen.de\/download\/Nikkei-saisonal10J.png\" alt=\"Nikkei-saisonal10J.png\" width=\"600\" height=\"400\" \/><\/a><\/p>\n<h3>HangSeng Hongkong<\/h3>\n<p><a href=\"http:\/\/www.trading-ideen.de\/download\/HangSeng-saisonal10J.png\"><img loading=\"lazy\" decoding=\"async\" class=\"alignnone size-medium wp-image-2867\" src=\"http:\/\/www.trading-ideen.de\/download\/HangSeng-saisonal10J.png\" alt=\"HangSeng-saisonal10J.png\" width=\"600\" height=\"400\" \/><\/a><\/p>\n<h3>EUR-USD<\/h3>\n<p><a href=\"http:\/\/www.trading-ideen.de\/download\/EUR-USD-saisonal10J.png\"><img loading=\"lazy\" decoding=\"async\" class=\"alignnone size-medium wp-image-2867\" src=\"http:\/\/www.trading-ideen.de\/download\/EUR-USD-saisonal10J.png\" alt=\"EUR-USD-saisonal10J.png\" width=\"600\" height=\"400\" \/><\/a><\/p>\n<h3>Gold (GLD)<\/h3>\n<p><a href=\"http:\/\/www.trading-ideen.de\/download\/Gold-ETF-GLD-saisonal10J.png\"><img loading=\"lazy\" decoding=\"async\" class=\"alignnone size-medium wp-image-2867\" src=\"http:\/\/www.trading-ideen.de\/download\/Gold-ETF-GLD-saisonal10J.png\" alt=\"Gold-ETF-GLD-saisonal10J.png\" width=\"600\" height=\"400\" \/><\/a><\/p>\n<h3>WTI-\u00d6l (USO)<\/h3>\n<p><a href=\"http:\/\/www.trading-ideen.de\/download\/OeL-ETF-USO-saisonal10J.png\"><img loading=\"lazy\" decoding=\"async\" class=\"alignnone size-medium wp-image-2867\" src=\"http:\/\/www.trading-ideen.de\/download\/OeL-ETF-USO-saisonal10J.png\" alt=\"OeL-ETF-USO-saisonal10J.png\" width=\"600\" height=\"400\" \/><\/a><\/p>\n","protected":false},"excerpt":{"rendered":"<div class=\"mh-excerpt\"><p>Kurzfristige saisonale Charts Hier finden Sie Charts mit saisonalen Kursverlauf \u00fcber 10 Jahre. Das Besondere ist die kurzfristige Zeiteinstellung. \u00dcblicherweise werden f\u00fcr Seasonal-Charts Kurshistorien \u00fcber mehrere Jahrzehnte verwendet. Dabei wird der Fehler vernachl\u00e4ssigt, dass sich <a class=\"mh-excerpt-more\" href=\"https:\/\/www.trading-ideen.de\/wordpress\/saisonale-charts\/\" title=\"Saisonale Charts\">[&#8230;]<\/a><\/p>\n<\/div>","protected":false},"author":1,"featured_media":0,"parent":0,"menu_order":0,"comment_status":"closed","ping_status":"closed","template":"","meta":{"footnotes":""},"class_list":["post-5332","page","type-page","status-publish"],"yoast_head":"<!-- This site is optimized with the Yoast SEO plugin v27.4 - https:\/\/yoast.com\/product\/yoast-seo-wordpress\/ -->\n<title>Saisonale Charts - Trading-Ideen.de<\/title>\n<meta name=\"description\" content=\"Saisonale Charts, auch Seasonal-Charts genannt, zeigen den Durchschnittsverlauf \u00fcber eine bestimmten Zeitraum. Trader finden exaktes Timing im Trendhandel.\" \/>\n<meta name=\"robots\" content=\"index, follow, max-snippet:-1, max-image-preview:large, max-video-preview:-1\" \/>\n<link rel=\"canonical\" href=\"https:\/\/www.trading-ideen.de\/wordpress\/saisonale-charts\/\" \/>\n<meta name=\"twitter:label1\" content=\"Gesch\u00e4tzte Lesezeit\" \/>\n\t<meta name=\"twitter:data1\" content=\"1\u00a0Minute\" \/>\n<script type=\"application\/ld+json\" class=\"yoast-schema-graph\">{\"@context\":\"https:\\\/\\\/schema.org\",\"@graph\":[{\"@type\":\"WebPage\",\"@id\":\"https:\\\/\\\/www.trading-ideen.de\\\/wordpress\\\/saisonale-charts\\\/\",\"url\":\"https:\\\/\\\/www.trading-ideen.de\\\/wordpress\\\/saisonale-charts\\\/\",\"name\":\"Saisonale Charts - Trading-Ideen.de\",\"isPartOf\":{\"@id\":\"https:\\\/\\\/www.trading-ideen.de\\\/wordpress\\\/#website\"},\"primaryImageOfPage\":{\"@id\":\"https:\\\/\\\/www.trading-ideen.de\\\/wordpress\\\/saisonale-charts\\\/#primaryimage\"},\"image\":{\"@id\":\"https:\\\/\\\/www.trading-ideen.de\\\/wordpress\\\/saisonale-charts\\\/#primaryimage\"},\"thumbnailUrl\":\"http:\\\/\\\/www.trading-ideen.de\\\/download\\\/DAX-saisonal10J.png\",\"datePublished\":\"2017-03-10T22:46:05+00:00\",\"dateModified\":\"2020-02-28T08:43:57+00:00\",\"description\":\"Saisonale Charts, auch Seasonal-Charts genannt, zeigen den Durchschnittsverlauf \u00fcber eine bestimmten Zeitraum. Trader finden exaktes Timing im Trendhandel.\",\"breadcrumb\":{\"@id\":\"https:\\\/\\\/www.trading-ideen.de\\\/wordpress\\\/saisonale-charts\\\/#breadcrumb\"},\"inLanguage\":\"de\",\"potentialAction\":[{\"@type\":\"ReadAction\",\"target\":[\"https:\\\/\\\/www.trading-ideen.de\\\/wordpress\\\/saisonale-charts\\\/\"]}]},{\"@type\":\"ImageObject\",\"inLanguage\":\"de\",\"@id\":\"https:\\\/\\\/www.trading-ideen.de\\\/wordpress\\\/saisonale-charts\\\/#primaryimage\",\"url\":\"http:\\\/\\\/www.trading-ideen.de\\\/download\\\/DAX-saisonal10J.png\",\"contentUrl\":\"http:\\\/\\\/www.trading-ideen.de\\\/download\\\/DAX-saisonal10J.png\"},{\"@type\":\"BreadcrumbList\",\"@id\":\"https:\\\/\\\/www.trading-ideen.de\\\/wordpress\\\/saisonale-charts\\\/#breadcrumb\",\"itemListElement\":[{\"@type\":\"ListItem\",\"position\":1,\"name\":\"Home\",\"item\":\"https:\\\/\\\/www.trading-ideen.de\\\/wordpress\\\/\"},{\"@type\":\"ListItem\",\"position\":2,\"name\":\"Saisonale Charts\"}]},{\"@type\":\"WebSite\",\"@id\":\"https:\\\/\\\/www.trading-ideen.de\\\/wordpress\\\/#website\",\"url\":\"https:\\\/\\\/www.trading-ideen.de\\\/wordpress\\\/\",\"name\":\"Trading-Ideen.de\",\"description\":\"Tipps und Gedanken zur B\u00f6rse\",\"potentialAction\":[{\"@type\":\"SearchAction\",\"target\":{\"@type\":\"EntryPoint\",\"urlTemplate\":\"https:\\\/\\\/www.trading-ideen.de\\\/wordpress\\\/?s={search_term_string}\"},\"query-input\":{\"@type\":\"PropertyValueSpecification\",\"valueRequired\":true,\"valueName\":\"search_term_string\"}}],\"inLanguage\":\"de\"}]}<\/script>\n<!-- \/ Yoast SEO plugin. -->","yoast_head_json":{"title":"Saisonale Charts - Trading-Ideen.de","description":"Saisonale Charts, auch Seasonal-Charts genannt, zeigen den Durchschnittsverlauf \u00fcber eine bestimmten Zeitraum. Trader finden exaktes Timing im Trendhandel.","robots":{"index":"index","follow":"follow","max-snippet":"max-snippet:-1","max-image-preview":"max-image-preview:large","max-video-preview":"max-video-preview:-1"},"canonical":"https:\/\/www.trading-ideen.de\/wordpress\/saisonale-charts\/","twitter_misc":{"Gesch\u00e4tzte Lesezeit":"1\u00a0Minute"},"schema":{"@context":"https:\/\/schema.org","@graph":[{"@type":"WebPage","@id":"https:\/\/www.trading-ideen.de\/wordpress\/saisonale-charts\/","url":"https:\/\/www.trading-ideen.de\/wordpress\/saisonale-charts\/","name":"Saisonale Charts - Trading-Ideen.de","isPartOf":{"@id":"https:\/\/www.trading-ideen.de\/wordpress\/#website"},"primaryImageOfPage":{"@id":"https:\/\/www.trading-ideen.de\/wordpress\/saisonale-charts\/#primaryimage"},"image":{"@id":"https:\/\/www.trading-ideen.de\/wordpress\/saisonale-charts\/#primaryimage"},"thumbnailUrl":"http:\/\/www.trading-ideen.de\/download\/DAX-saisonal10J.png","datePublished":"2017-03-10T22:46:05+00:00","dateModified":"2020-02-28T08:43:57+00:00","description":"Saisonale Charts, auch Seasonal-Charts genannt, zeigen den Durchschnittsverlauf \u00fcber eine bestimmten Zeitraum. Trader finden exaktes Timing im Trendhandel.","breadcrumb":{"@id":"https:\/\/www.trading-ideen.de\/wordpress\/saisonale-charts\/#breadcrumb"},"inLanguage":"de","potentialAction":[{"@type":"ReadAction","target":["https:\/\/www.trading-ideen.de\/wordpress\/saisonale-charts\/"]}]},{"@type":"ImageObject","inLanguage":"de","@id":"https:\/\/www.trading-ideen.de\/wordpress\/saisonale-charts\/#primaryimage","url":"http:\/\/www.trading-ideen.de\/download\/DAX-saisonal10J.png","contentUrl":"http:\/\/www.trading-ideen.de\/download\/DAX-saisonal10J.png"},{"@type":"BreadcrumbList","@id":"https:\/\/www.trading-ideen.de\/wordpress\/saisonale-charts\/#breadcrumb","itemListElement":[{"@type":"ListItem","position":1,"name":"Home","item":"https:\/\/www.trading-ideen.de\/wordpress\/"},{"@type":"ListItem","position":2,"name":"Saisonale Charts"}]},{"@type":"WebSite","@id":"https:\/\/www.trading-ideen.de\/wordpress\/#website","url":"https:\/\/www.trading-ideen.de\/wordpress\/","name":"Trading-Ideen.de","description":"Tipps und Gedanken zur B\u00f6rse","potentialAction":[{"@type":"SearchAction","target":{"@type":"EntryPoint","urlTemplate":"https:\/\/www.trading-ideen.de\/wordpress\/?s={search_term_string}"},"query-input":{"@type":"PropertyValueSpecification","valueRequired":true,"valueName":"search_term_string"}}],"inLanguage":"de"}]}},"_links":{"self":[{"href":"https:\/\/www.trading-ideen.de\/wordpress\/wp-json\/wp\/v2\/pages\/5332","targetHints":{"allow":["GET"]}}],"collection":[{"href":"https:\/\/www.trading-ideen.de\/wordpress\/wp-json\/wp\/v2\/pages"}],"about":[{"href":"https:\/\/www.trading-ideen.de\/wordpress\/wp-json\/wp\/v2\/types\/page"}],"author":[{"embeddable":true,"href":"https:\/\/www.trading-ideen.de\/wordpress\/wp-json\/wp\/v2\/users\/1"}],"replies":[{"embeddable":true,"href":"https:\/\/www.trading-ideen.de\/wordpress\/wp-json\/wp\/v2\/comments?post=5332"}],"version-history":[{"count":26,"href":"https:\/\/www.trading-ideen.de\/wordpress\/wp-json\/wp\/v2\/pages\/5332\/revisions"}],"predecessor-version":[{"id":9653,"href":"https:\/\/www.trading-ideen.de\/wordpress\/wp-json\/wp\/v2\/pages\/5332\/revisions\/9653"}],"wp:attachment":[{"href":"https:\/\/www.trading-ideen.de\/wordpress\/wp-json\/wp\/v2\/media?parent=5332"}],"curies":[{"name":"wp","href":"https:\/\/api.w.org\/{rel}","templated":true}]}}