{"id":6060,"date":"2017-05-17T23:47:42","date_gmt":"2017-05-17T21:47:42","guid":{"rendered":"http:\/\/www.trading-ideen.de\/wordpress\/?page_id=6060"},"modified":"2021-09-01T15:43:14","modified_gmt":"2021-09-01T13:43:14","slug":"etfs-robo-advisor","status":"publish","type":"page","link":"https:\/\/www.trading-ideen.de\/wordpress\/etfs-robo-advisor\/","title":{"rendered":"ETFs mit Robo-Advisor"},"content":{"rendered":"<h2>Automatisierter B\u00f6rsenhandel mit Robo-Advisor<\/h2>\n<p>Die Investmentwelt \u00e4ndert sich st\u00e4ndig. Gerade die Finanzberatung ist ein Bereich, der in enger Verbindung mit der Bankenwelt steht. <strong>Mit\u00a0 Robo-Advisorn wird nun die Finanzberatung stetig automatisiert.<\/strong> Der Begriff setzt sich aus den W\u00f6rtern \u201eRobot\u201c (Roboter) und \u201eAdvisor\u201c (Berater) zusammen.<\/p>\n<p>Robo-Advisor sind die neuen und einfachen Finanzdienstleister des Internets und sie betreiben ein von der BaFin <strong>erlaubnispflichtiges Gewerbe<\/strong>. Die Beh\u00f6rde BaFin ist somit der Garant, dass kein &#8222;windiger Anlageberater&#8220; sich als Robo-Advisor bezeichnen kann.<\/p>\n<p>Ein traditioneller Verm\u00f6gensverwalter pflegt den pers\u00f6nlichen Kontakt zu seinen Kunden. W\u00e4hlt der Kunde einen Robo-Advisor dann verzichtet er auf die pers\u00f6nliche Beratung und geht den Weg \u00fcber das Internet.<\/p>\n<h3>Die Rendite der Robo-Advisor<\/h3>\n<p>Weil Robo-Advisor nicht in einzelne Aktien, sondern nur in M\u00e4rkte oder Branchen investieren, werden keine ausgefeilten Anlagestrategien ben\u00f6tigt. Allerdings kann es deshalb auch <strong>keine \u00dcberrenditen<\/strong> geben. Wenn zum Beispiel ein Robo-Advisor in den DAX investiert und der DAX anschlie\u00dfend um 10% ansteigt, dann betr\u00e4gt die Robo-Advisor-Rendite ebenso 10% (abz\u00fcglich der Verwaltungsgeb\u00fchren). Demgegen\u00fcber k\u00f6nnte der traditionelle Anlageberater mit seiner spezialisierten Strategie den Robo-Advisor in der Rendite schlagen. Man muss jedoch anerkennen, dass es <strong>nur einer Minderheit der Anlageberater wirklich gelingt<\/strong>. Die aufwendige Analysearbeit des Anlageberaters schl\u00e4gt sich regelm\u00e4\u00dfig in einer h\u00f6heren Verwaltungsgeb\u00fchr nieder.<\/p>\n<h3>Kernversprechen aller Robo-Advisor:<\/h3>\n<ol>\n<li>Emotionsfreie und regelbasierte Geldanlage<\/li>\n<li>Breite Streuung des Kapitals in die Kapitalm\u00e4rkte<\/li>\n<li>Niedrige und transparente Kosten<\/li>\n<li>Einfacher Marktzugang und hohe Transparenz bei der Geldanlage<\/li>\n<li>Professionelle Produktauswahl und Umsetzung der Strategien<\/li>\n<\/ol>\n<h3>Das Risikoprofil ist entscheidend<\/h3>\n<p>Bei jeder Geldanlage ist es wichtig, das <strong>pers\u00f6nliche Risikoprofil abzusch\u00e4tzen<\/strong>. Das ist auch bei Robo-Advisorn nicht anders. Meistens w\u00e4hlt der Kunde \u00fcber das Webseitenmen\u00fc ein Anlageverh\u00e4ltnis zwischen Aktien und festverzinslichen Papieren aus. Im Allgemeinen wird die Anlage mit Aktien als risikoreicher angesehen. Demgegen\u00fcber steht die langfristig h\u00f6here Rendite durch Aktien.<\/p>\n<p><a href=\"https:\/\/www.trading-ideen.de\/wordpress\/wp-content\/uploads\/2017\/05\/Robo.png\"><img loading=\"lazy\" decoding=\"async\" class=\"alignnone wp-image-6061\" src=\"https:\/\/www.trading-ideen.de\/wordpress\/wp-content\/uploads\/2017\/05\/Robo-581x600.png\" alt=\"Robo-Advisor\" width=\"170\" height=\"175\" srcset=\"https:\/\/www.trading-ideen.de\/wordpress\/wp-content\/uploads\/2017\/05\/Robo-581x600.png 581w, https:\/\/www.trading-ideen.de\/wordpress\/wp-content\/uploads\/2017\/05\/Robo.png 620w\" sizes=\"auto, (max-width: 170px) 100vw, 170px\" \/><\/a><br \/>\nQuelle: pixabay<\/p>\n<h3>Robo-Advisor sind beliebt und das Anlagekapital w\u00e4chst jedes Jahr<\/h3>\n<p>Die automatisierte Wertpapierberatung gibt es inzwischen nicht nur von spezialisierten Unternehmen. Auch traditionelle Banken und Finanzdienstleister sind \u201eauf den Geschmack gekommen\u201c. Banken machen das nat\u00fcrlich nicht ganz freiwillig, denn Robo-Advisor haben sich zu einer echten <strong>Konkurrenz f\u00fcr konventionelle Investmentfonds<\/strong> entwickelt. Banken werden sprichw\u00f6rtlich von diesem Trend \u00fcberrollt. Robo-Advisor revolutionieren die Anlageberatung und der Prozess gewinnt stetig an Qualit\u00e4t und Geschwindigkeit.<\/p>\n<h3>Wie funktionieren Robo-Advisor?<\/h3>\n<p>Robo-Advisor sind Software-Programme, die <strong>zeitaufwendige Markt- und Unternehmensanalysen reduzieren<\/strong>. In der Endstufe der Programme f\u00fchren sie sogar eigenst\u00e4ndig Handelsentscheidungen inklusive Orderaufgaben durch. Mit den schnell fortschreitenden F\u00e4higkeiten der k\u00fcnstlichen Intelligenz gibt es kein Limit. Die Anbieter der Robo-Advisor er\u00f6ffnen eigenst\u00e4ndig ein Depot und kaufen die gew\u00fcnschten Wertpapiere. Der Anleger\u00a0 muss sich um nichts mehr k\u00fcmmern.<\/p>\n<p>Das Ziel jedes Robo-Advisors ist das Ausschalten von Subjektivit\u00e4t und Emotionen des Menschen. Das kann sehr wichtig bei Depotanpassungen sein. Sobald Anlagewerte l\u00e4nger im Depot liegen, tun sich viele Anleger schwer, eine Handelsentscheidung wie \u201eVerkaufen\u201c oder \u201eReduzieren\u201c zu treffen. Robo-Advisor lassen keinen Spielraum f\u00fcr Emotionen, weil sie aus einem festen Regelwerk von \u201e<strong>Wenn-dann-Entscheidungen<\/strong>\u201c bestehen.<\/p>\n<h3>In welche M\u00e4rkte investieren Robo-Advisor?<\/h3>\n<p>Grunds\u00e4tzlich ist die Anlagevielfalt grenzenlos. Da Robo-Advisor kosteneffizient arbeiten, steht eine Wertpapierform im Fokus: <strong>Es ist die Anlage mit ETFs<\/strong>. Ein ETF ist ein an der B\u00f6rse gehandelter Fonds, der meistens einen Index abbildet. Handelsempfehlungen, die sich aus den Anlagebed\u00fcrfnissen des Kunden ergeben, lassen sich so am einfachsten umsetzen.<br \/>\nIn der Regel wird einmal im Jahr ein &#8222;<strong>Rebalancing<\/strong>&#8220; durch den Robo-Advisor durchgef\u00fchrt. Die definierte Anlagestrategie gibt die Verteilung der Anlageklassen vor. Wenn zum Beispiel ein Aktienanteil\u00a0 von 60 % festgesetzt wurde, dann k\u00f6nnte es passieren, dass die Aktien im Laufe des Jahres gut gelaufen\u00a0 und der Aktienanteil im Depot auf\u00a0 70 % ansteigt. Das muss in festgelegten Abst\u00e4nden korrigiert werden. Im genannten Beispiel w\u00fcrde dann der 70-prozentige Aktienanteil wieder auf 60 % reduziert werden.<\/p>\n<h3>Zwei verschiedene Typen der Robo-Advisor<\/h3>\n<p>Es gibt sowohl aktive als auch passive Robo-Advisor. Beim passiven Portfolio wird zum Anlagebeginn eine Strategie festgelegt, die in Zukunft nicht mehr ver\u00e4ndert wird. Die Anlagestrategie bleibt somit im Verhalten passiv.<\/p>\n<p>Bei einer aktiven Verwaltung kann es jederzeit zu einer Umstrukturierung kommen. Der Robo-Advisor bewegt sich dabei im Rahmen einer \u00fcbergeordneten Strategie. Die Folge ist eine rasche Reaktionsm\u00f6glichkeit auf grunds\u00e4tzliche Marktver\u00e4nderungen. Ob nun die aktive oder passive Form der Robo-Advisor besser ist, h\u00e4ngt von der Strategie und den M\u00e4rkten ab. Es gibt dabei kein richtig oder falsch.<\/p>\n<p>&nbsp;<\/p>\n<h2>Die besten Robo-Advisor f\u00fcr Ihre Geldanlage<\/h2>\n<p>Bei der Auswahl eines Robo-Advisors kann man als Kunde nicht viel falsch machen. Die einzelnen Anbieter unterscheiden sich in erster Linie durch ihre Geb\u00fchren. Grunds\u00e4tzlich empfiehlt es sich Anbieter auszuw\u00e4hlen, die sich \u00fcber mehrere Jahre am Markt etabliert haben. Theoretisch ist es m\u00f6glich, dass ein Anbieter insolvent werden k\u00f6nnte. Das w\u00e4re zwar \u00e4rgerlich aber nicht dramatisch. Das Anlagekapital der Kunden geht niemals in den Besitz der Unternehmung \u00fcber und deshalb w\u00e4re der Anleger nicht von der Insolvenz betroffen.<\/p>\n<p><em>Hinweis: Wenn Sie sich f\u00fcr einen Anbieter interessieren, k\u00f6nnen Sie den jeweiligen Link nutzen. Das w\u00fcrde uns freuen, denn so erhalten wir eine kleine Vermittlungsprovision, mit der wir trading-ideen.de finanzieren.<\/em><\/p>\n<p><span style=\"font-size: 20px;\"><strong><a href=\"http:\/\/&lt;!-- Beginn https:\/\/www.financeads.net\/-Code --&gt;&lt;a href=&quot;https:\/\/www.financeads.net\/tc.php?t=23962C166135867T&quot; target=&quot;_blank&quot;&gt;Kostenlosen Anlagevorschlag erstellen&lt;\/a&gt;&lt;img src=&quot;https:\/\/www.financeads.net\/tb.php?t=23962V166135867T&quot; alt=&quot;&quot; border=&quot;0&quot; width=&quot;0&quot; height=&quot;0&quot;&gt;&lt;!-- Ende https:\/\/www.financeads.net\/-Code --&gt;\">Whitebox<\/a>\u00a0<\/strong><\/span><br \/>\nWhitebox ist einer der \u00e4ltesten Anbieter von Robo-Advisorn. Gegen\u00fcber den anderen Anbietern versuchte Whitebox mit Transparenz und Einfachheit zu punkten. Das scheint zu funktionieren, denn Whitebox wurde mehrfach schon Testsieger bei Vergleichen.<\/p>\n<p><b>Grundgeb\u00fchr\/Servicegeb\u00fchr:<\/b><br \/>\n0,35 Prozent p.a. (inkl. Transaktionskosten, ohne Fonds- und Spreadgeb\u00fchren)<\/p>\n<p><b>Mindesteinzahlung:<\/b><br \/>\n25 Euro<\/p>\n<p><b>Grundgeb\u00fchr bei Einzahlung von 50.000\u00a0Euro:<\/b><br \/>\n375 Euro p.a.<\/p>\n<p>&nbsp;<\/p>\n<p><span style=\"font-size: 20px;\"><a href=\"http:\/\/&lt;!-- Beginn https:\/\/www.financeads.net\/-Code --&gt;&lt;a href=&quot;https:\/\/www.financeads.net\/tc.php?t=23862C144333218T&quot; target=&quot;_blank&quot;&gt;growney&lt;\/a&gt;&lt;img src=&quot;https:\/\/www.financeads.net\/tb.php?t=23862V144333218T&quot; alt=&quot;&quot; border=&quot;0&quot; width=&quot;0&quot; height=&quot;0&quot;&gt;&lt;!-- Ende https:\/\/www.financeads.net\/-Code --&gt;\"><strong>growney<\/strong><\/a><\/span><br \/>\nGrowney setzt ausschlie\u00dflich auf passive Anlagestrategien und versucht durch Diversifikation ein ausgewogenes Verh\u00e4ltnis von Rendite und Risiko zu sichern. Das passive Verhalten l\u00e4sst niedrige geb\u00fchren zu.<\/p>\n<p><b>Grundgeb\u00fchr\/Servicegeb\u00fchr:<\/b><br \/>\nBis 50.000 Euro 0,68 Prozent p.a.,<br \/>\nvon 50.000\u00a0Euro bis 1.999.999,99 Euro 0,38\u00a0Prozent p.a.<br \/>\nvon 2.000.000\u00a0Euro bis 2.999.999,99 Euro 0,35\u00a0Prozent p.a.<br \/>\nvon 3.000.000\u00a0Euro bis 4.999.999,99 Euro 0,30\u00a0Prozent p.a.<br \/>\nab 5.000.000 Euro 0,25\u00a0Prozent p.a.(ohne Transaktions-, Fonds- und Spreadgeb\u00fchren)<\/p>\n<p><b>Mindesteinzahlung:<\/b><br \/>\n500 Euro oder<br \/>\nSparplan ab 25 Euro<\/p>\n<p><b>Geb\u00fchr bei Einzahlung von 50.000\u00a0Euro:<\/b><br \/>\n195\u00a0Euro p.a.<\/p>\n<p><span style=\"font-size: 20px;\"><img loading=\"lazy\" decoding=\"async\" src=\"https:\/\/www.financeads.net\/tb.php?t=23862V144333218T\" alt=\"\" width=\"0\" height=\"0\" border=\"0\" \/><!-- Ende https:\/\/www.financeads.net\/-Code --><a href=\"http:\/\/&lt;!-- Beginn https:\/\/www.financeads.net\/-Code --&gt;&lt;a href=&quot;https:\/\/www.financeads.net\/tc.php?t=23962C103361516T&quot; target=&quot;_blank&quot;&gt;Jetzt bei Ginmon investieren \/\/ Startseite&lt;\/a&gt;&lt;img src=&quot;https:\/\/www.financeads.net\/tb.php?t=23962V103361516T&quot; alt=&quot;&quot; border=&quot;0&quot; width=&quot;0&quot; height=&quot;0&quot;&gt;&lt;!-- Ende https:\/\/www.financeads.net\/-Code --&gt;\"><strong>Ginmon<\/strong><\/a><\/span><br \/>\nGinmon wirbt mit einer h\u00f6heren Rendite bei der Anlage. Ob die Anlagestrategien tats\u00e4chlich langfristig besser sind, l\u00e4sst sich nat\u00fcrlich erst in der Zukunft feststellen. Ginmon geh\u00f6rt zumindest zu den \u00e4ltesten Anbietern und ist deshalb besonders erfahren in der Handelsumsetzung.<\/p>\n<p><b>Grundgeb\u00fchr\/Servicegeb\u00fchr:<\/b><br \/>\n0,75\u00a0Prozent p.a. (inkl. Transaktions-, Fonds- und Spreadgeb\u00fchren)<\/p>\n<p><b>Mindesteinzahlung:<\/b><br \/>\nKeine<\/p>\n<p><b>Geb\u00fchr bei Einzahlung von 50.000\u00a0Euro:<\/b><br \/>\n375\u00a0Euro p.a.<\/p>\n<p>&nbsp;<\/p>\n<p><span style=\"font-size: 20px;\"><a href=\"http:\/\/&lt;!-- Beginn https:\/\/www.financeads.net\/-Code --&gt;&lt;a href=&quot;https:\/\/www.financeads.net\/tc.php?t=23962C142836621T&quot; target=&quot;_blank&quot;&gt;Scalable Capital&lt;\/a&gt;&lt;img src=&quot;https:\/\/www.financeads.net\/tb.php?t=23962V142836621T&quot; alt=&quot;&quot; border=&quot;0&quot; width=&quot;0&quot; height=&quot;0&quot;&gt;&lt;!-- Ende https:\/\/www.financeads.net\/-Code --&gt;\"><strong>Scalable.Capital <\/strong><\/a><\/span><br \/>\nIn Sachen Anlageverm\u00f6gen\u00a0 ist Scalable der Branchenprimus. Scalable verwaltet das gr\u00f6\u00dfte Verm\u00f6gen.<\/p>\n<p><b>Grundgeb\u00fchr\/Servicegeb\u00fchr:<\/b><br \/>\n0,75 Prozent p.a. (inkl. Transaktions\u00adgeb\u00fchren, ohne Fonds- und Spreadgeb\u00fchren)<\/p>\n<p><b>Mindesteinzahlung:<\/b><br \/>\n10.000 Euro<\/p>\n<p><b>Geb\u00fchr bei Einzahlung von 50.000\u00a0Euro:<br \/>\n<\/b>450 Euro p.a.<\/p>\n<p>&nbsp;<\/p>\n<p>&nbsp;<\/p>\n","protected":false},"excerpt":{"rendered":"<div class=\"mh-excerpt\"><p>Automatisierter B\u00f6rsenhandel mit Robo-Advisor Die Investmentwelt \u00e4ndert sich st\u00e4ndig. Gerade die Finanzberatung ist ein Bereich, der in enger Verbindung mit der Bankenwelt steht. Mit\u00a0 Robo-Advisorn wird nun die Finanzberatung stetig automatisiert. Der Begriff setzt sich <a class=\"mh-excerpt-more\" href=\"https:\/\/www.trading-ideen.de\/wordpress\/etfs-robo-advisor\/\" title=\"ETFs mit Robo-Advisor\">[&#8230;]<\/a><\/p>\n<\/div>","protected":false},"author":1,"featured_media":0,"parent":0,"menu_order":0,"comment_status":"closed","ping_status":"closed","template":"","meta":{"footnotes":""},"class_list":["post-6060","page","type-page","status-publish"],"yoast_head":"<!-- This site is optimized with the Yoast SEO plugin v27.4 - https:\/\/yoast.com\/product\/yoast-seo-wordpress\/ -->\n<title>ETFs mit Robo-Advisor - Trading-Ideen.de<\/title>\n<meta name=\"description\" content=\"Mit Robo-Advisor kann jeder sein Kapital ohne Vorkenntnisse verwalten lassen. Die besten Anbieter finden Sie hier.\" \/>\n<meta name=\"robots\" content=\"index, follow, max-snippet:-1, max-image-preview:large, max-video-preview:-1\" \/>\n<link rel=\"canonical\" href=\"https:\/\/www.trading-ideen.de\/wordpress\/etfs-robo-advisor\/\" \/>\n<meta name=\"twitter:label1\" content=\"Gesch\u00e4tzte Lesezeit\" \/>\n\t<meta name=\"twitter:data1\" content=\"4\u00a0Minuten\" \/>\n<script type=\"application\/ld+json\" class=\"yoast-schema-graph\">{\"@context\":\"https:\\\/\\\/schema.org\",\"@graph\":[{\"@type\":\"WebPage\",\"@id\":\"https:\\\/\\\/www.trading-ideen.de\\\/wordpress\\\/etfs-robo-advisor\\\/\",\"url\":\"https:\\\/\\\/www.trading-ideen.de\\\/wordpress\\\/etfs-robo-advisor\\\/\",\"name\":\"ETFs mit Robo-Advisor - Trading-Ideen.de\",\"isPartOf\":{\"@id\":\"https:\\\/\\\/www.trading-ideen.de\\\/wordpress\\\/#website\"},\"primaryImageOfPage\":{\"@id\":\"https:\\\/\\\/www.trading-ideen.de\\\/wordpress\\\/etfs-robo-advisor\\\/#primaryimage\"},\"image\":{\"@id\":\"https:\\\/\\\/www.trading-ideen.de\\\/wordpress\\\/etfs-robo-advisor\\\/#primaryimage\"},\"thumbnailUrl\":\"http:\\\/\\\/www.trading-ideen.de\\\/wordpress\\\/wp-content\\\/uploads\\\/2017\\\/05\\\/Robo-581x600.png\",\"datePublished\":\"2017-05-17T21:47:42+00:00\",\"dateModified\":\"2021-09-01T13:43:14+00:00\",\"description\":\"Mit Robo-Advisor kann jeder sein Kapital ohne Vorkenntnisse verwalten lassen. Die besten Anbieter finden Sie hier.\",\"breadcrumb\":{\"@id\":\"https:\\\/\\\/www.trading-ideen.de\\\/wordpress\\\/etfs-robo-advisor\\\/#breadcrumb\"},\"inLanguage\":\"de\",\"potentialAction\":[{\"@type\":\"ReadAction\",\"target\":[\"https:\\\/\\\/www.trading-ideen.de\\\/wordpress\\\/etfs-robo-advisor\\\/\"]}]},{\"@type\":\"ImageObject\",\"inLanguage\":\"de\",\"@id\":\"https:\\\/\\\/www.trading-ideen.de\\\/wordpress\\\/etfs-robo-advisor\\\/#primaryimage\",\"url\":\"http:\\\/\\\/www.trading-ideen.de\\\/wordpress\\\/wp-content\\\/uploads\\\/2017\\\/05\\\/Robo-581x600.png\",\"contentUrl\":\"http:\\\/\\\/www.trading-ideen.de\\\/wordpress\\\/wp-content\\\/uploads\\\/2017\\\/05\\\/Robo-581x600.png\"},{\"@type\":\"BreadcrumbList\",\"@id\":\"https:\\\/\\\/www.trading-ideen.de\\\/wordpress\\\/etfs-robo-advisor\\\/#breadcrumb\",\"itemListElement\":[{\"@type\":\"ListItem\",\"position\":1,\"name\":\"Home\",\"item\":\"https:\\\/\\\/www.trading-ideen.de\\\/wordpress\\\/\"},{\"@type\":\"ListItem\",\"position\":2,\"name\":\"ETFs mit Robo-Advisor\"}]},{\"@type\":\"WebSite\",\"@id\":\"https:\\\/\\\/www.trading-ideen.de\\\/wordpress\\\/#website\",\"url\":\"https:\\\/\\\/www.trading-ideen.de\\\/wordpress\\\/\",\"name\":\"Trading-Ideen.de\",\"description\":\"Tipps und Gedanken zur B\u00f6rse\",\"potentialAction\":[{\"@type\":\"SearchAction\",\"target\":{\"@type\":\"EntryPoint\",\"urlTemplate\":\"https:\\\/\\\/www.trading-ideen.de\\\/wordpress\\\/?s={search_term_string}\"},\"query-input\":{\"@type\":\"PropertyValueSpecification\",\"valueRequired\":true,\"valueName\":\"search_term_string\"}}],\"inLanguage\":\"de\"}]}<\/script>\n<!-- \/ Yoast SEO plugin. -->","yoast_head_json":{"title":"ETFs mit Robo-Advisor - Trading-Ideen.de","description":"Mit Robo-Advisor kann jeder sein Kapital ohne Vorkenntnisse verwalten lassen. Die besten Anbieter finden Sie hier.","robots":{"index":"index","follow":"follow","max-snippet":"max-snippet:-1","max-image-preview":"max-image-preview:large","max-video-preview":"max-video-preview:-1"},"canonical":"https:\/\/www.trading-ideen.de\/wordpress\/etfs-robo-advisor\/","twitter_misc":{"Gesch\u00e4tzte Lesezeit":"4\u00a0Minuten"},"schema":{"@context":"https:\/\/schema.org","@graph":[{"@type":"WebPage","@id":"https:\/\/www.trading-ideen.de\/wordpress\/etfs-robo-advisor\/","url":"https:\/\/www.trading-ideen.de\/wordpress\/etfs-robo-advisor\/","name":"ETFs mit Robo-Advisor - Trading-Ideen.de","isPartOf":{"@id":"https:\/\/www.trading-ideen.de\/wordpress\/#website"},"primaryImageOfPage":{"@id":"https:\/\/www.trading-ideen.de\/wordpress\/etfs-robo-advisor\/#primaryimage"},"image":{"@id":"https:\/\/www.trading-ideen.de\/wordpress\/etfs-robo-advisor\/#primaryimage"},"thumbnailUrl":"http:\/\/www.trading-ideen.de\/wordpress\/wp-content\/uploads\/2017\/05\/Robo-581x600.png","datePublished":"2017-05-17T21:47:42+00:00","dateModified":"2021-09-01T13:43:14+00:00","description":"Mit Robo-Advisor kann jeder sein Kapital ohne Vorkenntnisse verwalten lassen. Die besten Anbieter finden Sie hier.","breadcrumb":{"@id":"https:\/\/www.trading-ideen.de\/wordpress\/etfs-robo-advisor\/#breadcrumb"},"inLanguage":"de","potentialAction":[{"@type":"ReadAction","target":["https:\/\/www.trading-ideen.de\/wordpress\/etfs-robo-advisor\/"]}]},{"@type":"ImageObject","inLanguage":"de","@id":"https:\/\/www.trading-ideen.de\/wordpress\/etfs-robo-advisor\/#primaryimage","url":"http:\/\/www.trading-ideen.de\/wordpress\/wp-content\/uploads\/2017\/05\/Robo-581x600.png","contentUrl":"http:\/\/www.trading-ideen.de\/wordpress\/wp-content\/uploads\/2017\/05\/Robo-581x600.png"},{"@type":"BreadcrumbList","@id":"https:\/\/www.trading-ideen.de\/wordpress\/etfs-robo-advisor\/#breadcrumb","itemListElement":[{"@type":"ListItem","position":1,"name":"Home","item":"https:\/\/www.trading-ideen.de\/wordpress\/"},{"@type":"ListItem","position":2,"name":"ETFs mit Robo-Advisor"}]},{"@type":"WebSite","@id":"https:\/\/www.trading-ideen.de\/wordpress\/#website","url":"https:\/\/www.trading-ideen.de\/wordpress\/","name":"Trading-Ideen.de","description":"Tipps und Gedanken zur B\u00f6rse","potentialAction":[{"@type":"SearchAction","target":{"@type":"EntryPoint","urlTemplate":"https:\/\/www.trading-ideen.de\/wordpress\/?s={search_term_string}"},"query-input":{"@type":"PropertyValueSpecification","valueRequired":true,"valueName":"search_term_string"}}],"inLanguage":"de"}]}},"_links":{"self":[{"href":"https:\/\/www.trading-ideen.de\/wordpress\/wp-json\/wp\/v2\/pages\/6060","targetHints":{"allow":["GET"]}}],"collection":[{"href":"https:\/\/www.trading-ideen.de\/wordpress\/wp-json\/wp\/v2\/pages"}],"about":[{"href":"https:\/\/www.trading-ideen.de\/wordpress\/wp-json\/wp\/v2\/types\/page"}],"author":[{"embeddable":true,"href":"https:\/\/www.trading-ideen.de\/wordpress\/wp-json\/wp\/v2\/users\/1"}],"replies":[{"embeddable":true,"href":"https:\/\/www.trading-ideen.de\/wordpress\/wp-json\/wp\/v2\/comments?post=6060"}],"version-history":[{"count":40,"href":"https:\/\/www.trading-ideen.de\/wordpress\/wp-json\/wp\/v2\/pages\/6060\/revisions"}],"predecessor-version":[{"id":10849,"href":"https:\/\/www.trading-ideen.de\/wordpress\/wp-json\/wp\/v2\/pages\/6060\/revisions\/10849"}],"wp:attachment":[{"href":"https:\/\/www.trading-ideen.de\/wordpress\/wp-json\/wp\/v2\/media?parent=6060"}],"curies":[{"name":"wp","href":"https:\/\/api.w.org\/{rel}","templated":true}]}}