{"id":6592,"date":"2017-09-02T00:13:38","date_gmt":"2017-09-01T22:13:38","guid":{"rendered":"http:\/\/www.trading-ideen.de\/wordpress\/?page_id=6592"},"modified":"2021-07-27T11:04:21","modified_gmt":"2021-07-27T09:04:21","slug":"volumenbrief","status":"publish","type":"page","link":"https:\/\/www.trading-ideen.de\/wordpress\/volumenbrief\/","title":{"rendered":"VolumenBrief"},"content":{"rendered":"<h2><span style=\"color: #008000;\">Die ultimative Suche nach den besten Trend-Aktien<\/span><\/h2>\n<p><video controls=\"controls\" width=\"320\" height=\"200\"><source src=\"http:\/\/www.trading-ideen.de\/download\/Video-Einf-VolBrief.mp4\" type=\"video\/mp4\" \/><\/video><\/p>\n<p>Liebe Leserinnen und Leser,<\/p>\n<p>an der B\u00f6rse z\u00e4hlt nur Angebot und Nachfrage. Diese beiden Faktoren bestimmen den Preis jeder Aktie. Leider ist die <strong>Prognose von Angebot und Nachfrage<\/strong> eine \u00e4u\u00dferst komplexe Aufgabe, denn der Kurs einer Aktie wird durch die viele Faktoren beeinflusst.<\/p>\n<p>Befindet sich eine Aktie im Aufw\u00e4rtstrend, dann ist die allgemeine Marktmeinung bullish. Dabei darf die Stimmung aber nicht extrem bullish sein, andernfalls gibt es kaum noch K\u00e4ufer, weil fast alle schon investiert sind. \u00dcber einen l\u00e4ngeren Zeitraum ist eine leicht-bullishe Stimmung ideal. So werden neue B\u00f6rsenmedien auf die Trendaktie aufmerksam. Sogar B\u00f6rsenmagazine schreiben positiv \u00fcber den Wert und treiben den Kurs der Aktie weiter an. Das Resultat dieses ungezielten &#8222;Marketings&#8220; ist die Fortsetzung des Trends. <strong>In einem guten Aufw\u00e4rtstrend erzeugt der Trend praktisch immer neue Nachfrage und treibt damit die Aktie stetig an.<\/strong><\/p>\n<p>Dieses Trend-Ph\u00e4nomen machen wir uns im VolumenBrief zu Nutze. Unser B\u00f6rsendienst arbeitet mit einem ausget\u00fcftelten Algorithmus, der die st\u00e4rksten Trends herausfiltert. Ziel des Algorithmus ist die <strong>Best\u00e4ndigkeit des Trends<\/strong>. Was n\u00fctzt ein steiler Trend, der blitzschnell wieder in sich zusammenf\u00e4llt? Deshalb ist die Trendbest\u00e4ndigkeit die wichtigste Eigenschaft im Aktienhandel!<\/p>\n<p>Unsere Erfolgsformel l\u00e4sst sich mathematisch ausdr\u00fccken:<\/p>\n<p><strong> Trendbest\u00e4ndigkeit = Trendst\u00e4rke \/ Kursst\u00f6rung<\/strong><\/p>\n<p>Der Algorithmus berechnet fortlaufend die Trendst\u00e4rke und die Kursst\u00f6rung. Daraus ergibt sich dann die Wahrscheinlichkeit der Trendfortsetzung.<\/p>\n<p>&nbsp;<\/p>\n<p><a href=\"https:\/\/www.trading-ideen.de\/wordpress\/wp-content\/uploads\/2020\/12\/VB-Trendphasen2.png\"><img loading=\"lazy\" decoding=\"async\" class=\"aligncenter size-full wp-image-10302\" src=\"https:\/\/www.trading-ideen.de\/wordpress\/wp-content\/uploads\/2020\/12\/VB-Trendphasen2.png\" alt=\"\" width=\"1352\" height=\"868\" srcset=\"https:\/\/www.trading-ideen.de\/wordpress\/wp-content\/uploads\/2020\/12\/VB-Trendphasen2.png 1352w, https:\/\/www.trading-ideen.de\/wordpress\/wp-content\/uploads\/2020\/12\/VB-Trendphasen2-600x385.png 600w, https:\/\/www.trading-ideen.de\/wordpress\/wp-content\/uploads\/2020\/12\/VB-Trendphasen2-1024x657.png 1024w, https:\/\/www.trading-ideen.de\/wordpress\/wp-content\/uploads\/2020\/12\/VB-Trendphasen2-768x493.png 768w\" sizes=\"auto, (max-width: 1352px) 100vw, 1352px\" \/><\/a><\/p>\n<p><em>Bild: Beispiel f\u00fcr Trendphasen in einem Aufw\u00e4rtstrend. Am unteren Rand des Charts sieht man das Trendband. Dieses Band bewertet den Trend nach drei Qualit\u00e4tsmerkmalen. Es ist die optische Unterst\u00fctzung unseres Algorithmus.\u00a0<\/em><\/p>\n<p>&nbsp;<\/p>\n<h3>Das Timing f\u00fcr Ein- und Ausstieg<\/h3>\n<p><strong>Die wichtigste Entscheidung beim Trendhandel ist der Ausstieg aus einer Position.<\/strong> Eine normale Gegenbewegung ist noch lange kein Grund zur Positionsschlie\u00dfung. Meistens entsteht sogar eine gute M\u00f6glichkeit, um die Aktie erneut zu kaufen. <strong>Irgendwann kommt aber der Zeitpunkt an dem ein neuer Abw\u00e4rtstrend entsteht &#8211; und dann muss man zwingend verkaufen.<\/strong> Die Antwort auf diese Frage ist vielleicht die K\u00f6nigsdisziplin des gesamten B\u00f6rsenhandels. Wir arbeiten mit einem speziellen Regelsystem und disziplinierter Umsetzung.<\/p>\n<p>Jede neue Ausgabe des VolumenBriefs kommt am Wochenende mit einer aktualisierten Aktienliste (<strong>Trendraketen<\/strong>). Die Umsetzung der Handelssignale nehmen wir am Montag um 9:00 Uhr vor bzw. um 15:30 Uhr bei US-Werten. Alle Handelssignale basieren auf Wochen-Charts und sind damit eine Woche g\u00fcltig. Sie haben also immer gen\u00fcgend Zeit ein Signal umzusetzen.<\/p>\n<p>&nbsp;<\/p>\n<h3>F\u00fcr wen ist der VolumenBrief geeignet?<\/h3>\n<p>Der VolumenBrief richtet sich an alle B\u00f6rseninteressierte, die sich selbst um ihr Aktien-Depot k\u00fcmmern m\u00f6chten. Die jeweilige Ausgabe erhalten Sie als PDF-Datei per E-Mail. Die Gestaltung des VolumenBriefs ist f\u00fcr die Nutzung mit dem Smartphone ausgelegt. Dementsprechend gro\u00df ist die Schrift und wir verzichten auf die Beschreibung der detaillierten Analysen. Zu jeder Handelsempfehlung gibt es einen Zielkurs und einen Stopp-Kurs. Das bedeutet, sie k\u00f6nnen die Wertpapierangaben direkt bei Ihrem Broker aufgeben. Anschlie\u00dfend m\u00fcssen Sie den Kurs nicht mehr zwingend beobachten.<\/p>\n<p><strong>Au\u00dferdem gibt es zur Spekulation noch eine risikoreiche Umsetzungsm\u00f6glichkeit mit KO-Zertifikate. So ist es m\u00f6glich, die jeweilige Aktienempfehlung auch gehebelt umzusetzen.\u00a0<\/strong><\/p>\n<p>&nbsp;<\/p>\n<p><a href=\"https:\/\/www.trading-ideen.de\/wordpress\/wp-content\/uploads\/2020\/12\/VB-Equity-DJI2.png\"><img loading=\"lazy\" decoding=\"async\" class=\"aligncenter size-full wp-image-10298\" src=\"https:\/\/www.trading-ideen.de\/wordpress\/wp-content\/uploads\/2020\/12\/VB-Equity-DJI2.png\" alt=\"\" width=\"1352\" height=\"868\" srcset=\"https:\/\/www.trading-ideen.de\/wordpress\/wp-content\/uploads\/2020\/12\/VB-Equity-DJI2.png 1352w, https:\/\/www.trading-ideen.de\/wordpress\/wp-content\/uploads\/2020\/12\/VB-Equity-DJI2-600x385.png 600w, https:\/\/www.trading-ideen.de\/wordpress\/wp-content\/uploads\/2020\/12\/VB-Equity-DJI2-1024x657.png 1024w, https:\/\/www.trading-ideen.de\/wordpress\/wp-content\/uploads\/2020\/12\/VB-Equity-DJI2-768x493.png 768w\" sizes=\"auto, (max-width: 1352px) 100vw, 1352px\" \/><\/a><\/p>\n<p><em>Bild: Langzeit-Kapitalkurve f\u00fcr den Dow Jones Industrial bei Anwendung des Algorithmus mit einem Anfangskapital von 10.000 USD.<\/em><\/p>\n<p>Es versteht sich von selbst, dass gute Ergebnisse der Vergangenheit keine Garantie f\u00fcr die Zukunft sind. Solange es aber Trends an der B\u00f6rsen gibt, werden wir auch davon profitieren k\u00f6nnen &#8211; garantiert.<\/p>\n<p>&nbsp;<\/p>\n<h3>Was enth\u00e4lt der VolumenBrief?<\/h3>\n<ul>\n<li>1 x pro Woche erhalten Sie eine <strong>Hauptausgabe des VolumenBriefs<\/strong> mit neuen Handelsempfehlungen<\/li>\n<li>Der VolumenBrief enth\u00e4lt ein <strong>Aktien-Depot<\/strong><\/li>\n<li>Jede Ausgabe enth\u00e4lt die <strong>neue Scan-Liste der Aktienm\u00e4rkte (Trendraketen)<\/strong>. Es ist die automatisierte Zusammenstellung der besten Trendaktien. Die Liste gibt es jeweils als Excel-Datei und man kann sie downloaden.<\/li>\n<\/ul>\n<h3><\/h3>\n<h3>So beziehen Sie den VolumenBrief:<\/h3>\n<p>Bestellen Sie den VolumenBrief einfach \u00fcber <strong>Digistore24<\/strong>. Der Service ist f\u00fcr g\u00fcnstige 8,50 Euro pro Hauptausgabe.<\/p>\n<p><strong>Bestellung f\u00fcr 6 Monate f\u00fcr 204 Euro f\u00fcr 24 Ausgaben ohne Abonnement<\/strong>: \u00a0<a href=\"https:\/\/www.digistore24.com\/product\/55059\">BESTELLUNG<\/a><\/p>\n<p><strong>Bestellung im Abonnement jeweils 1 Monat f\u00fcr 34 Euro\/Monat<\/strong>: \u00a0<a href=\"https:\/\/www.digistore24.com\/product\/55057\">BESTELLUNG<\/a><\/p>\n<p>&nbsp;<\/p>\n<p><em>Hinweis: Bei uns gibt keine versteckten Tricks oder Klauseln. Deshalb k\u00f6nnen Sie ein Abonnement komplikationslos per Email k\u00fcndigen.<\/em><\/p>\n<p>&nbsp;<\/p>\n<p><span style=\"color: #000080; font-size: 20px;\">Sie k\u00f6nnen den VolumenBrief auch unverbindlich testen.<br \/>\nSenden Sie uns einfach eine formlose Email an test@volumenbrief.de zu. <\/span><\/p>\n<p>&nbsp;<\/p>\n<p>&nbsp;<\/p>\n<p><a href=\"https:\/\/www.trading-ideen.de\/wordpress\/wp-content\/uploads\/2017\/08\/ceel.jpg\"><img loading=\"lazy\" decoding=\"async\" class=\"wp-image-6595 alignleft\" src=\"https:\/\/www.trading-ideen.de\/wordpress\/wp-content\/uploads\/2017\/08\/ceel.jpg\" alt=\"Christian Lukas\" width=\"106\" height=\"138\" \/><\/a><\/p>\n<p>Viel Erfolg w\u00fcnscht Ihnen<\/p>\n<p>Christian Lukas<\/p>\n<p>&nbsp;<\/p>\n<p>P.S. Detaillierte Infos gibt es auch im E-Book zum VolumenBrief <a href=\"http:\/\/www.trading-ideen.de\/download\/eBook-VolumenBrief.pdf\">DOWNLOAD<\/a><\/p>\n<p>&nbsp;<\/p>\n","protected":false},"excerpt":{"rendered":"<div class=\"mh-excerpt\"><p>Die ultimative Suche nach den besten Trend-Aktien Liebe Leserinnen und Leser, an der B\u00f6rse z\u00e4hlt nur Angebot und Nachfrage. Diese beiden Faktoren bestimmen den Preis jeder Aktie. Leider ist die Prognose von Angebot und Nachfrage <a class=\"mh-excerpt-more\" href=\"https:\/\/www.trading-ideen.de\/wordpress\/volumenbrief\/\" title=\"VolumenBrief\">[&#8230;]<\/a><\/p>\n<\/div>","protected":false},"author":1,"featured_media":7468,"parent":0,"menu_order":0,"comment_status":"closed","ping_status":"closed","template":"","meta":{"footnotes":""},"class_list":["post-6592","page","type-page","status-publish","has-post-thumbnail"],"yoast_head":"<!-- This site is optimized with the Yoast SEO plugin v27.4 - https:\/\/yoast.com\/product\/yoast-seo-wordpress\/ -->\n<title>VolumenBrief - Trading-Ideen.de<\/title>\n<meta name=\"description\" content=\"VolumenBrief, der B\u00f6rsendienst f\u00fcr die besten Trendaktien. \u2713 Der ideale Verm\u00f6gensaufbau f\u00fcr den b\u00f6rseninteressierten Anleger. \u27a8 Testen!\" \/>\n<meta name=\"robots\" content=\"index, follow, max-snippet:-1, max-image-preview:large, max-video-preview:-1\" \/>\n<link rel=\"canonical\" href=\"https:\/\/www.trading-ideen.de\/wordpress\/volumenbrief\/\" \/>\n<meta name=\"twitter:label1\" content=\"Gesch\u00e4tzte Lesezeit\" \/>\n\t<meta name=\"twitter:data1\" content=\"4\u00a0Minuten\" \/>\n<script type=\"application\/ld+json\" class=\"yoast-schema-graph\">{\"@context\":\"https:\\\/\\\/schema.org\",\"@graph\":[{\"@type\":\"WebPage\",\"@id\":\"https:\\\/\\\/www.trading-ideen.de\\\/wordpress\\\/volumenbrief\\\/\",\"url\":\"https:\\\/\\\/www.trading-ideen.de\\\/wordpress\\\/volumenbrief\\\/\",\"name\":\"VolumenBrief - Trading-Ideen.de\",\"isPartOf\":{\"@id\":\"https:\\\/\\\/www.trading-ideen.de\\\/wordpress\\\/#website\"},\"primaryImageOfPage\":{\"@id\":\"https:\\\/\\\/www.trading-ideen.de\\\/wordpress\\\/volumenbrief\\\/#primaryimage\"},\"image\":{\"@id\":\"https:\\\/\\\/www.trading-ideen.de\\\/wordpress\\\/volumenbrief\\\/#primaryimage\"},\"thumbnailUrl\":\"https:\\\/\\\/www.trading-ideen.de\\\/wordpress\\\/wp-content\\\/uploads\\\/2018\\\/03\\\/Kurs-und-Volumentrend.png\",\"datePublished\":\"2017-09-01T22:13:38+00:00\",\"dateModified\":\"2021-07-27T09:04:21+00:00\",\"description\":\"VolumenBrief, der B\u00f6rsendienst f\u00fcr die besten Trendaktien. \u2713 Der ideale Verm\u00f6gensaufbau f\u00fcr den b\u00f6rseninteressierten Anleger. \u27a8 Testen!\",\"breadcrumb\":{\"@id\":\"https:\\\/\\\/www.trading-ideen.de\\\/wordpress\\\/volumenbrief\\\/#breadcrumb\"},\"inLanguage\":\"de\",\"potentialAction\":[{\"@type\":\"ReadAction\",\"target\":[\"https:\\\/\\\/www.trading-ideen.de\\\/wordpress\\\/volumenbrief\\\/\"]}]},{\"@type\":\"ImageObject\",\"inLanguage\":\"de\",\"@id\":\"https:\\\/\\\/www.trading-ideen.de\\\/wordpress\\\/volumenbrief\\\/#primaryimage\",\"url\":\"https:\\\/\\\/www.trading-ideen.de\\\/wordpress\\\/wp-content\\\/uploads\\\/2018\\\/03\\\/Kurs-und-Volumentrend.png\",\"contentUrl\":\"https:\\\/\\\/www.trading-ideen.de\\\/wordpress\\\/wp-content\\\/uploads\\\/2018\\\/03\\\/Kurs-und-Volumentrend.png\",\"width\":1335,\"height\":868},{\"@type\":\"BreadcrumbList\",\"@id\":\"https:\\\/\\\/www.trading-ideen.de\\\/wordpress\\\/volumenbrief\\\/#breadcrumb\",\"itemListElement\":[{\"@type\":\"ListItem\",\"position\":1,\"name\":\"Home\",\"item\":\"https:\\\/\\\/www.trading-ideen.de\\\/wordpress\\\/\"},{\"@type\":\"ListItem\",\"position\":2,\"name\":\"VolumenBrief\"}]},{\"@type\":\"WebSite\",\"@id\":\"https:\\\/\\\/www.trading-ideen.de\\\/wordpress\\\/#website\",\"url\":\"https:\\\/\\\/www.trading-ideen.de\\\/wordpress\\\/\",\"name\":\"Trading-Ideen.de\",\"description\":\"Tipps und Gedanken zur B\u00f6rse\",\"potentialAction\":[{\"@type\":\"SearchAction\",\"target\":{\"@type\":\"EntryPoint\",\"urlTemplate\":\"https:\\\/\\\/www.trading-ideen.de\\\/wordpress\\\/?s={search_term_string}\"},\"query-input\":{\"@type\":\"PropertyValueSpecification\",\"valueRequired\":true,\"valueName\":\"search_term_string\"}}],\"inLanguage\":\"de\"}]}<\/script>\n<!-- \/ Yoast SEO plugin. -->","yoast_head_json":{"title":"VolumenBrief - Trading-Ideen.de","description":"VolumenBrief, der B\u00f6rsendienst f\u00fcr die besten Trendaktien. \u2713 Der ideale Verm\u00f6gensaufbau f\u00fcr den b\u00f6rseninteressierten Anleger. \u27a8 Testen!","robots":{"index":"index","follow":"follow","max-snippet":"max-snippet:-1","max-image-preview":"max-image-preview:large","max-video-preview":"max-video-preview:-1"},"canonical":"https:\/\/www.trading-ideen.de\/wordpress\/volumenbrief\/","twitter_misc":{"Gesch\u00e4tzte Lesezeit":"4\u00a0Minuten"},"schema":{"@context":"https:\/\/schema.org","@graph":[{"@type":"WebPage","@id":"https:\/\/www.trading-ideen.de\/wordpress\/volumenbrief\/","url":"https:\/\/www.trading-ideen.de\/wordpress\/volumenbrief\/","name":"VolumenBrief - Trading-Ideen.de","isPartOf":{"@id":"https:\/\/www.trading-ideen.de\/wordpress\/#website"},"primaryImageOfPage":{"@id":"https:\/\/www.trading-ideen.de\/wordpress\/volumenbrief\/#primaryimage"},"image":{"@id":"https:\/\/www.trading-ideen.de\/wordpress\/volumenbrief\/#primaryimage"},"thumbnailUrl":"https:\/\/www.trading-ideen.de\/wordpress\/wp-content\/uploads\/2018\/03\/Kurs-und-Volumentrend.png","datePublished":"2017-09-01T22:13:38+00:00","dateModified":"2021-07-27T09:04:21+00:00","description":"VolumenBrief, der B\u00f6rsendienst f\u00fcr die besten Trendaktien. \u2713 Der ideale Verm\u00f6gensaufbau f\u00fcr den b\u00f6rseninteressierten Anleger. \u27a8 Testen!","breadcrumb":{"@id":"https:\/\/www.trading-ideen.de\/wordpress\/volumenbrief\/#breadcrumb"},"inLanguage":"de","potentialAction":[{"@type":"ReadAction","target":["https:\/\/www.trading-ideen.de\/wordpress\/volumenbrief\/"]}]},{"@type":"ImageObject","inLanguage":"de","@id":"https:\/\/www.trading-ideen.de\/wordpress\/volumenbrief\/#primaryimage","url":"https:\/\/www.trading-ideen.de\/wordpress\/wp-content\/uploads\/2018\/03\/Kurs-und-Volumentrend.png","contentUrl":"https:\/\/www.trading-ideen.de\/wordpress\/wp-content\/uploads\/2018\/03\/Kurs-und-Volumentrend.png","width":1335,"height":868},{"@type":"BreadcrumbList","@id":"https:\/\/www.trading-ideen.de\/wordpress\/volumenbrief\/#breadcrumb","itemListElement":[{"@type":"ListItem","position":1,"name":"Home","item":"https:\/\/www.trading-ideen.de\/wordpress\/"},{"@type":"ListItem","position":2,"name":"VolumenBrief"}]},{"@type":"WebSite","@id":"https:\/\/www.trading-ideen.de\/wordpress\/#website","url":"https:\/\/www.trading-ideen.de\/wordpress\/","name":"Trading-Ideen.de","description":"Tipps und Gedanken zur B\u00f6rse","potentialAction":[{"@type":"SearchAction","target":{"@type":"EntryPoint","urlTemplate":"https:\/\/www.trading-ideen.de\/wordpress\/?s={search_term_string}"},"query-input":{"@type":"PropertyValueSpecification","valueRequired":true,"valueName":"search_term_string"}}],"inLanguage":"de"}]}},"_links":{"self":[{"href":"https:\/\/www.trading-ideen.de\/wordpress\/wp-json\/wp\/v2\/pages\/6592","targetHints":{"allow":["GET"]}}],"collection":[{"href":"https:\/\/www.trading-ideen.de\/wordpress\/wp-json\/wp\/v2\/pages"}],"about":[{"href":"https:\/\/www.trading-ideen.de\/wordpress\/wp-json\/wp\/v2\/types\/page"}],"author":[{"embeddable":true,"href":"https:\/\/www.trading-ideen.de\/wordpress\/wp-json\/wp\/v2\/users\/1"}],"replies":[{"embeddable":true,"href":"https:\/\/www.trading-ideen.de\/wordpress\/wp-json\/wp\/v2\/comments?post=6592"}],"version-history":[{"count":72,"href":"https:\/\/www.trading-ideen.de\/wordpress\/wp-json\/wp\/v2\/pages\/6592\/revisions"}],"predecessor-version":[{"id":10706,"href":"https:\/\/www.trading-ideen.de\/wordpress\/wp-json\/wp\/v2\/pages\/6592\/revisions\/10706"}],"wp:featuredmedia":[{"embeddable":true,"href":"https:\/\/www.trading-ideen.de\/wordpress\/wp-json\/wp\/v2\/media\/7468"}],"wp:attachment":[{"href":"https:\/\/www.trading-ideen.de\/wordpress\/wp-json\/wp\/v2\/media?parent=6592"}],"curies":[{"name":"wp","href":"https:\/\/api.w.org\/{rel}","templated":true}]}}