{"id":7858,"date":"2018-06-13T16:36:17","date_gmt":"2018-06-13T14:36:17","guid":{"rendered":"http:\/\/www.trading-ideen.de\/wordpress\/?page_id=7858"},"modified":"2020-04-09T11:51:02","modified_gmt":"2020-04-09T09:51:02","slug":"wikifolio-trendbulle","status":"publish","type":"page","link":"https:\/\/www.trading-ideen.de\/wordpress\/wikifolio-trendbulle\/","title":{"rendered":"Wikifolio Trendbulle"},"content":{"rendered":"<p>Wir bieten euch mit unserem <strong>Wikifolio &#8222;Trendbulle&#8220;<\/strong> [ISIN: DE000LS9M3U2] die M\u00f6glichkeit, auf einfache Art und Weise unseren B\u00f6rsenhandel zu folgen.<\/p>\n<p><a href=\"https:\/\/www.wikifolio.com\/de\/de\/w\/wf135813mc?utm_source=wikifoliomail&amp;utm_medium=automail&amp;utm_content=Published&amp;utm_campaign=wikifolio\">Hier geht es direkt zum Wikifolio<\/a><\/p>\n<h3>Trendbulle: Unser Handelsansatz<\/h3>\n<p>Dauerhafter B\u00f6rsenerfolg erzielt man durch einen <strong>statistischen Vorteil<\/strong>. Wir konzentrieren uns deshalb auf die <strong>Verbindung zwischen Kurstrend und Volumentrend<\/strong>.<\/p>\n<p>An der B\u00f6rse z\u00e4hlt nur Angebot und Nachfrage. Diese beiden Faktoren bestimmen den Preis jedes Wertpapieres. Die beste Methode um das Angebot und die Nachfrage zu analysieren, ist die <strong>Untersuchung der Beziehung zwischen Kurs und Volumen<\/strong>. Die Kursver\u00e4nderung zeigt uns, wie Marktteilnehmer eine Aktie bewerten. Anschlie\u00dfend gibt uns das Volumen Hinweise, mit welchem Aufwand die Kursver\u00e4nderung erzeugt wurde.<\/p>\n<p>Das Kernst\u00fcck unserer Vorgehensweise ist die Filterung des Marktes, um eine Aktienliste zu erhalten. Wir bezeichnen sie als <strong>Trendraketen<\/strong>. Es sind immer Aktien mit ertragreichen und stabilen Trendmustern.<\/p>\n<p><span style=\"color: #0000ff;\">Wer vom Trendbullen profitieren m\u00f6chte, der kann sich das Zertifikat ins eigene Depot legen. Unter der <strong>ISIN: DE000LS9M3U2<\/strong> ist unser Wikifolio an der <strong>B\u00f6rse Stuttgart<\/strong> zu kaufen.<br \/>\n<span style=\"color: #000000;\">Info zum Thema: <a href=\"https:\/\/www.trading-ideen.de\/wordpress\/performance-gebuehren-wikifolios\/\">Performance-Geb\u00fchren<\/a><\/span><\/span><\/p>\n<p><a href=\"https:\/\/www.trading-ideen.de\/wordpress\/wp-content\/uploads\/2018\/03\/Kurs-und-Volumentrend.png\"><img loading=\"lazy\" decoding=\"async\" class=\"alignnone size-medium wp-image-7468\" src=\"https:\/\/www.trading-ideen.de\/wordpress\/wp-content\/uploads\/2018\/03\/Kurs-und-Volumentrend-600x390.png\" alt=\"\" width=\"600\" height=\"390\" srcset=\"https:\/\/www.trading-ideen.de\/wordpress\/wp-content\/uploads\/2018\/03\/Kurs-und-Volumentrend-600x390.png 600w, https:\/\/www.trading-ideen.de\/wordpress\/wp-content\/uploads\/2018\/03\/Kurs-und-Volumentrend-768x499.png 768w, https:\/\/www.trading-ideen.de\/wordpress\/wp-content\/uploads\/2018\/03\/Kurs-und-Volumentrend-1024x666.png 1024w, https:\/\/www.trading-ideen.de\/wordpress\/wp-content\/uploads\/2018\/03\/Kurs-und-Volumentrend.png 1335w\" sizes=\"auto, (max-width: 600px) 100vw, 600px\" \/><\/a><br \/>\nBild: Kurs und Volumentrend sind in Harmonie<\/p>\n<p>Der Handelsansatz f\u00fcr das Portfolio beruht auf der These, dass sich <strong>ein stabiler Trend auch in Zukunft fortsetzen sollte<\/strong>. Wir k\u00f6nnen nat\u00fcrlich auch nicht die B\u00f6rsenzukunft vorhersehen. Doch unser Ziel ist es, eine maximale Rendite zu erzeugen, und dabei das Kapitalrisiko auf einem niedrigen Niveau zu halten.<\/p>\n<p>Das vollst\u00e4ndige Handelssystem &#8222;Trendbulle&#8220; k\u00f6nnen Sie auch erwerben, um es eigenst\u00e4ndig umzusetzen. Wir bieten das <strong>System als Seminar<\/strong> an. In dem 2-Stunden-Seminar werden alle Systemvariablen vorgestellt und genau erkl\u00e4rt. Das k\u00f6nnte f\u00fcr Trader interessant sein, die das Portfolio mit Hebelprodukte umsetzen m\u00f6chten. Klicken Sie hierzu den Link an.<br \/>\n<a href=\"https:\/\/www.trading-ideen.de\/wordpress\/system-trendbulle\/\" target=\"_blank\" rel=\"noopener noreferrer\">Seminar-Trendbulle<\/a><\/p>\n<p>Unser Wikifolio richtet sich an alle B\u00f6rseninteressierte, die den <strong>langfristigen Aktienhandel bevorzugen<\/strong> (kein Daytrading).<\/p>\n<p>Wir handeln in erster Linie Aktien. Bei der Definition der m\u00f6glichen Handelswerte wollten wir uns jedoch nicht einschr\u00e4nken lassen. Schlie\u00dflich, wei\u00df man nie, was die Zukunft bringt. Deshalb k\u00f6nnen wir auch andere Wertpapiere, zum Beispiel ETFs oder Rohstoffe, in unserem Portfolio aufnehmen. In speziellen Marktsituationen k\u00f6nnen sogar gehebelte Derivate zum Einsatz kommen.<\/p>\n<p><a href=\"https:\/\/www.wikifolio.com\/de\/de\/w\/wf135813mc?utm_source=wikifoliomail&amp;utm_medium=automail&amp;utm_content=Published&amp;utm_campaign=wikifolio\">Hier geht es direkt zum Wikifolio<\/a><\/p>\n<h3>\u00dcber uns:<\/h3>\n<p>Offiziell wird das Portfolio von Christian Lukas betrieben. Hier mussten wir dem offiziellen Wikifolio-Reglement Zugest\u00e4ndnisse machen. Die Praxis ist jedoch eine andere. Das Wikifolio wird von Christian Lukas und Marko Klingner betrieben. Wir stehen intern gleichberechtigt in der Entscheidungsfindung.<br \/>\n<strong>Unsere B\u00f6rsenerfahrung betr\u00e4gt mehr als zwei Jahrzehnte.<\/strong> Unser B\u00f6rsenabenteuer startete mit dem Beginn des Neuen Marktes. \u00dcber die Jahre haben wir uns umfangreiches Wissen angeeignet und sind beide Mitglieder der Vereinigung Technischen Analysten Deutschlands e.V. (VTAD).<br \/>\nMarko Klingner ist Spezialist f\u00fcr <strong>Markttechnik &amp; Kursmuster<\/strong> und Christian Lukas f\u00fcr die <strong>Volumen-Analyse<\/strong>. Die Ans\u00e4tze harmonieren miteinander und sind Bestandteil innerhalb unseres Handelsansatzes f\u00fcr das Wikifolio.<\/p>\n<p>Ein pers\u00f6nlicher Kontakt ist m\u00f6glich. Uns finden Sie auf den Webseiten:<br \/>\n<a href=\"http:\/\/www.traders-blog.de\" target=\"_blank\" rel=\"noopener noreferrer\">www.traders-blog.de<\/a> und www.trading-ideen.de<\/p>\n<p><strong>Risikohinweis<\/strong>: Unser Wikifolio spiegelt nur unsere Meinung zu ausgew\u00e4hlten Wertpapieren wider. Es ist keine Aufforderung zum aktiven B\u00f6rsenhandel. Wenn Sie der Meinung sind, dass das Wikifolio Ihren Vorstellungen entspricht, dann handeln Sie uneingeschr\u00e4nkt auf Basis Ihres eigenen Risikos. Weder Christian Lukas noch Marko Klingner haften f\u00fcr Sch\u00e4den materieller oder immaterieller Art.<\/p>\n","protected":false},"excerpt":{"rendered":"<div class=\"mh-excerpt\"><p>Wir bieten euch mit unserem Wikifolio &#8222;Trendbulle&#8220; [ISIN: DE000LS9M3U2] die M\u00f6glichkeit, auf einfache Art und Weise unseren B\u00f6rsenhandel zu folgen. Hier geht es direkt zum Wikifolio Trendbulle: Unser Handelsansatz Dauerhafter B\u00f6rsenerfolg erzielt man durch einen <a class=\"mh-excerpt-more\" href=\"https:\/\/www.trading-ideen.de\/wordpress\/wikifolio-trendbulle\/\" title=\"Wikifolio Trendbulle\">[&#8230;]<\/a><\/p>\n<\/div>","protected":false},"author":1,"featured_media":7468,"parent":0,"menu_order":0,"comment_status":"closed","ping_status":"closed","template":"","meta":{"footnotes":""},"class_list":["post-7858","page","type-page","status-publish","has-post-thumbnail"],"yoast_head":"<!-- This site is optimized with the Yoast SEO plugin v27.4 - https:\/\/yoast.com\/product\/yoast-seo-wordpress\/ -->\n<title>Wikifolio Trendbulle - Trading-Ideen.de<\/title>\n<meta name=\"description\" content=\"Handeln Sie mit: Wikifolio Trendbulle. + Wir traden Aktien, die im stabilen Trend sind. + Solche Trendraketen bieten oft hohe Rendite und geringes Risiko.\" \/>\n<meta name=\"robots\" content=\"index, follow, max-snippet:-1, max-image-preview:large, max-video-preview:-1\" \/>\n<link rel=\"canonical\" href=\"https:\/\/www.trading-ideen.de\/wordpress\/wikifolio-trendbulle\/\" \/>\n<meta name=\"twitter:label1\" content=\"Gesch\u00e4tzte Lesezeit\" \/>\n\t<meta name=\"twitter:data1\" content=\"3\u00a0Minuten\" \/>\n<script type=\"application\/ld+json\" class=\"yoast-schema-graph\">{\"@context\":\"https:\\\/\\\/schema.org\",\"@graph\":[{\"@type\":\"WebPage\",\"@id\":\"https:\\\/\\\/www.trading-ideen.de\\\/wordpress\\\/wikifolio-trendbulle\\\/\",\"url\":\"https:\\\/\\\/www.trading-ideen.de\\\/wordpress\\\/wikifolio-trendbulle\\\/\",\"name\":\"Wikifolio Trendbulle - Trading-Ideen.de\",\"isPartOf\":{\"@id\":\"https:\\\/\\\/www.trading-ideen.de\\\/wordpress\\\/#website\"},\"primaryImageOfPage\":{\"@id\":\"https:\\\/\\\/www.trading-ideen.de\\\/wordpress\\\/wikifolio-trendbulle\\\/#primaryimage\"},\"image\":{\"@id\":\"https:\\\/\\\/www.trading-ideen.de\\\/wordpress\\\/wikifolio-trendbulle\\\/#primaryimage\"},\"thumbnailUrl\":\"https:\\\/\\\/www.trading-ideen.de\\\/wordpress\\\/wp-content\\\/uploads\\\/2018\\\/03\\\/Kurs-und-Volumentrend.png\",\"datePublished\":\"2018-06-13T14:36:17+00:00\",\"dateModified\":\"2020-04-09T09:51:02+00:00\",\"description\":\"Handeln Sie mit: Wikifolio Trendbulle. + Wir traden Aktien, die im stabilen Trend sind. + Solche Trendraketen bieten oft hohe Rendite und geringes Risiko.\",\"breadcrumb\":{\"@id\":\"https:\\\/\\\/www.trading-ideen.de\\\/wordpress\\\/wikifolio-trendbulle\\\/#breadcrumb\"},\"inLanguage\":\"de\",\"potentialAction\":[{\"@type\":\"ReadAction\",\"target\":[\"https:\\\/\\\/www.trading-ideen.de\\\/wordpress\\\/wikifolio-trendbulle\\\/\"]}]},{\"@type\":\"ImageObject\",\"inLanguage\":\"de\",\"@id\":\"https:\\\/\\\/www.trading-ideen.de\\\/wordpress\\\/wikifolio-trendbulle\\\/#primaryimage\",\"url\":\"https:\\\/\\\/www.trading-ideen.de\\\/wordpress\\\/wp-content\\\/uploads\\\/2018\\\/03\\\/Kurs-und-Volumentrend.png\",\"contentUrl\":\"https:\\\/\\\/www.trading-ideen.de\\\/wordpress\\\/wp-content\\\/uploads\\\/2018\\\/03\\\/Kurs-und-Volumentrend.png\",\"width\":1335,\"height\":868},{\"@type\":\"BreadcrumbList\",\"@id\":\"https:\\\/\\\/www.trading-ideen.de\\\/wordpress\\\/wikifolio-trendbulle\\\/#breadcrumb\",\"itemListElement\":[{\"@type\":\"ListItem\",\"position\":1,\"name\":\"Home\",\"item\":\"https:\\\/\\\/www.trading-ideen.de\\\/wordpress\\\/\"},{\"@type\":\"ListItem\",\"position\":2,\"name\":\"Wikifolio Trendbulle\"}]},{\"@type\":\"WebSite\",\"@id\":\"https:\\\/\\\/www.trading-ideen.de\\\/wordpress\\\/#website\",\"url\":\"https:\\\/\\\/www.trading-ideen.de\\\/wordpress\\\/\",\"name\":\"Trading-Ideen.de\",\"description\":\"Tipps und Gedanken zur B\u00f6rse\",\"potentialAction\":[{\"@type\":\"SearchAction\",\"target\":{\"@type\":\"EntryPoint\",\"urlTemplate\":\"https:\\\/\\\/www.trading-ideen.de\\\/wordpress\\\/?s={search_term_string}\"},\"query-input\":{\"@type\":\"PropertyValueSpecification\",\"valueRequired\":true,\"valueName\":\"search_term_string\"}}],\"inLanguage\":\"de\"}]}<\/script>\n<!-- \/ Yoast SEO plugin. -->","yoast_head_json":{"title":"Wikifolio Trendbulle - Trading-Ideen.de","description":"Handeln Sie mit: Wikifolio Trendbulle. + Wir traden Aktien, die im stabilen Trend sind. + Solche Trendraketen bieten oft hohe Rendite und geringes Risiko.","robots":{"index":"index","follow":"follow","max-snippet":"max-snippet:-1","max-image-preview":"max-image-preview:large","max-video-preview":"max-video-preview:-1"},"canonical":"https:\/\/www.trading-ideen.de\/wordpress\/wikifolio-trendbulle\/","twitter_misc":{"Gesch\u00e4tzte Lesezeit":"3\u00a0Minuten"},"schema":{"@context":"https:\/\/schema.org","@graph":[{"@type":"WebPage","@id":"https:\/\/www.trading-ideen.de\/wordpress\/wikifolio-trendbulle\/","url":"https:\/\/www.trading-ideen.de\/wordpress\/wikifolio-trendbulle\/","name":"Wikifolio Trendbulle - Trading-Ideen.de","isPartOf":{"@id":"https:\/\/www.trading-ideen.de\/wordpress\/#website"},"primaryImageOfPage":{"@id":"https:\/\/www.trading-ideen.de\/wordpress\/wikifolio-trendbulle\/#primaryimage"},"image":{"@id":"https:\/\/www.trading-ideen.de\/wordpress\/wikifolio-trendbulle\/#primaryimage"},"thumbnailUrl":"https:\/\/www.trading-ideen.de\/wordpress\/wp-content\/uploads\/2018\/03\/Kurs-und-Volumentrend.png","datePublished":"2018-06-13T14:36:17+00:00","dateModified":"2020-04-09T09:51:02+00:00","description":"Handeln Sie mit: Wikifolio Trendbulle. + Wir traden Aktien, die im stabilen Trend sind. + Solche Trendraketen bieten oft hohe Rendite und geringes Risiko.","breadcrumb":{"@id":"https:\/\/www.trading-ideen.de\/wordpress\/wikifolio-trendbulle\/#breadcrumb"},"inLanguage":"de","potentialAction":[{"@type":"ReadAction","target":["https:\/\/www.trading-ideen.de\/wordpress\/wikifolio-trendbulle\/"]}]},{"@type":"ImageObject","inLanguage":"de","@id":"https:\/\/www.trading-ideen.de\/wordpress\/wikifolio-trendbulle\/#primaryimage","url":"https:\/\/www.trading-ideen.de\/wordpress\/wp-content\/uploads\/2018\/03\/Kurs-und-Volumentrend.png","contentUrl":"https:\/\/www.trading-ideen.de\/wordpress\/wp-content\/uploads\/2018\/03\/Kurs-und-Volumentrend.png","width":1335,"height":868},{"@type":"BreadcrumbList","@id":"https:\/\/www.trading-ideen.de\/wordpress\/wikifolio-trendbulle\/#breadcrumb","itemListElement":[{"@type":"ListItem","position":1,"name":"Home","item":"https:\/\/www.trading-ideen.de\/wordpress\/"},{"@type":"ListItem","position":2,"name":"Wikifolio Trendbulle"}]},{"@type":"WebSite","@id":"https:\/\/www.trading-ideen.de\/wordpress\/#website","url":"https:\/\/www.trading-ideen.de\/wordpress\/","name":"Trading-Ideen.de","description":"Tipps und Gedanken zur B\u00f6rse","potentialAction":[{"@type":"SearchAction","target":{"@type":"EntryPoint","urlTemplate":"https:\/\/www.trading-ideen.de\/wordpress\/?s={search_term_string}"},"query-input":{"@type":"PropertyValueSpecification","valueRequired":true,"valueName":"search_term_string"}}],"inLanguage":"de"}]}},"_links":{"self":[{"href":"https:\/\/www.trading-ideen.de\/wordpress\/wp-json\/wp\/v2\/pages\/7858","targetHints":{"allow":["GET"]}}],"collection":[{"href":"https:\/\/www.trading-ideen.de\/wordpress\/wp-json\/wp\/v2\/pages"}],"about":[{"href":"https:\/\/www.trading-ideen.de\/wordpress\/wp-json\/wp\/v2\/types\/page"}],"author":[{"embeddable":true,"href":"https:\/\/www.trading-ideen.de\/wordpress\/wp-json\/wp\/v2\/users\/1"}],"replies":[{"embeddable":true,"href":"https:\/\/www.trading-ideen.de\/wordpress\/wp-json\/wp\/v2\/comments?post=7858"}],"version-history":[{"count":9,"href":"https:\/\/www.trading-ideen.de\/wordpress\/wp-json\/wp\/v2\/pages\/7858\/revisions"}],"predecessor-version":[{"id":9743,"href":"https:\/\/www.trading-ideen.de\/wordpress\/wp-json\/wp\/v2\/pages\/7858\/revisions\/9743"}],"wp:featuredmedia":[{"embeddable":true,"href":"https:\/\/www.trading-ideen.de\/wordpress\/wp-json\/wp\/v2\/media\/7468"}],"wp:attachment":[{"href":"https:\/\/www.trading-ideen.de\/wordpress\/wp-json\/wp\/v2\/media?parent=7858"}],"curies":[{"name":"wp","href":"https:\/\/api.w.org\/{rel}","templated":true}]}}