{"id":8210,"date":"2018-09-04T22:50:23","date_gmt":"2018-09-04T20:50:23","guid":{"rendered":"http:\/\/www.trading-ideen.de\/wordpress\/?page_id=8210"},"modified":"2020-05-29T13:24:44","modified_gmt":"2020-05-29T11:24:44","slug":"system-trendbulle","status":"publish","type":"page","link":"https:\/\/www.trading-ideen.de\/wordpress\/system-trendbulle\/","title":{"rendered":"Seminar-Trendhandel"},"content":{"rendered":"<p>Liebe Leserinnen und Leser,<br \/>\nin unserem Seminar beschreiben wir detailliert unser <strong>Handelssystem f\u00fcr Trends<\/strong>. Das Online-Seminar eignet sich f\u00fcr alle B\u00f6rsianer, die Aktien im langfristigen Trendhandel eigenst\u00e4ndig handeln m\u00f6chten. Die Techniken und die Erl\u00e4uterungen wurden didaktisch so vorbereitet, dass keine Vorkenntnisse erforderlich sind. Der sp\u00e4tere Analyseaufwand l\u00e4sst sich auf einen w\u00f6chentlichen Check reduzieren.<br \/>\n<strong>Wir haben alle Handelsregeln und die Systemlogik in einem zweist\u00fcndigen Seminar gespeichert.<\/strong><\/p>\n<p>Unser Seminar unterteilt sich in elf Kapitel. Jedes einzelne Kapitel entspricht einem Video. So kann der Studierende schnell von Video zu Video springen kann. Jedes Video kann so oft angeschaut werden, wie n\u00f6tig.<\/p>\n<h3>Das Seminar teilt sich in folgende Videos auf:<\/h3>\n<p>0. Start des Seminars<br \/>\n1. Einf\u00fchrung zum Handelssystem<br \/>\n2. Ursprung des Volumen-Tradings<br \/>\n3. Grundprinzipien von Kurs und Volumen<br \/>\n4. Die Marktstruktur das A und O<br \/>\n5. Die Markttechnik verstehen<br \/>\n6. Donchian-Channel als Tool<br \/>\n7. Der OBV als Vorl\u00e4ufer<br \/>\n8. Harmonie der Channel<br \/>\n9. Die Handelsregeln im Detail<br \/>\n10. Timing der Ein- und Ausstiege<br \/>\n11. Money- und Risiko-Management<\/p>\n<p>Das Seminar zeigt Ihnen alle Details zu unserem Handelssystem. Es ist keine sogenannte \u201eBlackbox\u201c. <strong>Sie ben\u00f6tigen weder Programmierkenntnisse noch sonstige Spezialf\u00e4higkeiten, um mit dem System erfolgreich zu arbeiten.<\/strong><br \/>\nDas System baut sich logisch auf und verwendet Standardindikatoren, die in einer \u00fcblichen Chartsoftware enthalten sein sollten.<\/p>\n<p><strong>Das Seminar zu unserem Handelssystem kostet nur 149,- Euro. Ein einmaliger Betrag, der gut angelegt ist.<\/strong><\/p>\n<p><span style=\"color: #0000ff;\">Hier geht es zum<\/span>: <a href=\"https:\/\/www.digistore24.com\/product\/329092\" target=\"_blank\" rel=\"noopener noreferrer\">SHOP<\/a>.<\/p>\n<p>Nach dem Kauf erhalten Sie zeitnah ein Passwort, mit dem Sie Zugriff auf die Videos erhalten.<\/p>\n<p>Bei Fragen: info@trading-ideen.de<\/p>\n<p>Viel Erfolg w\u00fcnscht Ihnen<br \/>\nChristian Lukas<\/p>\n<p>&nbsp;<\/p>\n<p>Hier ist die dazugeh\u00f6rige Kapitalkurve des Systems. Als Handelsobjekt wurden die 30 Aktien des DAX gew\u00e4hlt. Das Startkapital betrug 20000 Euro und je Aktienposition wurde beim Kauf jeweils nur 2500 Euro investiert (unabh\u00e4ngig vom jeweiligen Kapitalstand).<\/p>\n<p>Zum Vergleich: Der DAX-Index stieg im gleichen Zeitraum um 88%.\u00a0 Das Handelssystem schaffte 151%.<\/p>\n<p><a href=\"https:\/\/www.trading-ideen.de\/wordpress\/wp-content\/uploads\/2019\/11\/Trendbulle-Equity2.png\"><img loading=\"lazy\" decoding=\"async\" class=\"aligncenter size-full wp-image-9417\" src=\"https:\/\/www.trading-ideen.de\/wordpress\/wp-content\/uploads\/2019\/11\/Trendbulle-Equity2.png\" alt=\"\" width=\"1350\" height=\"868\" srcset=\"https:\/\/www.trading-ideen.de\/wordpress\/wp-content\/uploads\/2019\/11\/Trendbulle-Equity2.png 1350w, https:\/\/www.trading-ideen.de\/wordpress\/wp-content\/uploads\/2019\/11\/Trendbulle-Equity2-600x386.png 600w, https:\/\/www.trading-ideen.de\/wordpress\/wp-content\/uploads\/2019\/11\/Trendbulle-Equity2-768x494.png 768w, https:\/\/www.trading-ideen.de\/wordpress\/wp-content\/uploads\/2019\/11\/Trendbulle-Equity2-1024x658.png 1024w\" sizes=\"auto, (max-width: 1350px) 100vw, 1350px\" \/><\/a><\/p>\n<p>&nbsp;<\/p>\n","protected":false},"excerpt":{"rendered":"<div class=\"mh-excerpt\"><p>Liebe Leserinnen und Leser, in unserem Seminar beschreiben wir detailliert unser Handelssystem f\u00fcr Trends. Das Online-Seminar eignet sich f\u00fcr alle B\u00f6rsianer, die Aktien im langfristigen Trendhandel eigenst\u00e4ndig handeln m\u00f6chten. Die Techniken und die Erl\u00e4uterungen wurden <a class=\"mh-excerpt-more\" href=\"https:\/\/www.trading-ideen.de\/wordpress\/system-trendbulle\/\" title=\"Seminar-Trendhandel\">[&#8230;]<\/a><\/p>\n<\/div>","protected":false},"author":1,"featured_media":0,"parent":0,"menu_order":0,"comment_status":"closed","ping_status":"closed","template":"","meta":{"footnotes":""},"class_list":["post-8210","page","type-page","status-publish"],"yoast_head":"<!-- This site is optimized with the Yoast SEO plugin v27.4 - https:\/\/yoast.com\/product\/yoast-seo-wordpress\/ -->\n<title>Seminar-Trendhandel - Trading-Ideen.de<\/title>\n<meta name=\"robots\" content=\"index, follow, max-snippet:-1, max-image-preview:large, max-video-preview:-1\" \/>\n<link rel=\"canonical\" href=\"https:\/\/www.trading-ideen.de\/wordpress\/system-trendbulle\/\" \/>\n<meta name=\"twitter:label1\" content=\"Gesch\u00e4tzte Lesezeit\" \/>\n\t<meta name=\"twitter:data1\" content=\"2\u00a0Minuten\" \/>\n<script type=\"application\/ld+json\" class=\"yoast-schema-graph\">{\"@context\":\"https:\\\/\\\/schema.org\",\"@graph\":[{\"@type\":\"WebPage\",\"@id\":\"https:\\\/\\\/www.trading-ideen.de\\\/wordpress\\\/system-trendbulle\\\/\",\"url\":\"https:\\\/\\\/www.trading-ideen.de\\\/wordpress\\\/system-trendbulle\\\/\",\"name\":\"Seminar-Trendhandel - Trading-Ideen.de\",\"isPartOf\":{\"@id\":\"https:\\\/\\\/www.trading-ideen.de\\\/wordpress\\\/#website\"},\"primaryImageOfPage\":{\"@id\":\"https:\\\/\\\/www.trading-ideen.de\\\/wordpress\\\/system-trendbulle\\\/#primaryimage\"},\"image\":{\"@id\":\"https:\\\/\\\/www.trading-ideen.de\\\/wordpress\\\/system-trendbulle\\\/#primaryimage\"},\"thumbnailUrl\":\"http:\\\/\\\/www.trading-ideen.de\\\/wordpress\\\/wp-content\\\/uploads\\\/2019\\\/11\\\/Trendbulle-Equity2.png\",\"datePublished\":\"2018-09-04T20:50:23+00:00\",\"dateModified\":\"2020-05-29T11:24:44+00:00\",\"breadcrumb\":{\"@id\":\"https:\\\/\\\/www.trading-ideen.de\\\/wordpress\\\/system-trendbulle\\\/#breadcrumb\"},\"inLanguage\":\"de\",\"potentialAction\":[{\"@type\":\"ReadAction\",\"target\":[\"https:\\\/\\\/www.trading-ideen.de\\\/wordpress\\\/system-trendbulle\\\/\"]}]},{\"@type\":\"ImageObject\",\"inLanguage\":\"de\",\"@id\":\"https:\\\/\\\/www.trading-ideen.de\\\/wordpress\\\/system-trendbulle\\\/#primaryimage\",\"url\":\"http:\\\/\\\/www.trading-ideen.de\\\/wordpress\\\/wp-content\\\/uploads\\\/2019\\\/11\\\/Trendbulle-Equity2.png\",\"contentUrl\":\"http:\\\/\\\/www.trading-ideen.de\\\/wordpress\\\/wp-content\\\/uploads\\\/2019\\\/11\\\/Trendbulle-Equity2.png\"},{\"@type\":\"BreadcrumbList\",\"@id\":\"https:\\\/\\\/www.trading-ideen.de\\\/wordpress\\\/system-trendbulle\\\/#breadcrumb\",\"itemListElement\":[{\"@type\":\"ListItem\",\"position\":1,\"name\":\"Home\",\"item\":\"https:\\\/\\\/www.trading-ideen.de\\\/wordpress\\\/\"},{\"@type\":\"ListItem\",\"position\":2,\"name\":\"Seminar-Trendhandel\"}]},{\"@type\":\"WebSite\",\"@id\":\"https:\\\/\\\/www.trading-ideen.de\\\/wordpress\\\/#website\",\"url\":\"https:\\\/\\\/www.trading-ideen.de\\\/wordpress\\\/\",\"name\":\"Trading-Ideen.de\",\"description\":\"Tipps und Gedanken zur B\u00f6rse\",\"potentialAction\":[{\"@type\":\"SearchAction\",\"target\":{\"@type\":\"EntryPoint\",\"urlTemplate\":\"https:\\\/\\\/www.trading-ideen.de\\\/wordpress\\\/?s={search_term_string}\"},\"query-input\":{\"@type\":\"PropertyValueSpecification\",\"valueRequired\":true,\"valueName\":\"search_term_string\"}}],\"inLanguage\":\"de\"}]}<\/script>\n<!-- \/ Yoast SEO plugin. -->","yoast_head_json":{"title":"Seminar-Trendhandel - Trading-Ideen.de","robots":{"index":"index","follow":"follow","max-snippet":"max-snippet:-1","max-image-preview":"max-image-preview:large","max-video-preview":"max-video-preview:-1"},"canonical":"https:\/\/www.trading-ideen.de\/wordpress\/system-trendbulle\/","twitter_misc":{"Gesch\u00e4tzte Lesezeit":"2\u00a0Minuten"},"schema":{"@context":"https:\/\/schema.org","@graph":[{"@type":"WebPage","@id":"https:\/\/www.trading-ideen.de\/wordpress\/system-trendbulle\/","url":"https:\/\/www.trading-ideen.de\/wordpress\/system-trendbulle\/","name":"Seminar-Trendhandel - Trading-Ideen.de","isPartOf":{"@id":"https:\/\/www.trading-ideen.de\/wordpress\/#website"},"primaryImageOfPage":{"@id":"https:\/\/www.trading-ideen.de\/wordpress\/system-trendbulle\/#primaryimage"},"image":{"@id":"https:\/\/www.trading-ideen.de\/wordpress\/system-trendbulle\/#primaryimage"},"thumbnailUrl":"http:\/\/www.trading-ideen.de\/wordpress\/wp-content\/uploads\/2019\/11\/Trendbulle-Equity2.png","datePublished":"2018-09-04T20:50:23+00:00","dateModified":"2020-05-29T11:24:44+00:00","breadcrumb":{"@id":"https:\/\/www.trading-ideen.de\/wordpress\/system-trendbulle\/#breadcrumb"},"inLanguage":"de","potentialAction":[{"@type":"ReadAction","target":["https:\/\/www.trading-ideen.de\/wordpress\/system-trendbulle\/"]}]},{"@type":"ImageObject","inLanguage":"de","@id":"https:\/\/www.trading-ideen.de\/wordpress\/system-trendbulle\/#primaryimage","url":"http:\/\/www.trading-ideen.de\/wordpress\/wp-content\/uploads\/2019\/11\/Trendbulle-Equity2.png","contentUrl":"http:\/\/www.trading-ideen.de\/wordpress\/wp-content\/uploads\/2019\/11\/Trendbulle-Equity2.png"},{"@type":"BreadcrumbList","@id":"https:\/\/www.trading-ideen.de\/wordpress\/system-trendbulle\/#breadcrumb","itemListElement":[{"@type":"ListItem","position":1,"name":"Home","item":"https:\/\/www.trading-ideen.de\/wordpress\/"},{"@type":"ListItem","position":2,"name":"Seminar-Trendhandel"}]},{"@type":"WebSite","@id":"https:\/\/www.trading-ideen.de\/wordpress\/#website","url":"https:\/\/www.trading-ideen.de\/wordpress\/","name":"Trading-Ideen.de","description":"Tipps und Gedanken zur B\u00f6rse","potentialAction":[{"@type":"SearchAction","target":{"@type":"EntryPoint","urlTemplate":"https:\/\/www.trading-ideen.de\/wordpress\/?s={search_term_string}"},"query-input":{"@type":"PropertyValueSpecification","valueRequired":true,"valueName":"search_term_string"}}],"inLanguage":"de"}]}},"_links":{"self":[{"href":"https:\/\/www.trading-ideen.de\/wordpress\/wp-json\/wp\/v2\/pages\/8210","targetHints":{"allow":["GET"]}}],"collection":[{"href":"https:\/\/www.trading-ideen.de\/wordpress\/wp-json\/wp\/v2\/pages"}],"about":[{"href":"https:\/\/www.trading-ideen.de\/wordpress\/wp-json\/wp\/v2\/types\/page"}],"author":[{"embeddable":true,"href":"https:\/\/www.trading-ideen.de\/wordpress\/wp-json\/wp\/v2\/users\/1"}],"replies":[{"embeddable":true,"href":"https:\/\/www.trading-ideen.de\/wordpress\/wp-json\/wp\/v2\/comments?post=8210"}],"version-history":[{"count":20,"href":"https:\/\/www.trading-ideen.de\/wordpress\/wp-json\/wp\/v2\/pages\/8210\/revisions"}],"predecessor-version":[{"id":9857,"href":"https:\/\/www.trading-ideen.de\/wordpress\/wp-json\/wp\/v2\/pages\/8210\/revisions\/9857"}],"wp:attachment":[{"href":"https:\/\/www.trading-ideen.de\/wordpress\/wp-json\/wp\/v2\/media?parent=8210"}],"curies":[{"name":"wp","href":"https:\/\/api.w.org\/{rel}","templated":true}]}}