{"id":9589,"date":"2020-02-24T11:25:28","date_gmt":"2020-02-24T10:25:28","guid":{"rendered":"http:\/\/www.trading-ideen.de\/wordpress\/?page_id=9589"},"modified":"2020-03-03T14:07:19","modified_gmt":"2020-03-03T13:07:19","slug":"seminar-druckwelle","status":"publish","type":"page","link":"https:\/\/www.trading-ideen.de\/wordpress\/seminar-druckwelle\/","title":{"rendered":"Seminar-Druckwelle"},"content":{"rendered":"<h2>Ein starkes Handelssystem f\u00fcr den diskretion\u00e4ren Trader<\/h2>\n<p>Jeder erfolgreiche Trader handelt nach einer bestimmten Systematik. Entscheidend ist dabei, eine <strong>gute Handelslogik<\/strong> zu verfolgen.<\/p>\n<h3>Das System mit der Druckwelle<\/h3>\n<p>Falls Sie auf der Suche nach einem flexiblen und profitablen System sind, dann k\u00f6nnte das Druckwellensystem etwas f\u00fcr Sie sein. In meinem Seminar zeige ich Ihnen alle Tricks und Kniffe. Ich wende das Prinzip seit vielen Jahren an und wahrscheinlich ist es mein best\u00e4ndigstes System. Die Einfachheit und Robustheit des Systems ist dabei so \u00fcberzeugend, dass auch Sie in kurzer Zeit profitabel sein k\u00f6nnten.<\/p>\n<p><a href=\"https:\/\/www.trading-ideen.de\/wordpress\/wp-content\/uploads\/2020\/02\/DW-Prinzip.png\"><img loading=\"lazy\" decoding=\"async\" class=\" wp-image-9605 alignleft\" src=\"https:\/\/www.trading-ideen.de\/wordpress\/wp-content\/uploads\/2020\/02\/DW-Prinzip.png\" alt=\"\" width=\"405\" height=\"241\" \/><\/a><\/p>\n<p><em>Bild: Eine Druckwelle als Erfolgsfaktor<\/em><\/p>\n<p><strong>Das Seminar umfasst eine Dauer von ca. 100 Minuten.<\/strong> Mehr Zeit ben\u00f6tigen Sie nicht, um das System in- und auswendig kennenzulernen. Falls Sie lieber die Strategie nachlesen m\u00f6chten, gibt es zus\u00e4tzlich einen <strong>Leitfaden als PDF-Datei<\/strong>. Auf elf Seiten wird die Strategie noch einmal komprimiert erkl\u00e4rt, so dass sie jeder nachvollziehen kann. Sie bekommen hier also keine Black-Box sondern erlernen die spezielle Handelslogik im Detail.<\/p>\n<p><strong>Das System mit der Druckwelle ist<\/strong> <strong>f\u00fcr kurz- und mittelfristige Trader gedacht<\/strong>. Es l\u00e4sst sich sowohl intraday einsetzen als auch f\u00fcr Swing-Trades nutzen. Nach dem Einstieg in eine Position betr\u00e4gt die die typische Haltedauer zwischen 3 und 20 Candlesticks. Die Haltedauer k\u00f6nnen Sie je nach Wunsch anpassen. Das System funktioniert sowohl mit 5min-Charts, 15min-Charts, Tages-Charts als auch mit Wochen-Charts. Sie k\u00f6nnen also Ihren pers\u00f6nlichen Lebensstil perfekt mit dem System kombinieren.<\/p>\n<p><a href=\"https:\/\/www.trading-ideen.de\/wordpress\/wp-content\/uploads\/2020\/02\/DW-Kapitalkurve20000-ab2005-Nr1.png\"><img loading=\"lazy\" decoding=\"async\" class=\"aligncenter size-full wp-image-9602\" src=\"https:\/\/www.trading-ideen.de\/wordpress\/wp-content\/uploads\/2020\/02\/DW-Kapitalkurve20000-ab2005-Nr1.png\" alt=\"\" width=\"1347\" height=\"868\" srcset=\"https:\/\/www.trading-ideen.de\/wordpress\/wp-content\/uploads\/2020\/02\/DW-Kapitalkurve20000-ab2005-Nr1.png 1347w, https:\/\/www.trading-ideen.de\/wordpress\/wp-content\/uploads\/2020\/02\/DW-Kapitalkurve20000-ab2005-Nr1-600x387.png 600w, https:\/\/www.trading-ideen.de\/wordpress\/wp-content\/uploads\/2020\/02\/DW-Kapitalkurve20000-ab2005-Nr1-1024x660.png 1024w, https:\/\/www.trading-ideen.de\/wordpress\/wp-content\/uploads\/2020\/02\/DW-Kapitalkurve20000-ab2005-Nr1-768x495.png 768w\" sizes=\"auto, (max-width: 1347px) 100vw, 1347px\" \/><\/a><\/p>\n<p><em>Bild: Kapitalkurve auf Basis des FDAX mit Druckwellen-System. Auf Tagesbasis wurde mit einem Startkapital von 20000 \u20ac gehandelt. Alle Trades wurden jeweils nur mit einem einzigen Kontrakt durchgef\u00fchrt.<\/em><\/p>\n<p>&nbsp;<\/p>\n<p><strong>Die Videodateien und die PDF-Datei k\u00f6nnen Sie sofort nach dem Kauf einsehen oder downloaden.<\/strong> Sie bekommen dazu den entsprechenden Link und das Password per Email zugeschickt.<\/p>\n<p><strong>Zu einem Preis von 199 Euro kaufen Sie einen erfolgreichen Handelsansatz, der sich schon nach kurzer Zeit mehr als amortisieren sollte.<\/strong> Der Ansatz ist so flexibel, dass Sie sogar eigene Erweiterungen mit integrieren k\u00f6nnten.<\/p>\n<p>Klicken Sie hier zum <a href=\"https:\/\/www.digistore24.com\/product\/309566\">SHOP<\/a> und erweitern Sie Ihr Trading-Knowhow:<\/p>\n<p>&nbsp;<\/p>\n<p>&nbsp;<\/p>\n<p>&nbsp;<\/p>\n<p>&nbsp;<\/p>\n","protected":false},"excerpt":{"rendered":"<div class=\"mh-excerpt\"><p>Ein starkes Handelssystem f\u00fcr den diskretion\u00e4ren Trader Jeder erfolgreiche Trader handelt nach einer bestimmten Systematik. Entscheidend ist dabei, eine gute Handelslogik zu verfolgen. Das System mit der Druckwelle Falls Sie auf der Suche nach einem <a class=\"mh-excerpt-more\" href=\"https:\/\/www.trading-ideen.de\/wordpress\/seminar-druckwelle\/\" title=\"Seminar-Druckwelle\">[&#8230;]<\/a><\/p>\n<\/div>","protected":false},"author":1,"featured_media":9602,"parent":0,"menu_order":0,"comment_status":"closed","ping_status":"closed","template":"","meta":{"footnotes":""},"class_list":["post-9589","page","type-page","status-publish","has-post-thumbnail"],"yoast_head":"<!-- This site is optimized with the Yoast SEO plugin v27.4 - https:\/\/yoast.com\/product\/yoast-seo-wordpress\/ -->\n<title>Seminar-Druckwelle - Trading-Ideen.de<\/title>\n<meta name=\"description\" content=\"Trading mit der Druckwelle: Lernen Sie eines der robustesten Handelssysteme kennen. Jetzt, mit profitabler Handelslogik an der B\u00f6rse Geld verdienen.\" \/>\n<meta name=\"robots\" content=\"index, follow, max-snippet:-1, max-image-preview:large, max-video-preview:-1\" \/>\n<link rel=\"canonical\" href=\"https:\/\/www.trading-ideen.de\/wordpress\/seminar-druckwelle\/\" \/>\n<meta name=\"twitter:label1\" content=\"Gesch\u00e4tzte Lesezeit\" \/>\n\t<meta name=\"twitter:data1\" content=\"2\u00a0Minuten\" \/>\n<script type=\"application\/ld+json\" class=\"yoast-schema-graph\">{\"@context\":\"https:\\\/\\\/schema.org\",\"@graph\":[{\"@type\":\"WebPage\",\"@id\":\"https:\\\/\\\/www.trading-ideen.de\\\/wordpress\\\/seminar-druckwelle\\\/\",\"url\":\"https:\\\/\\\/www.trading-ideen.de\\\/wordpress\\\/seminar-druckwelle\\\/\",\"name\":\"Seminar-Druckwelle - Trading-Ideen.de\",\"isPartOf\":{\"@id\":\"https:\\\/\\\/www.trading-ideen.de\\\/wordpress\\\/#website\"},\"primaryImageOfPage\":{\"@id\":\"https:\\\/\\\/www.trading-ideen.de\\\/wordpress\\\/seminar-druckwelle\\\/#primaryimage\"},\"image\":{\"@id\":\"https:\\\/\\\/www.trading-ideen.de\\\/wordpress\\\/seminar-druckwelle\\\/#primaryimage\"},\"thumbnailUrl\":\"https:\\\/\\\/www.trading-ideen.de\\\/wordpress\\\/wp-content\\\/uploads\\\/2020\\\/02\\\/DW-Kapitalkurve20000-ab2005-Nr1.png\",\"datePublished\":\"2020-02-24T10:25:28+00:00\",\"dateModified\":\"2020-03-03T13:07:19+00:00\",\"description\":\"Trading mit der Druckwelle: Lernen Sie eines der robustesten Handelssysteme kennen. Jetzt, mit profitabler Handelslogik an der B\u00f6rse Geld verdienen.\",\"breadcrumb\":{\"@id\":\"https:\\\/\\\/www.trading-ideen.de\\\/wordpress\\\/seminar-druckwelle\\\/#breadcrumb\"},\"inLanguage\":\"de\",\"potentialAction\":[{\"@type\":\"ReadAction\",\"target\":[\"https:\\\/\\\/www.trading-ideen.de\\\/wordpress\\\/seminar-druckwelle\\\/\"]}]},{\"@type\":\"ImageObject\",\"inLanguage\":\"de\",\"@id\":\"https:\\\/\\\/www.trading-ideen.de\\\/wordpress\\\/seminar-druckwelle\\\/#primaryimage\",\"url\":\"https:\\\/\\\/www.trading-ideen.de\\\/wordpress\\\/wp-content\\\/uploads\\\/2020\\\/02\\\/DW-Kapitalkurve20000-ab2005-Nr1.png\",\"contentUrl\":\"https:\\\/\\\/www.trading-ideen.de\\\/wordpress\\\/wp-content\\\/uploads\\\/2020\\\/02\\\/DW-Kapitalkurve20000-ab2005-Nr1.png\",\"width\":1347,\"height\":868,\"caption\":\"Kapitalkurve Druckwelle\"},{\"@type\":\"BreadcrumbList\",\"@id\":\"https:\\\/\\\/www.trading-ideen.de\\\/wordpress\\\/seminar-druckwelle\\\/#breadcrumb\",\"itemListElement\":[{\"@type\":\"ListItem\",\"position\":1,\"name\":\"Home\",\"item\":\"https:\\\/\\\/www.trading-ideen.de\\\/wordpress\\\/\"},{\"@type\":\"ListItem\",\"position\":2,\"name\":\"Seminar-Druckwelle\"}]},{\"@type\":\"WebSite\",\"@id\":\"https:\\\/\\\/www.trading-ideen.de\\\/wordpress\\\/#website\",\"url\":\"https:\\\/\\\/www.trading-ideen.de\\\/wordpress\\\/\",\"name\":\"Trading-Ideen.de\",\"description\":\"Tipps und Gedanken zur B\u00f6rse\",\"potentialAction\":[{\"@type\":\"SearchAction\",\"target\":{\"@type\":\"EntryPoint\",\"urlTemplate\":\"https:\\\/\\\/www.trading-ideen.de\\\/wordpress\\\/?s={search_term_string}\"},\"query-input\":{\"@type\":\"PropertyValueSpecification\",\"valueRequired\":true,\"valueName\":\"search_term_string\"}}],\"inLanguage\":\"de\"}]}<\/script>\n<!-- \/ Yoast SEO plugin. -->","yoast_head_json":{"title":"Seminar-Druckwelle - Trading-Ideen.de","description":"Trading mit der Druckwelle: Lernen Sie eines der robustesten Handelssysteme kennen. Jetzt, mit profitabler Handelslogik an der B\u00f6rse Geld verdienen.","robots":{"index":"index","follow":"follow","max-snippet":"max-snippet:-1","max-image-preview":"max-image-preview:large","max-video-preview":"max-video-preview:-1"},"canonical":"https:\/\/www.trading-ideen.de\/wordpress\/seminar-druckwelle\/","twitter_misc":{"Gesch\u00e4tzte Lesezeit":"2\u00a0Minuten"},"schema":{"@context":"https:\/\/schema.org","@graph":[{"@type":"WebPage","@id":"https:\/\/www.trading-ideen.de\/wordpress\/seminar-druckwelle\/","url":"https:\/\/www.trading-ideen.de\/wordpress\/seminar-druckwelle\/","name":"Seminar-Druckwelle - Trading-Ideen.de","isPartOf":{"@id":"https:\/\/www.trading-ideen.de\/wordpress\/#website"},"primaryImageOfPage":{"@id":"https:\/\/www.trading-ideen.de\/wordpress\/seminar-druckwelle\/#primaryimage"},"image":{"@id":"https:\/\/www.trading-ideen.de\/wordpress\/seminar-druckwelle\/#primaryimage"},"thumbnailUrl":"https:\/\/www.trading-ideen.de\/wordpress\/wp-content\/uploads\/2020\/02\/DW-Kapitalkurve20000-ab2005-Nr1.png","datePublished":"2020-02-24T10:25:28+00:00","dateModified":"2020-03-03T13:07:19+00:00","description":"Trading mit der Druckwelle: Lernen Sie eines der robustesten Handelssysteme kennen. Jetzt, mit profitabler Handelslogik an der B\u00f6rse Geld verdienen.","breadcrumb":{"@id":"https:\/\/www.trading-ideen.de\/wordpress\/seminar-druckwelle\/#breadcrumb"},"inLanguage":"de","potentialAction":[{"@type":"ReadAction","target":["https:\/\/www.trading-ideen.de\/wordpress\/seminar-druckwelle\/"]}]},{"@type":"ImageObject","inLanguage":"de","@id":"https:\/\/www.trading-ideen.de\/wordpress\/seminar-druckwelle\/#primaryimage","url":"https:\/\/www.trading-ideen.de\/wordpress\/wp-content\/uploads\/2020\/02\/DW-Kapitalkurve20000-ab2005-Nr1.png","contentUrl":"https:\/\/www.trading-ideen.de\/wordpress\/wp-content\/uploads\/2020\/02\/DW-Kapitalkurve20000-ab2005-Nr1.png","width":1347,"height":868,"caption":"Kapitalkurve Druckwelle"},{"@type":"BreadcrumbList","@id":"https:\/\/www.trading-ideen.de\/wordpress\/seminar-druckwelle\/#breadcrumb","itemListElement":[{"@type":"ListItem","position":1,"name":"Home","item":"https:\/\/www.trading-ideen.de\/wordpress\/"},{"@type":"ListItem","position":2,"name":"Seminar-Druckwelle"}]},{"@type":"WebSite","@id":"https:\/\/www.trading-ideen.de\/wordpress\/#website","url":"https:\/\/www.trading-ideen.de\/wordpress\/","name":"Trading-Ideen.de","description":"Tipps und Gedanken zur B\u00f6rse","potentialAction":[{"@type":"SearchAction","target":{"@type":"EntryPoint","urlTemplate":"https:\/\/www.trading-ideen.de\/wordpress\/?s={search_term_string}"},"query-input":{"@type":"PropertyValueSpecification","valueRequired":true,"valueName":"search_term_string"}}],"inLanguage":"de"}]}},"_links":{"self":[{"href":"https:\/\/www.trading-ideen.de\/wordpress\/wp-json\/wp\/v2\/pages\/9589","targetHints":{"allow":["GET"]}}],"collection":[{"href":"https:\/\/www.trading-ideen.de\/wordpress\/wp-json\/wp\/v2\/pages"}],"about":[{"href":"https:\/\/www.trading-ideen.de\/wordpress\/wp-json\/wp\/v2\/types\/page"}],"author":[{"embeddable":true,"href":"https:\/\/www.trading-ideen.de\/wordpress\/wp-json\/wp\/v2\/users\/1"}],"replies":[{"embeddable":true,"href":"https:\/\/www.trading-ideen.de\/wordpress\/wp-json\/wp\/v2\/comments?post=9589"}],"version-history":[{"count":12,"href":"https:\/\/www.trading-ideen.de\/wordpress\/wp-json\/wp\/v2\/pages\/9589\/revisions"}],"predecessor-version":[{"id":9672,"href":"https:\/\/www.trading-ideen.de\/wordpress\/wp-json\/wp\/v2\/pages\/9589\/revisions\/9672"}],"wp:featuredmedia":[{"embeddable":true,"href":"https:\/\/www.trading-ideen.de\/wordpress\/wp-json\/wp\/v2\/media\/9602"}],"wp:attachment":[{"href":"https:\/\/www.trading-ideen.de\/wordpress\/wp-json\/wp\/v2\/media?parent=9589"}],"curies":[{"name":"wp","href":"https:\/\/api.w.org\/{rel}","templated":true}]}}